{"id":21558,"date":"2018-11-17T09:42:40","date_gmt":"2018-11-17T09:42:40","guid":{"rendered":"http:\/\/hairbsg.wpengine.com\/?page_id=21558"},"modified":"2026-03-25T18:45:19","modified_gmt":"2026-03-25T18:45:19","slug":"btc-for-hair-restoration","status":"publish","type":"page","link":"https:\/\/barbersurgeonsguild.com\/es\/btc-for-hair-restoration\/","title":{"rendered":"BTC For Hair Restoration"},"content":{"rendered":"<div class=\"wpb-content-wrapper\"><div class=\"vc_row wpb_row section vc_row-fluid\" style='background-color:#ffffff; padding-top:60px; padding-bottom:60px; text-align:left;'><div class=\"full_section_inner clearfix\"><div class=\"wpb_column vc_column_container vc_col-sm-12\"><div class=\"vc_column-inner\"><div class=\"wpb_wrapper\"><div     class=\"vc_row wpb_row vc_inner section vc_row-fluid grid_section\" style=' padding-top:0px; padding-bottom:0px; text-align:left;'><div class=\"section_inner clearfix\"><div class='section_inner_margin clearfix'><div class=\"wpb_column vc_column_container vc_col-sm-2\"><div class=\"vc_column-inner\"><div class=\"wpb_wrapper\">\n\t<div class=\"wpb_single_image wpb_content_element vc_align_center   desktop-element\">\n\t\t<div class=\"wpb_wrapper\">\n\t\t\t\n\t\t\t<div class=\"vc_single_image-wrapper   vc_box_border_grey\"><img loading=\"lazy\" decoding=\"async\" width=\"228\" height=\"300\" src=\"https:\/\/barbersurgeonsguild.com\/wp-content\/uploads\/2021\/10\/bitcoin-emblem-228x300.png\" class=\"vc_single_image-img attachment-medium\" alt=\"Bitcoin\" title=\"Bitcoin\" srcset=\"https:\/\/barbersurgeonsguild.com\/wp-content\/uploads\/2021\/10\/bitcoin-emblem-228x300.png 228w, https:\/\/barbersurgeonsguild.com\/wp-content\/uploads\/2021\/10\/bitcoin-emblem-360x473.png 360w, https:\/\/barbersurgeonsguild.com\/wp-content\/uploads\/2021\/10\/bitcoin-emblem-250x329.png 250w, https:\/\/barbersurgeonsguild.com\/wp-content\/uploads\/2021\/10\/bitcoin-emblem-500x658.png 500w, https:\/\/barbersurgeonsguild.com\/wp-content\/uploads\/2021\/10\/bitcoin-emblem.png 600w\" sizes=\"auto, (max-width: 228px) 100vw, 228px\" \/><\/div>\n\t\t<\/div>\n\t<\/div>\n\n\t<div class=\"wpb_raw_code wpb_raw_html wpb_content_element\" >\n\t\t<div class=\"wpb_wrapper\">\n\t\t\t<img decoding=\"async\" class=\"mobile-element\" src=\"\/wp-content\/uploads\/2021\/10\/bitcoin-emblem.png\" alt=\"Bitcoin For Hair Restoration\" width=\"30%\" height=\"auto\">\n\t\t<\/div>\n\t<\/div>\n<div class=\"vc_empty_space  mobile-element\"   style=\"height: 40px\"><span class=\"vc_empty_space_inner\"><\/span><\/div><\/div><\/div><\/div><div class=\"wpb_column vc_column_container vc_col-sm-10\"><div class=\"vc_column-inner\"><div class=\"wpb_wrapper\">\n\t<div class=\"wpb_text_column wpb_content_element\">\n\t\t<div class=\"wpb_wrapper\">\n\t\t\t<h1 style=\"font-size: 2.4em; text-align: left; font-family: georgia, serif; letter-spacing: 0px;\">Bitcoin para procedimientos de restauraci\u00f3n capilar<\/h1>\n\n\t\t<\/div> \n\t<\/div> <div class=\"vc_empty_space\"   style=\"height: 20px\"><span class=\"vc_empty_space_inner\"><\/span><\/div>\n\t<div class=\"wpb_text_column wpb_content_element\">\n\t\t<div class=\"wpb_wrapper\">\n\t\t\t<p style=\"text-align: left;\" class=\"translation-block\">Barber Surgeons Guild<sup>\u00ae<\/sup> se enorgullece de anunciar que es una de las primeras empresas de peluquer\u00eda masculina en aceptar Bitcoin (BTC) para la regeneraci\u00f3n rob\u00f3tica avanzada del cabello. Es posible que haya o\u00eddo la expresi\u00f3n \"Bitcoin\" antes, pero a menos que sea un gur\u00fa financiero, es posible que no conozca los entresijos de Bitcoin. He aqu\u00ed un breve resumen:<\/p>\n<p>&nbsp;<\/p>\n<p style=\"text-align: left;\"><span style=\"font-weight: 400;\">Bitcoin es una criptodivisa. Generalmente, las criptodivisas operan independientemente de los bancos centralizados. As\u00ed que Bitcoin puede utilizarse m\u00e1s f\u00e1cilmente de igual a igual, en lugar de tener que pasar por una instituci\u00f3n intermediaria. Nos gusta porque simplifica el pago.<\/span><\/p>\n<p>&nbsp;<\/p>\n<p style=\"text-align: left;\"><span style=\"font-weight: 400;\">Tambi\u00e9n nos gusta porque, despu\u00e9s de recibir muchas peticiones de nuestros pacientes, seguimos su consejo y establecimos un sistema para aceptar Bitcoin como m\u00e9todo de pago. Todav\u00eda aceptamos con gusto efectivo, d\u00e9bito, cr\u00e9dito y cheques, pero esto significa esencialmente que ahora puede elegir pagar con BTC en BSG. Tal vez porque estamos en California, nos encanta abrazar los avances en la tecnolog\u00eda que ocurre a nuestro alrededor, y vemos esto como una oportunidad para servir a nuestros pacientes a\u00fan mejor.<\/span><\/p>\n<p>&nbsp;<\/p>\n<p style=\"text-align: left;\"><span style=\"font-weight: 400;\">Al mismo tiempo, tambi\u00e9n somos conscientes de que no todo el mundo vive en California. As\u00ed que, adem\u00e1s de aceptar Bitcoin, tambi\u00e9n queremos hacer esta oferta a nuestros clientes: <br><br>\n\nCualquiera que viva fuera de California o Nueva York, y le gustar\u00eda viajar para su procedimiento, aceptaremos su BTC, pero tambi\u00e9n le ofreceremos video consultas y cr\u00e9ditos de viaje. De esta manera, podemos ayudarle a compensar el gasto de salir de su casa en primer lugar. El motivo de este anuncio es hacer que nuestros servicios sean m\u00e1s c\u00f3modos para nuestros pacientes. Queremos que pueda pagar con el m\u00e9todo que prefiera y desplazarse para vernos cuando quiera.<\/span><\/p>\n<p>&nbsp;<\/p>\n<p style=\"text-align: left;\" class=\"translation-block\">Est\u00e1 interesado en saber m\u00e1s sobre Barber Surgeons Guild<sup>\u00ae<\/sup>? P\u00f3ngase en contacto con nosotros y pregunte c\u00f3mo puede pagar su restauraci\u00f3n capilar rob\u00f3tica con el sistema ARTAS<sup>\u00ae<\/sup> en Bitcoin (BTC). Sabremos exactamente de qu\u00e9 est\u00e1 hablando y haremos todo lo posible para responder a su pregunta y mantenerle satisfecho con nuestros servicios.<\/p>\n\n\t\t<\/div> \n\t<\/div> <div class=\"vc_empty_space\"   style=\"height: 25px\"><span class=\"vc_empty_space_inner\"><\/span><\/div>\n\t<div class=\"wpb_raw_code wpb_raw_html wpb_content_element\" >\n\t\t<div class=\"wpb_wrapper\">\n\t\t\t<form action=\"https:\/\/bitpay.com\/checkout\" method=\"post\" target=\"_blank\">\n  <input type=\"hidden\" name=\"action\" value=\"checkout\" \/>\n  <input type=\"hidden\" name=\"posData\" value=\"\" \/>\n  <input type=\"hidden\" name=\"notificationType\" value=\"json\" \/>\n  <input type=\"hidden\" name=\"data\" value=\"hK0AVa4HXKiPiBdM50WFqKQ3CW3rY+bWmxf8Vq6oOY2QPJ3Z8+t9d0YigkW1+AfZpAuDyeNtju+zUTTu2JJV07YhyRqyuwM7O08zeA9n058kHbdu1bLPaBl46z\/jrFzNLPFSe6CjfHfolaRBDSNLqw==\" \/>\n  <input type=\"image\" src=\"https:\/\/bitpay.com\/cdn\/en_US\/bp-btn-pay-currencies.svg\" name=\"submit\" style=\"width: 168px\" alt=\"BitPay, the easy way to pay with bitcoins.\">\n<\/form>\n\t\t<\/div>\n\t<\/div>\n<div class=\"vc_empty_space  desktop-element\"   style=\"height: 60px\"><span class=\"vc_empty_space_inner\"><\/span><\/div><\/div><\/div><\/div><\/div><\/div><\/div><\/div><\/div><\/div><\/div><\/div><div     class=\"vc_row wpb_row section vc_row-fluid vc_custom_1602359782181 grid_section\" style='background-color:#000000; padding-top:47pxpx; padding-bottom:47pxpx; text-align:center;'><div class=\"section_inner clearfix\"><div class='section_inner_margin clearfix'><div class=\"wpb_column vc_column_container vc_col-sm-8\"><div class=\"vc_column-inner\"><div class=\"wpb_wrapper\"><div class=\"vc_empty_space  desktop-element\"   style=\"height: 10px\"><span class=\"vc_empty_space_inner\"><\/span><\/div>\n\t<div class=\"wpb_text_column wpb_content_element\">\n\t\t<div class=\"wpb_wrapper\">\n\t\t\t<h2 class=\"center-mobile\" style=\"color: #ffffff; letter-spacing: 0.2em; font-size: 18px; line-height: 1.4em; text-align: left;\">PROGRAME SU CONSULTA PARA OBTENER M\u00c1S INFORMACI\u00d3N<\/h2>\n\n\t\t<\/div> \n\t<\/div> <div class=\"vc_empty_space  mobile-element\"   style=\"height: 20px\"><span class=\"vc_empty_space_inner\"><\/span><\/div><\/div><\/div><\/div><div class=\"wpb_column vc_column_container vc_col-sm-4\"><div class=\"vc_column-inner\"><div class=\"wpb_wrapper\"><a href=\"\/es\/book-now\/\" target=\"_self\" data-hover-background-color=\"#95a31a\" data-hover-border-color=\"#ffffff\" data-hover-color=\"#ffffff\"  class=\"qbutton  small\" style=\"color: #ffffff; border-color: #ffffff; background-color: #000000;\">Reservar<\/a><\/div><\/div><\/div><\/div><\/div><\/div>\n<\/div>","protected":false},"excerpt":{"rendered":"Bitcoin For Hair Restoration Procedures Barber Surgeons Guild\u00ae is proud to announce that it is among the first men's grooming companies to accept Bitcoin (BTC) for advanced robotic hair regeneration. You may have heard the phrase \"Bitcoin\" before, but unless you're a financial guru, you...","protected":false},"author":40,"featured_media":0,"parent":0,"menu_order":0,"comment_status":"closed","ping_status":"closed","template":"full_width.php","meta":{"footnotes":""},"class_list":["post-21558","page","type-page","status-publish","hentry"],"yoast_head":"<!-- This site is optimized with the Yoast SEO plugin v27.4 - https:\/\/yoast.com\/product\/yoast-seo-wordpress\/ -->\n<title>BTC For Hair Restoration - Barber Surgeons Guild\u00ae<\/title>\n<meta name=\"description\" content=\"Barber Surgeons Guild accepts Bitcoin (BTC) for hair restoration, and offers video consultations and travel credits to customers outside of LA and NY.\" \/>\n<meta name=\"robots\" content=\"index, follow, max-snippet:-1, max-image-preview:large, max-video-preview:-1\" \/>\n<link rel=\"canonical\" href=\"https:\/\/barbersurgeonsguild.com\/es\/btc-for-hair-restoration\/\" \/>\n<meta property=\"og:locale\" content=\"es_MX\" \/>\n<meta property=\"og:type\" content=\"article\" \/>\n<meta property=\"og:title\" content=\"BTC For Hair Restoration - Barber Surgeons Guild\u00ae\" \/>\n<meta property=\"og:description\" content=\"Barber Surgeons Guild accepts Bitcoin (BTC) for hair restoration, and offers video consultations and travel credits to customers outside of LA and NY.\" \/>\n<meta property=\"og:url\" content=\"https:\/\/barbersurgeonsguild.com\/es\/btc-for-hair-restoration\/\" \/>\n<meta property=\"og:site_name\" content=\"Barber Surgeons Guild\u00ae\" \/>\n<meta property=\"article:modified_time\" content=\"2026-03-25T18:45:19+00:00\" \/>\n<meta property=\"og:image\" content=\"https:\/\/barbersurgeonsguild.com\/wp-content\/uploads\/2021\/10\/barbersurgeonsguild-artas-after-strip.jpg\" \/>\n\t<meta property=\"og:image:width\" content=\"660\" \/>\n\t<meta property=\"og:image:height\" content=\"400\" \/>\n\t<meta property=\"og:image:type\" content=\"image\/jpeg\" \/>\n<meta name=\"twitter:card\" content=\"summary_large_image\" \/>\n<meta name=\"twitter:label1\" content=\"Tiempo de lectura\" \/>\n\t<meta name=\"twitter:data1\" content=\"3 minutos\" \/>\n<script type=\"application\/ld+json\" class=\"yoast-schema-graph\">{\"@context\":\"https:\\\/\\\/schema.org\",\"@graph\":[{\"@type\":\"WebPage\",\"@id\":\"https:\\\/\\\/barbersurgeonsguild.com\\\/btc-for-hair-restoration\\\/\",\"url\":\"https:\\\/\\\/barbersurgeonsguild.com\\\/btc-for-hair-restoration\\\/\",\"name\":\"BTC For Hair Restoration - Barber Surgeons Guild\u00ae\",\"isPartOf\":{\"@id\":\"https:\\\/\\\/barbersurgeonsguild.com\\\/#website\"},\"datePublished\":\"2018-11-17T09:42:40+00:00\",\"dateModified\":\"2026-03-25T18:45:19+00:00\",\"description\":\"Barber Surgeons Guild accepts Bitcoin (BTC) for hair restoration, and offers video consultations and travel credits to customers outside of LA and NY.\",\"breadcrumb\":{\"@id\":\"https:\\\/\\\/barbersurgeonsguild.com\\\/btc-for-hair-restoration\\\/#breadcrumb\"},\"inLanguage\":\"es-MX\",\"potentialAction\":[{\"@type\":\"ReadAction\",\"target\":[\"https:\\\/\\\/barbersurgeonsguild.com\\\/btc-for-hair-restoration\\\/\"]}]},{\"@type\":\"BreadcrumbList\",\"@id\":\"https:\\\/\\\/barbersurgeonsguild.com\\\/btc-for-hair-restoration\\\/#breadcrumb\",\"itemListElement\":[{\"@type\":\"ListItem\",\"position\":1,\"name\":\"Home\",\"item\":\"https:\\\/\\\/barbersurgeonsguild.com\\\/\"},{\"@type\":\"ListItem\",\"position\":2,\"name\":\"BTC For Hair Restoration\"}]},{\"@type\":\"WebSite\",\"@id\":\"https:\\\/\\\/barbersurgeonsguild.com\\\/#website\",\"url\":\"https:\\\/\\\/barbersurgeonsguild.com\\\/\",\"name\":\"Barber Surgeons Guild\u00ae\",\"description\":\"Grooming Redefined | West Hollywood, CA &amp; New York, NY\",\"publisher\":{\"@id\":\"https:\\\/\\\/barbersurgeonsguild.com\\\/#organization\"},\"potentialAction\":[{\"@type\":\"SearchAction\",\"target\":{\"@type\":\"EntryPoint\",\"urlTemplate\":\"https:\\\/\\\/barbersurgeonsguild.com\\\/?s={search_term_string}\"},\"query-input\":{\"@type\":\"PropertyValueSpecification\",\"valueRequired\":true,\"valueName\":\"search_term_string\"}}],\"inLanguage\":\"es-MX\"},{\"@type\":\"Organization\",\"@id\":\"https:\\\/\\\/barbersurgeonsguild.com\\\/#organization\",\"name\":\"Barber Surgeons Guild\u00ae\",\"url\":\"https:\\\/\\\/barbersurgeonsguild.com\\\/\",\"logo\":{\"@type\":\"ImageObject\",\"inLanguage\":\"es-MX\",\"@id\":\"https:\\\/\\\/barbersurgeonsguild.com\\\/#\\\/schema\\\/logo\\\/image\\\/\",\"url\":\"https:\\\/\\\/barbersurgeonsguild.com\\\/wp-content\\\/uploads\\\/2022\\\/07\\\/barbersurgeonsguild-logo@3x.png\",\"contentUrl\":\"https:\\\/\\\/barbersurgeonsguild.com\\\/wp-content\\\/uploads\\\/2022\\\/07\\\/barbersurgeonsguild-logo@3x.png\",\"width\":500,\"height\":300,\"caption\":\"Barber Surgeons Guild\u00ae\"},\"image\":{\"@id\":\"https:\\\/\\\/barbersurgeonsguild.com\\\/#\\\/schema\\\/logo\\\/image\\\/\"}}]}<\/script>\n<!-- \/ Yoast SEO plugin. -->","yoast_head_json":{"title":"BTC For Hair Restoration - Barber Surgeons Guild\u00ae","description":"Barber Surgeons Guild accepts Bitcoin (BTC) for hair restoration, and offers video consultations and travel credits to customers outside of LA and NY.","robots":{"index":"index","follow":"follow","max-snippet":"max-snippet:-1","max-image-preview":"max-image-preview:large","max-video-preview":"max-video-preview:-1"},"canonical":"https:\/\/barbersurgeonsguild.com\/es\/btc-for-hair-restoration\/","og_locale":"es_MX","og_type":"article","og_title":"BTC For Hair Restoration - Barber Surgeons Guild\u00ae","og_description":"Barber Surgeons Guild accepts Bitcoin (BTC) for hair restoration, and offers video consultations and travel credits to customers outside of LA and NY.","og_url":"https:\/\/barbersurgeonsguild.com\/es\/btc-for-hair-restoration\/","og_site_name":"Barber Surgeons Guild\u00ae","article_modified_time":"2026-03-25T18:45:19+00:00","og_image":[{"width":660,"height":400,"url":"https:\/\/barbersurgeonsguild.com\/wp-content\/uploads\/2021\/10\/barbersurgeonsguild-artas-after-strip.jpg","type":"image\/jpeg"}],"twitter_card":"summary_large_image","twitter_misc":{"Tiempo de lectura":"3 minutos"},"schema":{"@context":"https:\/\/schema.org","@graph":[{"@type":"WebPage","@id":"https:\/\/barbersurgeonsguild.com\/btc-for-hair-restoration\/","url":"https:\/\/barbersurgeonsguild.com\/btc-for-hair-restoration\/","name":"BTC For Hair Restoration - Barber Surgeons Guild\u00ae","isPartOf":{"@id":"https:\/\/barbersurgeonsguild.com\/#website"},"datePublished":"2018-11-17T09:42:40+00:00","dateModified":"2026-03-25T18:45:19+00:00","description":"Barber Surgeons Guild accepts Bitcoin (BTC) for hair restoration, and offers video consultations and travel credits to customers outside of LA and NY.","breadcrumb":{"@id":"https:\/\/barbersurgeonsguild.com\/btc-for-hair-restoration\/#breadcrumb"},"inLanguage":"es-MX","potentialAction":[{"@type":"ReadAction","target":["https:\/\/barbersurgeonsguild.com\/btc-for-hair-restoration\/"]}]},{"@type":"BreadcrumbList","@id":"https:\/\/barbersurgeonsguild.com\/btc-for-hair-restoration\/#breadcrumb","itemListElement":[{"@type":"ListItem","position":1,"name":"Home","item":"https:\/\/barbersurgeonsguild.com\/"},{"@type":"ListItem","position":2,"name":"BTC For Hair Restoration"}]},{"@type":"WebSite","@id":"https:\/\/barbersurgeonsguild.com\/#website","url":"https:\/\/barbersurgeonsguild.com\/","name":"Barber Surgeons Guild\u00ae","description":"Grooming Redefined | West Hollywood, CA &amp; New York, NY","publisher":{"@id":"https:\/\/barbersurgeonsguild.com\/#organization"},"potentialAction":[{"@type":"SearchAction","target":{"@type":"EntryPoint","urlTemplate":"https:\/\/barbersurgeonsguild.com\/?s={search_term_string}"},"query-input":{"@type":"PropertyValueSpecification","valueRequired":true,"valueName":"search_term_string"}}],"inLanguage":"es-MX"},{"@type":"Organization","@id":"https:\/\/barbersurgeonsguild.com\/#organization","name":"Barber Surgeons Guild\u00ae","url":"https:\/\/barbersurgeonsguild.com\/","logo":{"@type":"ImageObject","inLanguage":"es-MX","@id":"https:\/\/barbersurgeonsguild.com\/#\/schema\/logo\/image\/","url":"https:\/\/barbersurgeonsguild.com\/wp-content\/uploads\/2022\/07\/barbersurgeonsguild-logo@3x.png","contentUrl":"https:\/\/barbersurgeonsguild.com\/wp-content\/uploads\/2022\/07\/barbersurgeonsguild-logo@3x.png","width":500,"height":300,"caption":"Barber Surgeons Guild\u00ae"},"image":{"@id":"https:\/\/barbersurgeonsguild.com\/#\/schema\/logo\/image\/"}}]}},"_links":{"self":[{"href":"https:\/\/barbersurgeonsguild.com\/es\/wp-json\/wp\/v2\/pages\/21558","targetHints":{"allow":["GET"]}}],"collection":[{"href":"https:\/\/barbersurgeonsguild.com\/es\/wp-json\/wp\/v2\/pages"}],"about":[{"href":"https:\/\/barbersurgeonsguild.com\/es\/wp-json\/wp\/v2\/types\/page"}],"author":[{"embeddable":true,"href":"https:\/\/barbersurgeonsguild.com\/es\/wp-json\/wp\/v2\/users\/40"}],"replies":[{"embeddable":true,"href":"https:\/\/barbersurgeonsguild.com\/es\/wp-json\/wp\/v2\/comments?post=21558"}],"version-history":[{"count":0,"href":"https:\/\/barbersurgeonsguild.com\/es\/wp-json\/wp\/v2\/pages\/21558\/revisions"}],"wp:attachment":[{"href":"https:\/\/barbersurgeonsguild.com\/es\/wp-json\/wp\/v2\/media?parent=21558"}],"curies":[{"name":"wp","href":"https:\/\/api.w.org\/{rel}","templated":true}]}}