{"id":22782,"date":"2020-05-13T19:56:40","date_gmt":"2020-05-13T19:56:40","guid":{"rendered":"https:\/\/bsgsite.wpengine.com\/?page_id=22782"},"modified":"2026-03-24T19:43:15","modified_gmt":"2026-03-24T19:43:15","slug":"weho-los-angeles-outpost","status":"publish","type":"page","link":"https:\/\/barbersurgeonsguild.com\/es\/weho-los-angeles-outpost\/","title":{"rendered":"Hair Restoration, West Hollywood, Los Angeles Outpost"},"content":{"rendered":"<div class=\"wpb-content-wrapper\"><div class=\"vc_row wpb_row section vc_row-fluid page-title-f vc_custom_1588730098279\" style=' padding-top:0px; padding-bottom:0px; text-align:left;'><div class=\"full_section_inner clearfix\"><div class=\"wpb_column vc_column_container vc_col-sm-12\"><div class=\"vc_column-inner\"><div class=\"wpb_wrapper\">\n\t<div class=\"wpb_text_column wpb_content_element\">\n\t\t<div class=\"wpb_wrapper\">\n\t\t\t<h1 class=\"page-header\" style=\"text-align: center; font-size: 2.4em;\">Hollywood Oeste<\/h1>\n\n\t\t<\/div> \n\t<\/div> <div class=\"separator  transparent\" style=\"margin-top:1px\"><\/div>\n\n\t<div class=\"wpb_text_column wpb_content_element\">\n\t\t<div class=\"wpb_wrapper\">\n\t\t\t<p style=\"text-align: center; color: #3b3c36; font-style: italic; padding: 0 1%; font-size: 1.2em;\">Los \u00c1ngeles<\/p>\n\n\t\t<\/div> \n\t<\/div> <\/div><\/div><\/div><\/div><\/div><div     class=\"vc_row wpb_row section vc_row-fluid\" style='background-color:#ffffff; padding-top:0px; padding-bottom:0px; text-align:center;'><div class=\"full_section_inner clearfix\"><div class=\"wpb_column vc_column_container vc_col-sm-12\"><div class=\"vc_column-inner vc_custom_1588815907539\"><div class=\"wpb_wrapper\"><div     class=\"vc_row wpb_row vc_inner section vc_row-fluid light-text grid_section\" style=' padding-top:0px; padding-bottom:0px; text-align:center;'><div class=\"section_inner clearfix\"><div class='section_inner_margin clearfix'><div class=\"wpb_column vc_column_container vc_col-sm-12\"><div class=\"vc_column-inner\"><div class=\"wpb_wrapper\">\n\t<div class=\"wpb_single_image wpb_content_element vc_align_center\">\n\t\t<div class=\"wpb_wrapper\">\n\t\t\t\n\t\t\t<div class=\"vc_single_image-wrapper   vc_box_border_grey\"><img loading=\"lazy\" decoding=\"async\" width=\"1080\" height=\"721\" src=\"https:\/\/barbersurgeonsguild.com\/wp-content\/uploads\/2020\/07\/barbersurgeonsguild-la-outpost-collage@2x.jpg\" class=\"vc_single_image-img attachment-full\" alt=\"Los Angeles Outpost\" title=\"Los \u00c1ngeles\" srcset=\"https:\/\/barbersurgeonsguild.com\/wp-content\/uploads\/2020\/07\/barbersurgeonsguild-la-outpost-collage@2x.jpg 1080w, https:\/\/barbersurgeonsguild.com\/wp-content\/uploads\/2020\/07\/barbersurgeonsguild-la-outpost-collage@2x-300x200.jpg 300w, https:\/\/barbersurgeonsguild.com\/wp-content\/uploads\/2020\/07\/barbersurgeonsguild-la-outpost-collage@2x-1024x684.jpg 1024w, https:\/\/barbersurgeonsguild.com\/wp-content\/uploads\/2020\/07\/barbersurgeonsguild-la-outpost-collage@2x-768x513.jpg 768w, https:\/\/barbersurgeonsguild.com\/wp-content\/uploads\/2020\/07\/barbersurgeonsguild-la-outpost-collage@2x-360x240.jpg 360w, https:\/\/barbersurgeonsguild.com\/wp-content\/uploads\/2020\/07\/barbersurgeonsguild-la-outpost-collage@2x-720x481.jpg 720w, https:\/\/barbersurgeonsguild.com\/wp-content\/uploads\/2020\/07\/barbersurgeonsguild-la-outpost-collage@2x-250x167.jpg 250w, https:\/\/barbersurgeonsguild.com\/wp-content\/uploads\/2020\/07\/barbersurgeonsguild-la-outpost-collage@2x-500x334.jpg 500w, https:\/\/barbersurgeonsguild.com\/wp-content\/uploads\/2020\/07\/barbersurgeonsguild-la-outpost-collage@2x-700x467.jpg 700w\" sizes=\"auto, (max-width: 1080px) 100vw, 1080px\" \/><\/div>\n\t\t<\/div>\n\t<\/div>\n<\/div><\/div><\/div><\/div><\/div><\/div><div     class=\"vc_row wpb_row vc_inner section vc_row-fluid grid_section\" style=' padding-top:0px; padding-bottom:0px; text-align:center;'><div class=\"section_inner clearfix\"><div class='section_inner_margin clearfix'><div class=\"wpb_column vc_column_container vc_col-sm-2\"><div class=\"vc_column-inner\"><div class=\"wpb_wrapper\"><\/div><\/div><\/div><div class=\"wpb_column vc_column_container vc_col-sm-8\"><div class=\"vc_column-inner\"><div class=\"wpb_wrapper\"><div class=\"separator  transparent\" style=\"margin-top:25px;margin-bottom:0px\"><\/div>\n\n\t<div class=\"wpb_text_column wpb_content_element\">\n\t\t<div class=\"wpb_wrapper\">\n\t\t\t<p style=\"text-align: center; color: #3b3c36; padding: 0 1%;\">El BSG West Hollywood, Los Angeles Outpost insignia es un lugar de vanguardia, proporcionando la mejor peluquer\u00eda y servicios de restauraci\u00f3n. Bajo la direcci\u00f3n del fundador de BSG y Director M\u00e9dico, Justin Rome, MD, el Outpost cuenta con servicios de peluquer\u00eda de lujo y venta al por menor, junto con las terapias m\u00e9dicas m\u00e1s avanzadas tecnol\u00f3gicamente para ayudarle a verse y sentirse mejor.<\/p>\n\n\t\t<\/div> \n\t<\/div> <div class=\"separator  transparent\" style=\"margin-top:40px;margin-bottom:0px\"><\/div>\n<a href=\"\/es\/book-now\/\" target=\"_self\" data-hover-background-color=\"#95a31a\" data-hover-border-color=\"#95a31a\" data-hover-color=\"#ffffff\"  class=\"qbutton  small\" style=\"color: #ffffff; border-color: #000000; font-style: normal; background-color: #000000;\">RESERVAR UNA CONSULTA<\/a><div class=\"vc_empty_space\"   style=\"height: 60px\"><span class=\"vc_empty_space_inner\"><\/span><\/div><\/div><\/div><\/div><div class=\"wpb_column vc_column_container vc_col-sm-2\"><div class=\"vc_column-inner\"><div class=\"wpb_wrapper\"><\/div><\/div><\/div><\/div><\/div><\/div><\/div><\/div><\/div><\/div><\/div><div     class=\"vc_row wpb_row section vc_row-fluid  grid_section\" style='background-color:#ffffff; padding-top:0px; padding-bottom:0px; text-align:center;'><div class=\"section_inner clearfix\"><div class='section_inner_margin clearfix'><div class=\"wpb_column vc_column_container vc_col-sm-12\"><div class=\"vc_column-inner vc_custom_1588825694089\"><div class=\"wpb_wrapper\"><div class=\"separator  full_width\" style=\"border-color: #e0e0e0;border-style: solid\"><\/div>\n<div class=\"vc_empty_space\"   style=\"height: 60px\"><span class=\"vc_empty_space_inner\"><\/span><\/div><div     class=\"vc_row wpb_row vc_inner section vc_row-fluid vc_custom_1588132256202 grid_section\" style='background-color:#ffffff; text-align:center;'><div class=\"section_inner clearfix\"><div class='section_inner_margin clearfix'><div class=\"wpb_column vc_column_container vc_col-sm-6\"><div class=\"vc_column-inner\"><div class=\"wpb_wrapper\">\n\t<div class=\"wpb_text_column wpb_content_element\">\n\t\t<div class=\"wpb_wrapper\">\n\t\t\t<p class=\"section-sub-header\" style=\"text-align: center;\">Puesto avanzado de Los \u00c1ngeles<\/p>\n\n\t\t<\/div> \n\t<\/div> \n\t<div class=\"wpb_text_column wpb_content_element\">\n\t\t<div class=\"wpb_wrapper\">\n\t\t\t<p class=\"service-name\" style=\"text-align: center;\"><strong>HOLLYWOOD OESTE<\/strong><\/p>\n\n\t\t<\/div> \n\t<\/div> <div class=\"separator  transparent\" style=\"margin-top:10px;margin-bottom:0px\"><\/div>\n\n\t<div class=\"wpb_text_column wpb_content_element\">\n\t\t<div class=\"wpb_wrapper\">\n\t\t\t<p style=\"text-align: center; font-size: 1.8em; letter-spacing: 5px; font-family: georgia, serif;\"><strong><a class=\"bsg-hover\" style=\"color: #454545;\" href=\"tel:+13109757094\">(310) 975-7094<\/a><\/strong><\/p>\n\n\t\t<\/div> \n\t<\/div> <div class=\"separator  transparent\" style=\"margin-top:30px;margin-bottom:0px\"><\/div>\n\n\t<div class=\"wpb_text_column wpb_content_element\">\n\t\t<div class=\"wpb_wrapper\">\n\t\t\t<p style=\"text-align: center; color: #222222;\">805 Larrabee St.<br \/>\nLos Angeles,\u00a0 CA<br \/>\n90069<\/p>\n<p>&nbsp;<\/p>\n<p style=\"text-align: center; margin-bottom: 5px; color: #222222;\"><i>Horario de atenci\u00f3n al p\u00fablico<\/i><br \/>\n<b>Restauraci\u00f3n del cabello<\/b><br \/>\nLunes - Viernes 9:00 AM - 5:00 PM<\/p>\n<p>&nbsp;<\/p>\n<p style=\"text-align: center; color: #222222;\"><b>Barber\u00eda<\/b><br \/>\nLunes - S\u00e1bado 10:00 AM - 7:00 PM<br \/>\nDomingo 10:00 - 18:00<\/p>\n\n\t\t<\/div> \n\t<\/div> <div class=\"separator  transparent\" style=\"margin-top:40px;margin-bottom:0px\"><\/div>\n<\/div><\/div><\/div><div class=\"wpb_column vc_column_container vc_col-sm-6\"><div class=\"vc_column-inner\"><div class=\"wpb_wrapper\"><div class=\"wpb_gmaps_widget wpb_content_element location-google-map\"><div class=\"wpb_wrapper\"><div class=\"wpb_map_wraper\"><iframe loading=\"lazy\" src=\"https:\/\/www.google.com\/maps\/embed?pb=!1m18!1m12!1m3!1d3304.3710268286045!2d-118.38585064918665!3d34.08563442332185!2m3!1f0!2f0!3f0!3m2!1i1024!2i768!4f13.1!3m3!1m2!1s0x80c2bea50c4e1c47%3A0xbd0177709a90abf0!2sBarber+Surgeons+Guild!5e0!3m2!1sen!2sus!4v1542843321597\" width=\"400\" height=\"250\" frameborder=\"0\" style=\"border:0\" allowfullscreen><\/iframe><\/div><\/div><\/div><div class=\"separator  transparent\" style=\"margin-top:20px;margin-bottom:0px\"><\/div>\n<a href=\"https:\/\/www.google.com\/maps\/dir\/Current+Location\/805+Larrabee+St,+West+Hollywood,+CA+90069,+USA\" target=\"_blank\" data-hover-background-color=\"#95a31a\" data-hover-border-color=\"#95a31a\" data-hover-color=\"#ffffff\"  class=\"qbutton  small qbutton_with_icon\" style=\"color: #ffffff; border-color: #000000; font-style: normal; background-color: #000000;\">C\u00d3MO LLEGAR<i class=\"button_icon  fa fa-location-arrow\" style=\"\"><\/i><\/a><\/div><\/div><\/div><\/div><\/div><\/div><div class=\"vc_empty_space\"   style=\"height: 80px\"><span class=\"vc_empty_space_inner\"><\/span><\/div><\/div><\/div><\/div><\/div><\/div><\/div>\n<\/div>","protected":false},"excerpt":{"rendered":"West Hollywood, CA Los Angeles Outpost The BSG West Hollywood, Los Angeles Outpost flagship is a state-of-the-art venue, providing the finest hair grooming and restorative services. Under the direction of BSG founder and Chief Medical Officer, Justin Rome, MD, the Outpost features luxury grooming services...","protected":false},"author":40,"featured_media":0,"parent":0,"menu_order":0,"comment_status":"closed","ping_status":"closed","template":"full_width.php","meta":{"footnotes":""},"class_list":["post-22782","page","type-page","status-publish","hentry"],"yoast_head":"<!-- This site is optimized with the Yoast SEO plugin v27.3 - https:\/\/yoast.com\/product\/yoast-seo-wordpress\/ -->\n<title>Hair Restoration, West Hollywood, Los Angeles Outpost - Barber Surgeons Guild\u00ae<\/title>\n<meta name=\"description\" content=\"See photos and learn about Barber Surgeons Guild\u00ae&#039;s West Hollywood, Los Angeles outpost. Book a complimentary consultation.\" \/>\n<meta name=\"robots\" content=\"index, follow, max-snippet:-1, max-image-preview:large, max-video-preview:-1\" \/>\n<link rel=\"canonical\" href=\"https:\/\/barbersurgeonsguild.com\/es\/weho-los-angeles-outpost\/\" \/>\n<meta property=\"og:locale\" content=\"es_MX\" \/>\n<meta property=\"og:type\" content=\"article\" \/>\n<meta property=\"og:title\" content=\"Hair Restoration, West Hollywood, Los Angeles Outpost - Barber Surgeons Guild\u00ae\" \/>\n<meta property=\"og:description\" content=\"See photos and learn about Barber Surgeons Guild\u00ae&#039;s West Hollywood, Los Angeles outpost. Book a complimentary consultation.\" \/>\n<meta property=\"og:url\" content=\"https:\/\/barbersurgeonsguild.com\/es\/weho-los-angeles-outpost\/\" \/>\n<meta property=\"og:site_name\" content=\"Barber Surgeons Guild\u00ae\" \/>\n<meta property=\"article:modified_time\" content=\"2026-03-24T19:43:15+00:00\" \/>\n<meta property=\"og:image\" content=\"https:\/\/barbersurgeonsguild.com\/wp-content\/uploads\/2021\/10\/barbersurgeonsguild-artas-after-strip.jpg\" \/>\n\t<meta property=\"og:image:width\" content=\"660\" \/>\n\t<meta property=\"og:image:height\" content=\"400\" \/>\n\t<meta property=\"og:image:type\" content=\"image\/jpeg\" \/>\n<meta name=\"twitter:card\" content=\"summary_large_image\" \/>\n<meta name=\"twitter:label1\" content=\"Tiempo de lectura\" \/>\n\t<meta name=\"twitter:data1\" content=\"2 minutos\" \/>\n<script type=\"application\/ld+json\" class=\"yoast-schema-graph\">{\"@context\":\"https:\\\/\\\/schema.org\",\"@graph\":[{\"@type\":\"WebPage\",\"@id\":\"https:\\\/\\\/barbersurgeonsguild.com\\\/weho-los-angeles-outpost\\\/\",\"url\":\"https:\\\/\\\/barbersurgeonsguild.com\\\/weho-los-angeles-outpost\\\/\",\"name\":\"Hair Restoration, West Hollywood, Los Angeles Outpost - Barber Surgeons Guild\u00ae\",\"isPartOf\":{\"@id\":\"https:\\\/\\\/barbersurgeonsguild.com\\\/#website\"},\"datePublished\":\"2020-05-13T19:56:40+00:00\",\"dateModified\":\"2026-03-24T19:43:15+00:00\",\"description\":\"See photos and learn about Barber Surgeons Guild\u00ae's West Hollywood, Los Angeles outpost. Book a complimentary consultation.\",\"breadcrumb\":{\"@id\":\"https:\\\/\\\/barbersurgeonsguild.com\\\/weho-los-angeles-outpost\\\/#breadcrumb\"},\"inLanguage\":\"es-MX\",\"potentialAction\":[{\"@type\":\"ReadAction\",\"target\":[\"https:\\\/\\\/barbersurgeonsguild.com\\\/weho-los-angeles-outpost\\\/\"]}]},{\"@type\":\"BreadcrumbList\",\"@id\":\"https:\\\/\\\/barbersurgeonsguild.com\\\/weho-los-angeles-outpost\\\/#breadcrumb\",\"itemListElement\":[{\"@type\":\"ListItem\",\"position\":1,\"name\":\"Home\",\"item\":\"https:\\\/\\\/barbersurgeonsguild.com\\\/\"},{\"@type\":\"ListItem\",\"position\":2,\"name\":\"Hair Restoration, West Hollywood, Los Angeles Outpost\"}]},{\"@type\":\"WebSite\",\"@id\":\"https:\\\/\\\/barbersurgeonsguild.com\\\/#website\",\"url\":\"https:\\\/\\\/barbersurgeonsguild.com\\\/\",\"name\":\"Barber Surgeons Guild\u00ae\",\"description\":\"Grooming Redefined | West Hollywood, CA &amp; New York, NY\",\"publisher\":{\"@id\":\"https:\\\/\\\/barbersurgeonsguild.com\\\/#organization\"},\"potentialAction\":[{\"@type\":\"SearchAction\",\"target\":{\"@type\":\"EntryPoint\",\"urlTemplate\":\"https:\\\/\\\/barbersurgeonsguild.com\\\/?s={search_term_string}\"},\"query-input\":{\"@type\":\"PropertyValueSpecification\",\"valueRequired\":true,\"valueName\":\"search_term_string\"}}],\"inLanguage\":\"es-MX\"},{\"@type\":\"Organization\",\"@id\":\"https:\\\/\\\/barbersurgeonsguild.com\\\/#organization\",\"name\":\"Barber Surgeons Guild\u00ae\",\"url\":\"https:\\\/\\\/barbersurgeonsguild.com\\\/\",\"logo\":{\"@type\":\"ImageObject\",\"inLanguage\":\"es-MX\",\"@id\":\"https:\\\/\\\/barbersurgeonsguild.com\\\/#\\\/schema\\\/logo\\\/image\\\/\",\"url\":\"https:\\\/\\\/barbersurgeonsguild.com\\\/wp-content\\\/uploads\\\/2022\\\/07\\\/barbersurgeonsguild-logo@3x.png\",\"contentUrl\":\"https:\\\/\\\/barbersurgeonsguild.com\\\/wp-content\\\/uploads\\\/2022\\\/07\\\/barbersurgeonsguild-logo@3x.png\",\"width\":500,\"height\":300,\"caption\":\"Barber Surgeons Guild\u00ae\"},\"image\":{\"@id\":\"https:\\\/\\\/barbersurgeonsguild.com\\\/#\\\/schema\\\/logo\\\/image\\\/\"}}]}<\/script>\n<!-- \/ Yoast SEO plugin. -->","yoast_head_json":{"title":"Hair Restoration, West Hollywood, Los Angeles Outpost - Barber Surgeons Guild\u00ae","description":"See photos and learn about Barber Surgeons Guild\u00ae's West Hollywood, Los Angeles outpost. Book a complimentary consultation.","robots":{"index":"index","follow":"follow","max-snippet":"max-snippet:-1","max-image-preview":"max-image-preview:large","max-video-preview":"max-video-preview:-1"},"canonical":"https:\/\/barbersurgeonsguild.com\/es\/weho-los-angeles-outpost\/","og_locale":"es_MX","og_type":"article","og_title":"Hair Restoration, West Hollywood, Los Angeles Outpost - Barber Surgeons Guild\u00ae","og_description":"See photos and learn about Barber Surgeons Guild\u00ae's West Hollywood, Los Angeles outpost. Book a complimentary consultation.","og_url":"https:\/\/barbersurgeonsguild.com\/es\/weho-los-angeles-outpost\/","og_site_name":"Barber Surgeons Guild\u00ae","article_modified_time":"2026-03-24T19:43:15+00:00","og_image":[{"width":660,"height":400,"url":"https:\/\/barbersurgeonsguild.com\/wp-content\/uploads\/2021\/10\/barbersurgeonsguild-artas-after-strip.jpg","type":"image\/jpeg"}],"twitter_card":"summary_large_image","twitter_misc":{"Tiempo de lectura":"2 minutos"},"schema":{"@context":"https:\/\/schema.org","@graph":[{"@type":"WebPage","@id":"https:\/\/barbersurgeonsguild.com\/weho-los-angeles-outpost\/","url":"https:\/\/barbersurgeonsguild.com\/weho-los-angeles-outpost\/","name":"Hair Restoration, West Hollywood, Los Angeles Outpost - Barber Surgeons Guild\u00ae","isPartOf":{"@id":"https:\/\/barbersurgeonsguild.com\/#website"},"datePublished":"2020-05-13T19:56:40+00:00","dateModified":"2026-03-24T19:43:15+00:00","description":"See photos and learn about Barber Surgeons Guild\u00ae's West Hollywood, Los Angeles outpost. Book a complimentary consultation.","breadcrumb":{"@id":"https:\/\/barbersurgeonsguild.com\/weho-los-angeles-outpost\/#breadcrumb"},"inLanguage":"es-MX","potentialAction":[{"@type":"ReadAction","target":["https:\/\/barbersurgeonsguild.com\/weho-los-angeles-outpost\/"]}]},{"@type":"BreadcrumbList","@id":"https:\/\/barbersurgeonsguild.com\/weho-los-angeles-outpost\/#breadcrumb","itemListElement":[{"@type":"ListItem","position":1,"name":"Home","item":"https:\/\/barbersurgeonsguild.com\/"},{"@type":"ListItem","position":2,"name":"Hair Restoration, West Hollywood, Los Angeles Outpost"}]},{"@type":"WebSite","@id":"https:\/\/barbersurgeonsguild.com\/#website","url":"https:\/\/barbersurgeonsguild.com\/","name":"Barber Surgeons Guild\u00ae","description":"Grooming Redefined | West Hollywood, CA &amp; New York, NY","publisher":{"@id":"https:\/\/barbersurgeonsguild.com\/#organization"},"potentialAction":[{"@type":"SearchAction","target":{"@type":"EntryPoint","urlTemplate":"https:\/\/barbersurgeonsguild.com\/?s={search_term_string}"},"query-input":{"@type":"PropertyValueSpecification","valueRequired":true,"valueName":"search_term_string"}}],"inLanguage":"es-MX"},{"@type":"Organization","@id":"https:\/\/barbersurgeonsguild.com\/#organization","name":"Barber Surgeons Guild\u00ae","url":"https:\/\/barbersurgeonsguild.com\/","logo":{"@type":"ImageObject","inLanguage":"es-MX","@id":"https:\/\/barbersurgeonsguild.com\/#\/schema\/logo\/image\/","url":"https:\/\/barbersurgeonsguild.com\/wp-content\/uploads\/2022\/07\/barbersurgeonsguild-logo@3x.png","contentUrl":"https:\/\/barbersurgeonsguild.com\/wp-content\/uploads\/2022\/07\/barbersurgeonsguild-logo@3x.png","width":500,"height":300,"caption":"Barber Surgeons Guild\u00ae"},"image":{"@id":"https:\/\/barbersurgeonsguild.com\/#\/schema\/logo\/image\/"}}]}},"_links":{"self":[{"href":"https:\/\/barbersurgeonsguild.com\/es\/wp-json\/wp\/v2\/pages\/22782","targetHints":{"allow":["GET"]}}],"collection":[{"href":"https:\/\/barbersurgeonsguild.com\/es\/wp-json\/wp\/v2\/pages"}],"about":[{"href":"https:\/\/barbersurgeonsguild.com\/es\/wp-json\/wp\/v2\/types\/page"}],"author":[{"embeddable":true,"href":"https:\/\/barbersurgeonsguild.com\/es\/wp-json\/wp\/v2\/users\/40"}],"replies":[{"embeddable":true,"href":"https:\/\/barbersurgeonsguild.com\/es\/wp-json\/wp\/v2\/comments?post=22782"}],"version-history":[{"count":0,"href":"https:\/\/barbersurgeonsguild.com\/es\/wp-json\/wp\/v2\/pages\/22782\/revisions"}],"wp:attachment":[{"href":"https:\/\/barbersurgeonsguild.com\/es\/wp-json\/wp\/v2\/media?parent=22782"}],"curies":[{"name":"wp","href":"https:\/\/api.w.org\/{rel}","templated":true}]}}