{"id":22832,"date":"2020-06-02T02:11:59","date_gmt":"2020-06-02T02:11:59","guid":{"rendered":"https:\/\/bsgsite.wpengine.com\/?page_id=22832"},"modified":"2026-03-25T18:40:02","modified_gmt":"2026-03-25T18:40:02","slug":"hc01-hair-serum","status":"publish","type":"page","link":"https:\/\/barbersurgeonsguild.com\/es\/products\/alacarte\/hc01-hair-serum\/","title":{"rendered":"HC01 Suero capilar HC01"},"content":{"rendered":"<div class=\"wpb-content-wrapper\"><div class=\"vc_row wpb_row section vc_row-fluid light-text vc_custom_1587848732219\" style='background-color:#272e0f; padding-top:0px; padding-bottom:0px; text-align:center;'><div class=\"full_section_inner clearfix\"><div class=\"wpb_column vc_column_container vc_col-sm-12\"><div class=\"vc_column-inner\"><div class=\"wpb_wrapper\"><div class=\"vc_empty_space\"   style=\"height: 25px\"><span class=\"vc_empty_space_inner\"><\/span><\/div>\n\t<div class=\"wpb_text_column wpb_content_element  vc_custom_1593479677464\">\n\t\t<div class=\"wpb_wrapper\">\n\t\t\t<h4 class=\"free-shipping\" style=\"text-align: center; color: #ffffff; font-size: 24px; letter-spacing: 1px; font-family: georgia, serif;\">Env\u00edo GRATUITO a Estadios Unidos para pedidos superiores a 69 $.<\/h4>\n\n\t\t<\/div> \n\t<\/div> <div class=\"vc_empty_space\"   style=\"height: 25px\"><span class=\"vc_empty_space_inner\"><\/span><\/div><\/div><\/div><\/div><\/div><\/div><div     class=\"vc_row wpb_row section vc_row-fluid\" style='background-color:#ffffff; padding-top:47pxpx; padding-bottom:47pxpx; text-align:center;'><div class=\"full_section_inner clearfix\"><div class=\"wpb_column vc_column_container vc_col-sm-12\"><div class=\"vc_column-inner\"><div class=\"wpb_wrapper\"><div class=\"vc_empty_space  desktop-element\"   style=\"height: 80px\"><span class=\"vc_empty_space_inner\"><\/span><\/div><div class=\"vc_empty_space  mobile-element\"   style=\"height: 40px\"><span class=\"vc_empty_space_inner\"><\/span><\/div><div     class=\"vc_row wpb_row vc_inner section vc_row-fluid desktop-element grid_section\" style=' padding-top:0px; padding-bottom:0px; text-align:left;'><div class=\"section_inner clearfix\"><div class='section_inner_margin clearfix'><div class=\"wpb_column vc_column_container vc_col-sm-6\"><div class=\"vc_column-inner\"><div class=\"wpb_wrapper\">\n\t<div class=\"wpb_single_image wpb_content_element vc_align_center  vc_custom_1591064041833\">\n\t\t<div class=\"wpb_wrapper\">\n\t\t\t\n\t\t\t<div class=\"vc_single_image-wrapper   vc_box_border_grey\"><img loading=\"lazy\" decoding=\"async\" width=\"674\" height=\"858\" src=\"https:\/\/barbersurgeonsguild.com\/wp-content\/uploads\/2020\/06\/hc01-hair-serum@2x.jpg\" class=\"vc_single_image-img attachment-full\" alt=\"HC01 Hair Serum\" title=\"HC01 Hair Serum\" srcset=\"https:\/\/barbersurgeonsguild.com\/wp-content\/uploads\/2020\/06\/hc01-hair-serum@2x.jpg 674w, https:\/\/barbersurgeonsguild.com\/wp-content\/uploads\/2020\/06\/hc01-hair-serum@2x-236x300.jpg 236w\" sizes=\"auto, (max-width: 674px) 100vw, 674px\" \/><\/div>\n\t\t<\/div>\n\t<\/div>\n<\/div><\/div><\/div><div class=\"wpb_column vc_column_container vc_col-sm-6\"><div class=\"vc_column-inner\"><div class=\"wpb_wrapper\"><div class=\"vc_empty_space\"   style=\"height: 25px\"><span class=\"vc_empty_space_inner\"><\/span><\/div>\n\t<div class=\"wpb_text_column wpb_content_element\">\n\t\t<div class=\"wpb_wrapper\">\n\t\t\t<h1 style=\"font-size: 2.4em; text-align: left; font-family: georgia, serif; letter-spacing: 0px;\">HC01 Suero capilar HC01<\/h1>\n\n\t\t<\/div> \n\t<\/div> <div class=\"separator  transparent\" style=\"margin-top:10px;margin-bottom:0px\"><\/div>\n\n\t<div class=\"wpb_text_column wpb_content_element\">\n\t\t<div class=\"wpb_wrapper\">\n\t\t\t<p class=\"section-sub-header\" style=\"text-align: left;\">Fortificado para una salud capilar \u00f3ptima<\/p>\n\n\t\t<\/div> \n\t<\/div> <div class=\"separator  transparent\" style=\"margin-top:20px;margin-bottom:0px\"><\/div>\n\n\t<div class=\"wpb_text_column wpb_content_element\">\n\t\t<div class=\"wpb_wrapper\">\n\t\t\t<p style=\"text-align: left;\">El s\u00e9rum capilar BSG HCO1 Edition sin aclarado ni residuos puede utilizarse despu\u00e9s de la ducha y antes de peinarse. Aplic\u00e1ndolo con el cuentagotas directamente sobre el cuero cabelludo, este producto totalmente natural de alta potencia se utiliza para crear un cabello visiblemente m\u00e1s grueso y con m\u00e1s volumen, ya que incluye el Factor tricoanag\u00e9nico BSG en su m\u00e1xima concentraci\u00f3n. Para obtener los mejores resultados, comb\u00ednelo con el champ\u00fa y el acondicionador BSG HCO1 Edition.<\/p>\n\n\t\t<\/div> \n\t<\/div> <div class=\"vc_empty_space\"   style=\"height: 25px\"><span class=\"vc_empty_space_inner\"><\/span><\/div>\n\t<div class=\"wpb_text_column wpb_content_element\">\n\t\t<div class=\"wpb_wrapper\">\n\t\t\t<p class=\"product-price\" style=\"text-align: left; font-size: 2.6em!important;\"><strong><sup>$<\/sup>49<\/strong><\/p>\n\n\t\t<\/div> \n\t<\/div> <div class=\"vc_empty_space\"   style=\"height: 40px\"><span class=\"vc_empty_space_inner\"><\/span><\/div><a href=\"\" target=\"_self\" data-hover-background-color=\"#595959\" data-hover-border-color=\"#595959\" data-hover-color=\"#ffffff\"  class=\"qbutton  small\" style=\"color: #ffffff; border-color: #595959; font-style: normal; background-color: #595959;\">PR\u00d3XIMAMENTE<\/a><a href=\"\/es\/products\/alacarte\/hc01-hair-serum\/checkout\/\" target=\"_self\" data-hover-background-color=\"#95a31a\" data-hover-border-color=\"#95a31a\" data-hover-color=\"#ffffff\"  class=\"qbutton  small hide\" style=\"color: #ffffff; border-color: #000000; font-style: normal; background-color: #000000;\">BUY NOW<\/a><div class=\"separator  transparent\" style=\"margin-top:20px;margin-bottom:0px\"><\/div>\n\n\t<div class=\"wpb_text_column wpb_content_element\">\n\t\t<div class=\"wpb_wrapper\">\n\t\t\t<p class=\"fineprint translation-block\" style=\"text-align: left;\">La venta de productos a la carta s\u00f3lo est\u00e1 disponible en este momento dentro de los BSG Outposts, sin embargo,<a href=\"\/es\/products\/protocols\/\" target=\"_self\"> kits de productos<\/a> est\u00e1n disponibles para su compra online.<\/p>\n\n\t\t<\/div> \n\t<\/div> <\/div><\/div><\/div><\/div><\/div><\/div><div     class=\"vc_row wpb_row vc_inner section vc_row-fluid mobile-element grid_section\" style=' padding-top:0px; padding-bottom:0px; text-align:center;'><div class=\"section_inner clearfix\"><div class='section_inner_margin clearfix'><div class=\"wpb_column vc_column_container vc_col-sm-6\"><div class=\"vc_column-inner\"><div class=\"wpb_wrapper\">\n\t<div class=\"wpb_single_image wpb_content_element vc_align_center  vc_custom_1591064051510\">\n\t\t<div class=\"wpb_wrapper\">\n\t\t\t\n\t\t\t<div class=\"vc_single_image-wrapper   vc_box_border_grey\"><img loading=\"lazy\" decoding=\"async\" width=\"674\" height=\"858\" src=\"https:\/\/barbersurgeonsguild.com\/wp-content\/uploads\/2020\/06\/hc01-hair-serum@2x.jpg\" class=\"vc_single_image-img attachment-full\" alt=\"HC01 Hair Serum\" title=\"HC01 Hair Serum\" srcset=\"https:\/\/barbersurgeonsguild.com\/wp-content\/uploads\/2020\/06\/hc01-hair-serum@2x.jpg 674w, https:\/\/barbersurgeonsguild.com\/wp-content\/uploads\/2020\/06\/hc01-hair-serum@2x-236x300.jpg 236w\" sizes=\"auto, (max-width: 674px) 100vw, 674px\" \/><\/div>\n\t\t<\/div>\n\t<\/div>\n<\/div><\/div><\/div><div class=\"wpb_column vc_column_container vc_col-sm-6\"><div class=\"vc_column-inner\"><div class=\"wpb_wrapper\"><div class=\"vc_empty_space\"   style=\"height: 25px\"><span class=\"vc_empty_space_inner\"><\/span><\/div>\n\t<div class=\"wpb_text_column wpb_content_element\">\n\t\t<div class=\"wpb_wrapper\">\n\t\t\t<h1 style=\"font-size: 2em; line-height: 1.2em; text-align: center; font-family: georgia, serif; letter-spacing: 0px;\">HC01 Suero capilar HC01<\/h1>\n\n\t\t<\/div> \n\t<\/div> <div class=\"separator  transparent\" style=\"margin-top:10px;margin-bottom:0px\"><\/div>\n\n\t<div class=\"wpb_text_column wpb_content_element\">\n\t\t<div class=\"wpb_wrapper\">\n\t\t\t<p class=\"section-sub-header\" style=\"text-align: center;\">Fortificado para una salud capilar \u00f3ptima<\/p>\n\n\t\t<\/div> \n\t<\/div> <div class=\"separator  transparent\" style=\"margin-top:20px;margin-bottom:0px\"><\/div>\n\n\t<div class=\"wpb_text_column wpb_content_element\">\n\t\t<div class=\"wpb_wrapper\">\n\t\t\t<p style=\"text-align: center;\">El s\u00e9rum capilar BSG HCO1 Edition sin aclarado ni residuos puede utilizarse despu\u00e9s de la ducha y antes de peinarse. Aplic\u00e1ndolo con el cuentagotas directamente sobre el cuero cabelludo, este producto totalmente natural de alta potencia se utiliza para crear un cabello visiblemente m\u00e1s grueso y con m\u00e1s volumen, ya que incluye el Factor tricoanag\u00e9nico BSG en su m\u00e1xima concentraci\u00f3n. Para obtener los mejores resultados, comb\u00ednelo con el champ\u00fa y el acondicionador BSG HCO1 Edition.<\/p>\n\n\t\t<\/div> \n\t<\/div> <div class=\"vc_empty_space\"   style=\"height: 25px\"><span class=\"vc_empty_space_inner\"><\/span><\/div>\n\t<div class=\"wpb_text_column wpb_content_element\">\n\t\t<div class=\"wpb_wrapper\">\n\t\t\t<p class=\"product-price\" style=\"text-align: center;\"><strong><sup>$<\/sup>49<\/strong><\/p>\n\n\t\t<\/div> \n\t<\/div> <div class=\"vc_empty_space\"   style=\"height: 40px\"><span class=\"vc_empty_space_inner\"><\/span><\/div><a href=\"\" target=\"_self\" data-hover-background-color=\"#595959\" data-hover-border-color=\"#595959\" data-hover-color=\"#ffffff\"  class=\"qbutton  small\" style=\"color: #ffffff; border-color: #595959; font-style: normal; background-color: #595959;\">PR\u00d3XIMAMENTE<\/a><a href=\"\/es\/products\/alacarte\/hc01-hair-serum\/checkout\/\" target=\"_self\" data-hover-background-color=\"#95a31a\" data-hover-border-color=\"#95a31a\" data-hover-color=\"#ffffff\"  class=\"qbutton  small hide\" style=\"color: #ffffff; border-color: #000000; font-style: normal; background-color: #000000;\">BUY NOW<\/a><div class=\"separator  transparent\" style=\"margin-top:20px;margin-bottom:0px\"><\/div>\n\n\t<div class=\"wpb_text_column wpb_content_element\">\n\t\t<div class=\"wpb_wrapper\">\n\t\t\t<p class=\"fineprint translation-block\" style=\"text-align: center;\">La venta de productos a la carta s\u00f3lo est\u00e1 disponible en este momento dentro de los BSG Outposts, sin embargo,<a href=\"\/es\/products\/protocols\/\" target=\"_self\"> kits de productos<\/a> est\u00e1n disponibles para su compra online.<\/p>\n\n\t\t<\/div> \n\t<\/div> <\/div><\/div><\/div><\/div><\/div><\/div><div class=\"vc_empty_space\"   style=\"height: 100px\"><span class=\"vc_empty_space_inner\"><\/span><\/div><\/div><\/div><\/div><\/div><\/div>\n<\/div>","protected":false},"excerpt":{"rendered":"FREE U.S. shipping for orders over $69 HCO1 Hair Serum Fortified for optimal hair health The leave-in, no-residue BSG HCO1 Edition Hair Serum can be used after showering and before hair styling. By applying with the dropper directly to the scalp, this high-potency all-natural product...","protected":false},"author":40,"featured_media":0,"parent":22820,"menu_order":0,"comment_status":"open","ping_status":"closed","template":"full_width.php","meta":{"footnotes":""},"class_list":["post-22832","page","type-page","status-publish","hentry"],"yoast_head":"<!-- This site is optimized with the Yoast SEO plugin v27.3 - https:\/\/yoast.com\/product\/yoast-seo-wordpress\/ -->\n<title>HCO1 Hair Serum - Barber Surgeons Guild\u00ae<\/title>\n<meta name=\"description\" content=\"Barber Surgeons Guild\u00ae&#039;s HCO1 Edition Hair Serum is a high-potency product used after showering and before styling to fight hair thinning.\" \/>\n<meta name=\"robots\" content=\"index, follow, max-snippet:-1, max-image-preview:large, max-video-preview:-1\" \/>\n<link rel=\"canonical\" href=\"https:\/\/barbersurgeonsguild.com\/es\/products\/alacarte\/hc01-hair-serum\/\" \/>\n<meta property=\"og:locale\" content=\"es_MX\" \/>\n<meta property=\"og:type\" content=\"article\" \/>\n<meta property=\"og:title\" content=\"HCO1 Hair Serum - Barber Surgeons Guild\u00ae\" \/>\n<meta property=\"og:description\" content=\"Barber Surgeons Guild\u00ae&#039;s HCO1 Edition Hair Serum is a high-potency product used after showering and before styling to fight hair thinning.\" \/>\n<meta property=\"og:url\" content=\"https:\/\/barbersurgeonsguild.com\/es\/products\/alacarte\/hc01-hair-serum\/\" \/>\n<meta property=\"og:site_name\" content=\"Barber Surgeons Guild\u00ae\" \/>\n<meta property=\"article:modified_time\" content=\"2026-03-25T18:40:02+00:00\" \/>\n<meta property=\"og:image\" content=\"https:\/\/barbersurgeonsguild.com\/wp-content\/uploads\/2021\/10\/barbersurgeonsguild-artas-after-strip.jpg\" \/>\n\t<meta property=\"og:image:width\" content=\"660\" \/>\n\t<meta property=\"og:image:height\" content=\"400\" \/>\n\t<meta property=\"og:image:type\" content=\"image\/jpeg\" \/>\n<meta name=\"twitter:card\" content=\"summary_large_image\" \/>\n<meta name=\"twitter:label1\" content=\"Tiempo de lectura\" \/>\n\t<meta name=\"twitter:data1\" content=\"3 minutos\" \/>\n<script type=\"application\/ld+json\" class=\"yoast-schema-graph\">{\"@context\":\"https:\\\/\\\/schema.org\",\"@graph\":[{\"@type\":\"WebPage\",\"@id\":\"https:\\\/\\\/barbersurgeonsguild.com\\\/products\\\/alacarte\\\/hc01-hair-serum\\\/\",\"url\":\"https:\\\/\\\/barbersurgeonsguild.com\\\/products\\\/alacarte\\\/hc01-hair-serum\\\/\",\"name\":\"HCO1 Hair Serum - Barber Surgeons Guild\u00ae\",\"isPartOf\":{\"@id\":\"https:\\\/\\\/barbersurgeonsguild.com\\\/#website\"},\"datePublished\":\"2020-06-02T02:11:59+00:00\",\"dateModified\":\"2026-03-25T18:40:02+00:00\",\"description\":\"Barber Surgeons Guild\u00ae's HCO1 Edition Hair Serum is a high-potency product used after showering and before styling to fight hair thinning.\",\"breadcrumb\":{\"@id\":\"https:\\\/\\\/barbersurgeonsguild.com\\\/products\\\/alacarte\\\/hc01-hair-serum\\\/#breadcrumb\"},\"inLanguage\":\"es-MX\",\"potentialAction\":[{\"@type\":\"ReadAction\",\"target\":[\"https:\\\/\\\/barbersurgeonsguild.com\\\/products\\\/alacarte\\\/hc01-hair-serum\\\/\"]}]},{\"@type\":\"BreadcrumbList\",\"@id\":\"https:\\\/\\\/barbersurgeonsguild.com\\\/products\\\/alacarte\\\/hc01-hair-serum\\\/#breadcrumb\",\"itemListElement\":[{\"@type\":\"ListItem\",\"position\":1,\"name\":\"Home\",\"item\":\"https:\\\/\\\/barbersurgeonsguild.com\\\/\"},{\"@type\":\"ListItem\",\"position\":2,\"name\":\"Products\",\"item\":\"https:\\\/\\\/barbersurgeonsguild.com\\\/products\\\/\"},{\"@type\":\"ListItem\",\"position\":3,\"name\":\"\u00c0 La Carte\",\"item\":\"https:\\\/\\\/barbersurgeonsguild.com\\\/products\\\/alacarte\\\/\"},{\"@type\":\"ListItem\",\"position\":4,\"name\":\"HCO1 Hair Serum\"}]},{\"@type\":\"WebSite\",\"@id\":\"https:\\\/\\\/barbersurgeonsguild.com\\\/#website\",\"url\":\"https:\\\/\\\/barbersurgeonsguild.com\\\/\",\"name\":\"Barber Surgeons Guild\u00ae\",\"description\":\"Grooming Redefined | West Hollywood, CA &amp; New York, NY\",\"publisher\":{\"@id\":\"https:\\\/\\\/barbersurgeonsguild.com\\\/#organization\"},\"potentialAction\":[{\"@type\":\"SearchAction\",\"target\":{\"@type\":\"EntryPoint\",\"urlTemplate\":\"https:\\\/\\\/barbersurgeonsguild.com\\\/?s={search_term_string}\"},\"query-input\":{\"@type\":\"PropertyValueSpecification\",\"valueRequired\":true,\"valueName\":\"search_term_string\"}}],\"inLanguage\":\"es-MX\"},{\"@type\":\"Organization\",\"@id\":\"https:\\\/\\\/barbersurgeonsguild.com\\\/#organization\",\"name\":\"Barber Surgeons Guild\u00ae\",\"url\":\"https:\\\/\\\/barbersurgeonsguild.com\\\/\",\"logo\":{\"@type\":\"ImageObject\",\"inLanguage\":\"es-MX\",\"@id\":\"https:\\\/\\\/barbersurgeonsguild.com\\\/#\\\/schema\\\/logo\\\/image\\\/\",\"url\":\"https:\\\/\\\/barbersurgeonsguild.com\\\/wp-content\\\/uploads\\\/2022\\\/07\\\/barbersurgeonsguild-logo@3x.png\",\"contentUrl\":\"https:\\\/\\\/barbersurgeonsguild.com\\\/wp-content\\\/uploads\\\/2022\\\/07\\\/barbersurgeonsguild-logo@3x.png\",\"width\":500,\"height\":300,\"caption\":\"Barber Surgeons Guild\u00ae\"},\"image\":{\"@id\":\"https:\\\/\\\/barbersurgeonsguild.com\\\/#\\\/schema\\\/logo\\\/image\\\/\"}}]}<\/script>\n<!-- \/ Yoast SEO plugin. -->","yoast_head_json":{"title":"HCO1 Hair Serum - Barber Surgeons Guild\u00ae","description":"Barber Surgeons Guild\u00ae's HCO1 Edition Hair Serum is a high-potency product used after showering and before styling to fight hair thinning.","robots":{"index":"index","follow":"follow","max-snippet":"max-snippet:-1","max-image-preview":"max-image-preview:large","max-video-preview":"max-video-preview:-1"},"canonical":"https:\/\/barbersurgeonsguild.com\/es\/products\/alacarte\/hc01-hair-serum\/","og_locale":"es_MX","og_type":"article","og_title":"HCO1 Hair Serum - Barber Surgeons Guild\u00ae","og_description":"Barber Surgeons Guild\u00ae's HCO1 Edition Hair Serum is a high-potency product used after showering and before styling to fight hair thinning.","og_url":"https:\/\/barbersurgeonsguild.com\/es\/products\/alacarte\/hc01-hair-serum\/","og_site_name":"Barber Surgeons Guild\u00ae","article_modified_time":"2026-03-25T18:40:02+00:00","og_image":[{"width":660,"height":400,"url":"https:\/\/barbersurgeonsguild.com\/wp-content\/uploads\/2021\/10\/barbersurgeonsguild-artas-after-strip.jpg","type":"image\/jpeg"}],"twitter_card":"summary_large_image","twitter_misc":{"Tiempo de lectura":"3 minutos"},"schema":{"@context":"https:\/\/schema.org","@graph":[{"@type":"WebPage","@id":"https:\/\/barbersurgeonsguild.com\/products\/alacarte\/hc01-hair-serum\/","url":"https:\/\/barbersurgeonsguild.com\/products\/alacarte\/hc01-hair-serum\/","name":"HCO1 Hair Serum - Barber Surgeons Guild\u00ae","isPartOf":{"@id":"https:\/\/barbersurgeonsguild.com\/#website"},"datePublished":"2020-06-02T02:11:59+00:00","dateModified":"2026-03-25T18:40:02+00:00","description":"Barber Surgeons Guild\u00ae's HCO1 Edition Hair Serum is a high-potency product used after showering and before styling to fight hair thinning.","breadcrumb":{"@id":"https:\/\/barbersurgeonsguild.com\/products\/alacarte\/hc01-hair-serum\/#breadcrumb"},"inLanguage":"es-MX","potentialAction":[{"@type":"ReadAction","target":["https:\/\/barbersurgeonsguild.com\/products\/alacarte\/hc01-hair-serum\/"]}]},{"@type":"BreadcrumbList","@id":"https:\/\/barbersurgeonsguild.com\/products\/alacarte\/hc01-hair-serum\/#breadcrumb","itemListElement":[{"@type":"ListItem","position":1,"name":"Home","item":"https:\/\/barbersurgeonsguild.com\/"},{"@type":"ListItem","position":2,"name":"Products","item":"https:\/\/barbersurgeonsguild.com\/products\/"},{"@type":"ListItem","position":3,"name":"\u00c0 La Carte","item":"https:\/\/barbersurgeonsguild.com\/products\/alacarte\/"},{"@type":"ListItem","position":4,"name":"HCO1 Hair Serum"}]},{"@type":"WebSite","@id":"https:\/\/barbersurgeonsguild.com\/#website","url":"https:\/\/barbersurgeonsguild.com\/","name":"Barber Surgeons Guild\u00ae","description":"Grooming Redefined | West Hollywood, CA &amp; New York, NY","publisher":{"@id":"https:\/\/barbersurgeonsguild.com\/#organization"},"potentialAction":[{"@type":"SearchAction","target":{"@type":"EntryPoint","urlTemplate":"https:\/\/barbersurgeonsguild.com\/?s={search_term_string}"},"query-input":{"@type":"PropertyValueSpecification","valueRequired":true,"valueName":"search_term_string"}}],"inLanguage":"es-MX"},{"@type":"Organization","@id":"https:\/\/barbersurgeonsguild.com\/#organization","name":"Barber Surgeons Guild\u00ae","url":"https:\/\/barbersurgeonsguild.com\/","logo":{"@type":"ImageObject","inLanguage":"es-MX","@id":"https:\/\/barbersurgeonsguild.com\/#\/schema\/logo\/image\/","url":"https:\/\/barbersurgeonsguild.com\/wp-content\/uploads\/2022\/07\/barbersurgeonsguild-logo@3x.png","contentUrl":"https:\/\/barbersurgeonsguild.com\/wp-content\/uploads\/2022\/07\/barbersurgeonsguild-logo@3x.png","width":500,"height":300,"caption":"Barber Surgeons Guild\u00ae"},"image":{"@id":"https:\/\/barbersurgeonsguild.com\/#\/schema\/logo\/image\/"}}]}},"_links":{"self":[{"href":"https:\/\/barbersurgeonsguild.com\/es\/wp-json\/wp\/v2\/pages\/22832","targetHints":{"allow":["GET"]}}],"collection":[{"href":"https:\/\/barbersurgeonsguild.com\/es\/wp-json\/wp\/v2\/pages"}],"about":[{"href":"https:\/\/barbersurgeonsguild.com\/es\/wp-json\/wp\/v2\/types\/page"}],"author":[{"embeddable":true,"href":"https:\/\/barbersurgeonsguild.com\/es\/wp-json\/wp\/v2\/users\/40"}],"replies":[{"embeddable":true,"href":"https:\/\/barbersurgeonsguild.com\/es\/wp-json\/wp\/v2\/comments?post=22832"}],"version-history":[{"count":0,"href":"https:\/\/barbersurgeonsguild.com\/es\/wp-json\/wp\/v2\/pages\/22832\/revisions"}],"up":[{"embeddable":true,"href":"https:\/\/barbersurgeonsguild.com\/es\/wp-json\/wp\/v2\/pages\/22820"}],"wp:attachment":[{"href":"https:\/\/barbersurgeonsguild.com\/es\/wp-json\/wp\/v2\/media?parent=22832"}],"curies":[{"name":"wp","href":"https:\/\/api.w.org\/{rel}","templated":true}]}}