{"id":22851,"date":"2020-06-02T23:16:56","date_gmt":"2020-06-02T23:16:56","guid":{"rendered":"https:\/\/bsgsite.wpengine.com\/?page_id=22851"},"modified":"2026-03-24T19:42:04","modified_gmt":"2026-03-24T19:42:04","slug":"grooming-salon","status":"publish","type":"page","link":"https:\/\/barbersurgeonsguild.com\/es\/grooming-salon\/","title":{"rendered":"Barber\u00eda"},"content":{"rendered":"<div class=\"wpb-content-wrapper\"><div class=\"vc_row wpb_row section vc_row-fluid  grid_section\" style='background-color:#ffffff; padding-top:47pxpx; padding-bottom:47pxpx; text-align:center;'><div class=\"section_inner clearfix\"><div class='section_inner_margin clearfix'><div class=\"wpb_column vc_column_container vc_col-sm-12\"><div class=\"vc_column-inner\"><div class=\"wpb_wrapper\"><div class=\"vc_empty_space  desktop-element\"   style=\"height: 60px\"><span class=\"vc_empty_space_inner\"><\/span><\/div><div class=\"vc_empty_space  mobile-element\"   style=\"height: 40px\"><span class=\"vc_empty_space_inner\"><\/span><\/div>\n\t<div class=\"wpb_text_column wpb_content_element  desktop-element\">\n\t\t<div class=\"wpb_wrapper\">\n\t\t\t<h1 style=\"text-align: center; font-size: 2.4em; font-family: georgia, serif; letter-spacing: 0px;\">Barber\u00eda<\/h1>\n\n\t\t<\/div> \n\t<\/div> \n\t<div class=\"wpb_text_column wpb_content_element  mobile-element\">\n\t\t<div class=\"wpb_wrapper\">\n\t\t\t<h1 style=\"text-align: center; font-size: 1.8em; line-height: 1.2em; font-family: georgia, serif; letter-spacing: 0px;\">Barber\u00eda<\/h1>\n\n\t\t<\/div> \n\t<\/div> <div class=\"vc_empty_space\"   style=\"height: 60px\"><span class=\"vc_empty_space_inner\"><\/span><\/div><div     class=\"vc_row wpb_row vc_inner section vc_row-fluid\" style='background-color:#ffffff; padding-top:0px; padding-bottom:0px; text-align:center;'><div class=\"full_section_inner clearfix\"><div class=\"barbershop-services wpb_column vc_column_container vc_col-sm-4\"><div class=\"vc_column-inner\"><div class=\"wpb_wrapper\">\n\t<div class=\"wpb_single_image wpb_content_element vc_align_center\">\n\t\t<div class=\"wpb_wrapper\">\n\t\t\t\n\t\t\t<a href=\"\/es\/grooming-salon\/signature-haircut\/\" target=\"_self\"><div class=\"vc_single_image-wrapper   vc_box_border_grey\"><img loading=\"lazy\" decoding=\"async\" width=\"660\" height=\"400\" src=\"https:\/\/barbersurgeonsguild.com\/wp-content\/uploads\/2020\/04\/barbersurgeonsguild-signature-haircut@2x.jpg\" class=\"vc_single_image-img attachment-full\" alt=\"Signature Haircut\" title=\"Corte de pelo\" srcset=\"https:\/\/barbersurgeonsguild.com\/wp-content\/uploads\/2020\/04\/barbersurgeonsguild-signature-haircut@2x.jpg 660w, https:\/\/barbersurgeonsguild.com\/wp-content\/uploads\/2020\/04\/barbersurgeonsguild-signature-haircut@2x-300x182.jpg 300w\" sizes=\"auto, (max-width: 660px) 100vw, 660px\" \/><\/div><\/a>\n\t\t<\/div>\n\t<\/div>\n<div class=\"separator  transparent\" style=\"margin-top:20px;margin-bottom:0px\"><\/div>\n\n\t<div class=\"wpb_text_column wpb_content_element\">\n\t\t<div class=\"wpb_wrapper\">\n\t\t\t<p class=\"service-type\" style=\"text-align: center; font-size: 1.2em; letter-spacing: 0.1em;\"><strong><a href=\"\/es\/grooming-salon\/signature-haircut\/\">CORTE DE PELO<\/a><\/strong><\/p>\n\n\t\t<\/div> \n\t<\/div> <div class=\"separator  transparent\" style=\"margin-top:10px;margin-bottom:0px\"><\/div>\n\n\t<div class=\"wpb_text_column wpb_content_element\">\n\t\t<div class=\"wpb_wrapper\">\n\t\t\t<p style=\"text-align: center;\">Un exquisito corte de precisi\u00f3n de estilo cl\u00e1sico, adaptado al estilo del cliente por un maestro barbero con formaci\u00f3n profesional.<\/p>\n\n\t\t<\/div> \n\t<\/div> <div class=\"separator  transparent\" style=\"margin-top:25px;margin-bottom:0px\"><\/div>\n<a href=\"\/es\/grooming-salon\/signature-haircut\/\" target=\"_self\" data-hover-background-color=\"#95a31a\" data-hover-border-color=\"#95a31a\" data-hover-color=\"#ffffff\"  class=\"qbutton  small\" style=\"color: #ffffff; border-color: #000000; font-style: normal; background-color: #000000;\">M\u00e1s Informaci\u00f3n<\/a><div class=\"vc_empty_space\"   style=\"height: 100px\"><span class=\"vc_empty_space_inner\"><\/span><\/div><\/div><\/div><\/div><div class=\"barbershop-services wpb_column vc_column_container vc_col-sm-4\"><div class=\"vc_column-inner\"><div class=\"wpb_wrapper\">\n\t<div class=\"wpb_single_image wpb_content_element vc_align_center\">\n\t\t<div class=\"wpb_wrapper\">\n\t\t\t\n\t\t\t<a href=\"\/es\/grooming-salon\/signature-razor-shave\/\" target=\"_self\"><div class=\"vc_single_image-wrapper   vc_box_border_grey\"><img loading=\"lazy\" decoding=\"async\" width=\"660\" height=\"400\" src=\"https:\/\/barbersurgeonsguild.com\/wp-content\/uploads\/2020\/04\/barbersurgeonsguild-signature-razor-shave@2x.jpg\" class=\"vc_single_image-img attachment-full\" alt=\"Signature Razor Shave\" title=\"Signature Razor Shave\" srcset=\"https:\/\/barbersurgeonsguild.com\/wp-content\/uploads\/2020\/04\/barbersurgeonsguild-signature-razor-shave@2x.jpg 660w, https:\/\/barbersurgeonsguild.com\/wp-content\/uploads\/2020\/04\/barbersurgeonsguild-signature-razor-shave@2x-300x182.jpg 300w\" sizes=\"auto, (max-width: 660px) 100vw, 660px\" \/><\/div><\/a>\n\t\t<\/div>\n\t<\/div>\n<div class=\"separator  transparent\" style=\"margin-top:20px;margin-bottom:0px\"><\/div>\n\n\t<div class=\"wpb_text_column wpb_content_element\">\n\t\t<div class=\"wpb_wrapper\">\n\t\t\t<p class=\"service-type\" style=\"text-align: center; font-size: 1.2em; letter-spacing: 0.1em;\"><strong><a href=\"\/es\/grooming-salon\/signature-razor-shave\/\">AFEITADO CON NAVAJA<\/a><\/strong><\/p>\n\n\t\t<\/div> \n\t<\/div> <div class=\"separator  transparent\" style=\"margin-top:10px;margin-bottom:0px\"><\/div>\n\n\t<div class=\"wpb_text_column wpb_content_element\">\n\t\t<div class=\"wpb_wrapper\">\n\t\t\t<p style=\"text-align: center;\">Utilizamos una maquinilla de afeitar recta con una cuchilla desechable y productos de afeitado inigualables para una experiencia \u00fanica.<\/p>\n\n\t\t<\/div> \n\t<\/div> <div class=\"separator  transparent\" style=\"margin-top:25px;margin-bottom:0px\"><\/div>\n<a href=\"\/es\/grooming-salon\/signature-razor-shave\/\" target=\"_self\" data-hover-background-color=\"#95a31a\" data-hover-border-color=\"#95a31a\" data-hover-color=\"#ffffff\"  class=\"qbutton  small\" style=\"color: #ffffff; border-color: #000000; font-style: normal; background-color: #000000;\">M\u00e1s Informaci\u00f3n<\/a><div class=\"vc_empty_space\"   style=\"height: 100px\"><span class=\"vc_empty_space_inner\"><\/span><\/div><\/div><\/div><\/div><div class=\"barbershop-services wpb_column vc_column_container vc_col-sm-4\"><div class=\"vc_column-inner\"><div class=\"wpb_wrapper\">\n\t<div class=\"wpb_single_image wpb_content_element vc_align_center\">\n\t\t<div class=\"wpb_wrapper\">\n\t\t\t\n\t\t\t<a href=\"\/es\/grooming-salon\/signature-haircut-shave-combination\/\" target=\"_self\"><div class=\"vc_single_image-wrapper   vc_box_border_grey\"><img loading=\"lazy\" decoding=\"async\" width=\"660\" height=\"400\" src=\"https:\/\/barbersurgeonsguild.com\/wp-content\/uploads\/2020\/06\/barbersurgeonsguild-combination@2x.jpg\" class=\"vc_single_image-img attachment-full\" alt=\"Signature Haircut &amp; Razor Shave Combination\" title=\"Signature Haircut &amp; Razor Shave Combination\" srcset=\"https:\/\/barbersurgeonsguild.com\/wp-content\/uploads\/2020\/06\/barbersurgeonsguild-combination@2x.jpg 660w, https:\/\/barbersurgeonsguild.com\/wp-content\/uploads\/2020\/06\/barbersurgeonsguild-combination@2x-300x182.jpg 300w\" sizes=\"auto, (max-width: 660px) 100vw, 660px\" \/><\/div><\/a>\n\t\t<\/div>\n\t<\/div>\n<div class=\"separator  transparent\" style=\"margin-top:20px;margin-bottom:0px\"><\/div>\n\n\t<div class=\"wpb_text_column wpb_content_element\">\n\t\t<div class=\"wpb_wrapper\">\n\t\t\t<p class=\"service-type\" style=\"text-align: center; font-size: 1.2em; letter-spacing: 0.1em;\"><strong><a href=\"\/es\/grooming-salon\/signature-haircut-shave-combination\/\">CORTE DE PELO Y AFEITADO<\/a><\/strong><\/p>\n\n\t\t<\/div> \n\t<\/div> <div class=\"separator  transparent\" style=\"margin-top:10px;margin-bottom:0px\"><\/div>\n\n\t<div class=\"wpb_text_column wpb_content_element\">\n\t\t<div class=\"wpb_wrapper\">\n\t\t\t<p style=\"text-align: center;\">Obtenga lo mejor de ambos mundos con nuestro corte de pelo y afeitado con toalla caliente, una experiencia \u00fanica.<\/p>\n\n\t\t<\/div> \n\t<\/div> <div class=\"separator  transparent\" style=\"margin-top:25px;margin-bottom:0px\"><\/div>\n<a href=\"\/es\/grooming-salon\/signature-haircut-shave-combination\/\" target=\"_self\" data-hover-background-color=\"#95a31a\" data-hover-border-color=\"#95a31a\" data-hover-color=\"#ffffff\"  class=\"qbutton  small\" style=\"color: #ffffff; border-color: #000000; font-style: normal; background-color: #000000;\">M\u00e1s Informaci\u00f3n<\/a><div class=\"vc_empty_space\"   style=\"height: 99px\"><span class=\"vc_empty_space_inner\"><\/span><\/div><\/div><\/div><\/div><\/div><\/div><div class=\"vc_empty_space\"   style=\"height: 1px\"><span class=\"vc_empty_space_inner\"><\/span><\/div><div     class=\"vc_row wpb_row vc_inner section vc_row-fluid grid_section\" style='background-color:#ffffff; padding-top:0px; padding-bottom:0px; text-align:center;'><div class=\"section_inner clearfix\"><div class='section_inner_margin clearfix'><div class=\"barbershop-services wpb_column vc_column_container vc_col-sm-4\"><div class=\"vc_column-inner\"><div class=\"wpb_wrapper\">\n\t<div class=\"wpb_single_image wpb_content_element vc_align_center\">\n\t\t<div class=\"wpb_wrapper\">\n\t\t\t\n\t\t\t<a href=\"\/es\/grooming-salon\/beard-trim\/\" target=\"_self\"><div class=\"vc_single_image-wrapper   vc_box_border_grey\"><img loading=\"lazy\" decoding=\"async\" width=\"660\" height=\"400\" src=\"https:\/\/barbersurgeonsguild.com\/wp-content\/uploads\/2020\/06\/barbersurgeonsguild-beard-trim@2x.jpg\" class=\"vc_single_image-img attachment-full\" alt=\"Beard Trim\" title=\"Corte de barba\" srcset=\"https:\/\/barbersurgeonsguild.com\/wp-content\/uploads\/2020\/06\/barbersurgeonsguild-beard-trim@2x.jpg 660w, https:\/\/barbersurgeonsguild.com\/wp-content\/uploads\/2020\/06\/barbersurgeonsguild-beard-trim@2x-300x182.jpg 300w\" sizes=\"auto, (max-width: 660px) 100vw, 660px\" \/><\/div><\/a>\n\t\t<\/div>\n\t<\/div>\n<div class=\"separator  transparent\" style=\"margin-top:20px;margin-bottom:0px\"><\/div>\n\n\t<div class=\"wpb_text_column wpb_content_element\">\n\t\t<div class=\"wpb_wrapper\">\n\t\t\t<p class=\"service-type\" style=\"text-align: center; font-size: 1.2em; letter-spacing: 0.1em;\"><strong><a href=\"\/es\/grooming-salon\/beard-trim\/\">CORTE DE BARBA<\/a><\/strong><\/p>\n\n\t\t<\/div> \n\t<\/div> <div class=\"separator  transparent\" style=\"margin-top:10px;margin-bottom:0px\"><\/div>\n\n\t<div class=\"wpb_text_column wpb_content_element\">\n\t\t<div class=\"wpb_wrapper\">\n\t\t\t<p style=\"text-align: center;\">Nuestros expertos estilistas dar\u00e1n forma y crear\u00e1n un vello facial de contorno supremo que muestre los mejores rasgos del cliente.<\/p>\n\n\t\t<\/div> \n\t<\/div> <div class=\"separator  transparent\" style=\"margin-top:25px;margin-bottom:0px\"><\/div>\n<a href=\"\/es\/grooming-salon\/beard-trim\/\" target=\"_self\" data-hover-background-color=\"#95a31a\" data-hover-border-color=\"#95a31a\" data-hover-color=\"#ffffff\"  class=\"qbutton  small\" style=\"color: #ffffff; border-color: #000000; font-style: normal; background-color: #000000;\">M\u00e1s Informaci\u00f3n<\/a><div class=\"vc_empty_space\"   style=\"height: 100px\"><span class=\"vc_empty_space_inner\"><\/span><\/div><\/div><\/div><\/div><div class=\"hide barbershop-services wpb_column vc_column_container vc_col-sm-4\"><div class=\"vc_column-inner\"><div class=\"wpb_wrapper\">\n\t<div class=\"wpb_single_image wpb_content_element vc_align_center\">\n\t\t<div class=\"wpb_wrapper\">\n\t\t\t\n\t\t\t<a href=\"\/es\/grooming-salon\/cleanup\/\" target=\"_self\"><div class=\"vc_single_image-wrapper   vc_box_border_grey\"><img loading=\"lazy\" decoding=\"async\" width=\"660\" height=\"400\" src=\"https:\/\/barbersurgeonsguild.com\/wp-content\/uploads\/2020\/06\/barbersurgeonsguild-cleanup@2x.jpg\" class=\"vc_single_image-img attachment-full\" alt=\"Cleanup\" title=\"Cleanup\" srcset=\"https:\/\/barbersurgeonsguild.com\/wp-content\/uploads\/2020\/06\/barbersurgeonsguild-cleanup@2x.jpg 660w, https:\/\/barbersurgeonsguild.com\/wp-content\/uploads\/2020\/06\/barbersurgeonsguild-cleanup@2x-300x182.jpg 300w\" sizes=\"auto, (max-width: 660px) 100vw, 660px\" \/><\/div><\/a>\n\t\t<\/div>\n\t<\/div>\n<div class=\"separator  transparent\" style=\"margin-top:20px;margin-bottom:0px\"><\/div>\n\n\t<div class=\"wpb_text_column wpb_content_element\">\n\t\t<div class=\"wpb_wrapper\">\n\t\t\t<p class=\"service-type\" style=\"text-align: center; font-size: 1.2em; letter-spacing: 0.1em;\"><strong><a href=\"\/es\/grooming-salon\/cleanup\/\">CLEANUP<\/a><\/strong><\/p>\n\n\t\t<\/div> \n\t<\/div> <div class=\"separator  transparent\" style=\"margin-top:10px;margin-bottom:0px\"><\/div>\n\n\t<div class=\"wpb_text_column wpb_content_element\">\n\t\t<div class=\"wpb_wrapper\">\n\t\t\t<p style=\"text-align: center;\">Meant to provide our clients with an opportunity to look crisp and fresh for as long as possible.<\/p>\n\n\t\t<\/div> \n\t<\/div> <div class=\"separator  transparent\" style=\"margin-top:25px;margin-bottom:0px\"><\/div>\n<a href=\"\/es\/grooming-salon\/cleanup\/\" target=\"_self\" data-hover-background-color=\"#95a31a\" data-hover-border-color=\"#95a31a\" data-hover-color=\"#ffffff\"  class=\"qbutton  small\" style=\"color: #ffffff; border-color: #000000; font-style: normal; background-color: #000000;\">M\u00e1s Informaci\u00f3n<\/a><div class=\"vc_empty_space\"   style=\"height: 100px\"><span class=\"vc_empty_space_inner\"><\/span><\/div><\/div><\/div><\/div><div class=\"wpb_column vc_column_container vc_col-sm-4\"><div class=\"vc_column-inner vc_custom_1590966733650\"><div class=\"wpb_wrapper\"><\/div><\/div><\/div><\/div><\/div><\/div><div class=\"vc_empty_space\"   style=\"height: 60px\"><span class=\"vc_empty_space_inner\"><\/span><\/div><\/div><\/div><\/div><\/div><\/div><\/div><div     class=\"vc_row wpb_row section vc_row-fluid\" style=' padding-top:47pxpx; padding-bottom:47pxpx; text-align:left;'><div class=\"full_section_inner clearfix\"><div class=\"wpb_column vc_column_container vc_col-sm-12\"><div class=\"vc_column-inner\"><div class=\"wpb_wrapper\">\n\t<div class=\"wpb_text_column wpb_content_element\">\n\t\t<div class=\"wpb_wrapper\">\n\t\t\t\n\t\t<\/div> \n\t<\/div> <\/div><\/div><\/div><\/div><\/div><div     class=\"vc_row wpb_row section vc_row-fluid eq_height dark_shadow hide\" style='background-color:#222222; padding-top:47pxpx; padding-bottom:47pxpx; text-align:left;'><div class=\"full_section_inner clearfix\"><div class=\"wpb_column vc_column_container vc_col-sm-6 vc_col-has-fill\"><div class=\"vc_column-inner vc_custom_1646977137740\"><div class=\"wpb_wrapper\"><\/div><\/div><\/div><div class=\"custom-left-padding wpb_column vc_column_container vc_col-sm-6\"><div class=\"vc_column-inner\"><div class=\"wpb_wrapper\"><div class=\"vc_empty_space  desktop-element\"   style=\"height: 60px\"><span class=\"vc_empty_space_inner\"><\/span><\/div><div class=\"vc_empty_space  wide-desktop-element\"   style=\"height: 40px\"><span class=\"vc_empty_space_inner\"><\/span><\/div>\n\t<div class=\"wpb_text_column wpb_content_element\">\n\t\t<div class=\"wpb_wrapper\">\n\t\t\t<h2 style=\"text-align: left; font-size: 2.4em;\">Afiliaci\u00f3n a Grooming Lounge<\/h2>\n\n\t\t<\/div> \n\t<\/div> <div class=\"vc_empty_space\"   style=\"height: 15px\"><span class=\"vc_empty_space_inner\"><\/span><\/div>\n\t<div class=\"wpb_text_column wpb_content_element\">\n\t\t<div class=\"wpb_wrapper\">\n\t\t\t<p style=\"text-align: left;\" class=\"translation-block\">Estar a la \u00faltima es importante y queremos que siempre luzcas tu mejor aspecto mientras ahorras unos d\u00f3lares en el proceso. Nuestras <strong>afiliaciones mensuales<\/strong> incluyen lo siguiente:<\/p>\n\n\t\t<\/div> \n\t<\/div> <div class=\"vc_empty_space\"   style=\"height: 10px\"><span class=\"vc_empty_space_inner\"><\/span><\/div><div class='q_list circle'><\/p>\n<ul class=\"benefits-list\">\n<li>2 servicios exclusivos (corte de pelo o afeitado exclusivos)<\/li>\n<li>1 Limpieza o recorte de barba<\/li>\n<li>15% de cortes\u00eda en todos los productos BSG Grooming Productsd Trim<\/li>\n<li>Acceso VIP a eventos y promociones<\/li>\n<\/ul>\n<p><\/div><div class=\"vc_empty_space\"   style=\"height: 25px\"><span class=\"vc_empty_space_inner\"><\/span><\/div>\n\t<div class=\"wpb_text_column wpb_content_element\">\n\t\t<div class=\"wpb_wrapper\">\n\t\t\t<h2 style=\"text-align: left; font-size: 3.6em!important;\"><sup>$<\/sup>125<\/h2>\n\n\t\t<\/div> \n\t<\/div> <div class=\"vc_empty_space  mobile-element\"   style=\"height: 5px\"><span class=\"vc_empty_space_inner\"><\/span><\/div><div class=\"vc_empty_space  desktop-element\"   style=\"height: 60px\"><span class=\"vc_empty_space_inner\"><\/span><\/div><\/div><\/div><\/div><\/div><\/div>\n<\/div>","protected":false},"excerpt":{"rendered":"Barbershop Barbershop SIGNATURE HAIRCUT An exquisite classically styled precision cut, tailored to the client\u2019s style by a professionally trained master barber. LEARN MORE SIGNATURE RAZOR SHAVE We use a straight razor with a disposable blade and unparalleled shave products for a unique experience. LEARN MORE...","protected":false},"author":40,"featured_media":0,"parent":0,"menu_order":0,"comment_status":"open","ping_status":"closed","template":"full_width.php","meta":{"footnotes":""},"class_list":["post-22851","page","type-page","status-publish","hentry"],"yoast_head":"<!-- This site is optimized with the Yoast SEO plugin v27.5 - https:\/\/yoast.com\/product\/yoast-seo-wordpress\/ -->\n<title>Barbershop - Barber Surgeons Guild\u00ae<\/title>\n<meta name=\"description\" content=\"Explore Barber Surgeons Guild\u00ae&#039;s grooming services, including signature hair cut, straight razor shaves, beard trims, &amp; more.\" \/>\n<meta name=\"robots\" content=\"index, follow, max-snippet:-1, max-image-preview:large, max-video-preview:-1\" \/>\n<link rel=\"canonical\" href=\"https:\/\/barbersurgeonsguild.com\/es\/grooming-salon\/\" \/>\n<meta property=\"og:locale\" content=\"es_MX\" \/>\n<meta property=\"og:type\" content=\"article\" \/>\n<meta property=\"og:title\" content=\"Barbershop - Barber Surgeons Guild\u00ae\" \/>\n<meta property=\"og:description\" content=\"Explore Barber Surgeons Guild\u00ae&#039;s grooming services, including signature hair cut, straight razor shaves, beard trims, &amp; more.\" \/>\n<meta property=\"og:url\" content=\"https:\/\/barbersurgeonsguild.com\/es\/grooming-salon\/\" \/>\n<meta property=\"og:site_name\" content=\"Barber Surgeons Guild\u00ae\" \/>\n<meta property=\"article:modified_time\" content=\"2026-03-24T19:42:04+00:00\" \/>\n<meta property=\"og:image\" content=\"https:\/\/barbersurgeonsguild.com\/wp-content\/uploads\/2021\/10\/barbersurgeonsguild-artas-after-strip.jpg\" \/>\n\t<meta property=\"og:image:width\" content=\"660\" \/>\n\t<meta property=\"og:image:height\" content=\"400\" \/>\n\t<meta property=\"og:image:type\" content=\"image\/jpeg\" \/>\n<meta name=\"twitter:card\" content=\"summary_large_image\" \/>\n<meta name=\"twitter:label1\" content=\"Tiempo de lectura\" \/>\n\t<meta name=\"twitter:data1\" content=\"3 minutos\" \/>\n<script type=\"application\/ld+json\" class=\"yoast-schema-graph\">{\"@context\":\"https:\\\/\\\/schema.org\",\"@graph\":[{\"@type\":\"WebPage\",\"@id\":\"https:\\\/\\\/barbersurgeonsguild.com\\\/grooming-salon\\\/\",\"url\":\"https:\\\/\\\/barbersurgeonsguild.com\\\/grooming-salon\\\/\",\"name\":\"Barbershop - Barber Surgeons Guild\u00ae\",\"isPartOf\":{\"@id\":\"https:\\\/\\\/barbersurgeonsguild.com\\\/#website\"},\"datePublished\":\"2020-06-02T23:16:56+00:00\",\"dateModified\":\"2026-03-24T19:42:04+00:00\",\"description\":\"Explore Barber Surgeons Guild\u00ae's grooming services, including signature hair cut, straight razor shaves, beard trims, & more.\",\"breadcrumb\":{\"@id\":\"https:\\\/\\\/barbersurgeonsguild.com\\\/grooming-salon\\\/#breadcrumb\"},\"inLanguage\":\"es-MX\",\"potentialAction\":[{\"@type\":\"ReadAction\",\"target\":[\"https:\\\/\\\/barbersurgeonsguild.com\\\/grooming-salon\\\/\"]}]},{\"@type\":\"BreadcrumbList\",\"@id\":\"https:\\\/\\\/barbersurgeonsguild.com\\\/grooming-salon\\\/#breadcrumb\",\"itemListElement\":[{\"@type\":\"ListItem\",\"position\":1,\"name\":\"Home\",\"item\":\"https:\\\/\\\/barbersurgeonsguild.com\\\/\"},{\"@type\":\"ListItem\",\"position\":2,\"name\":\"Barbershop\"}]},{\"@type\":\"WebSite\",\"@id\":\"https:\\\/\\\/barbersurgeonsguild.com\\\/#website\",\"url\":\"https:\\\/\\\/barbersurgeonsguild.com\\\/\",\"name\":\"Barber Surgeons Guild\u00ae\",\"description\":\"Grooming Redefined | West Hollywood, CA &amp; New York, NY\",\"publisher\":{\"@id\":\"https:\\\/\\\/barbersurgeonsguild.com\\\/#organization\"},\"potentialAction\":[{\"@type\":\"SearchAction\",\"target\":{\"@type\":\"EntryPoint\",\"urlTemplate\":\"https:\\\/\\\/barbersurgeonsguild.com\\\/?s={search_term_string}\"},\"query-input\":{\"@type\":\"PropertyValueSpecification\",\"valueRequired\":true,\"valueName\":\"search_term_string\"}}],\"inLanguage\":\"es-MX\"},{\"@type\":\"Organization\",\"@id\":\"https:\\\/\\\/barbersurgeonsguild.com\\\/#organization\",\"name\":\"Barber Surgeons Guild\u00ae\",\"url\":\"https:\\\/\\\/barbersurgeonsguild.com\\\/\",\"logo\":{\"@type\":\"ImageObject\",\"inLanguage\":\"es-MX\",\"@id\":\"https:\\\/\\\/barbersurgeonsguild.com\\\/#\\\/schema\\\/logo\\\/image\\\/\",\"url\":\"https:\\\/\\\/barbersurgeonsguild.com\\\/wp-content\\\/uploads\\\/2022\\\/07\\\/barbersurgeonsguild-logo@3x.png\",\"contentUrl\":\"https:\\\/\\\/barbersurgeonsguild.com\\\/wp-content\\\/uploads\\\/2022\\\/07\\\/barbersurgeonsguild-logo@3x.png\",\"width\":500,\"height\":300,\"caption\":\"Barber Surgeons Guild\u00ae\"},\"image\":{\"@id\":\"https:\\\/\\\/barbersurgeonsguild.com\\\/#\\\/schema\\\/logo\\\/image\\\/\"}}]}<\/script>\n<!-- \/ Yoast SEO plugin. -->","yoast_head_json":{"title":"Barbershop - Barber Surgeons Guild\u00ae","description":"Explore Barber Surgeons Guild\u00ae's grooming services, including signature hair cut, straight razor shaves, beard trims, & more.","robots":{"index":"index","follow":"follow","max-snippet":"max-snippet:-1","max-image-preview":"max-image-preview:large","max-video-preview":"max-video-preview:-1"},"canonical":"https:\/\/barbersurgeonsguild.com\/es\/grooming-salon\/","og_locale":"es_MX","og_type":"article","og_title":"Barbershop - Barber Surgeons Guild\u00ae","og_description":"Explore Barber Surgeons Guild\u00ae's grooming services, including signature hair cut, straight razor shaves, beard trims, & more.","og_url":"https:\/\/barbersurgeonsguild.com\/es\/grooming-salon\/","og_site_name":"Barber Surgeons Guild\u00ae","article_modified_time":"2026-03-24T19:42:04+00:00","og_image":[{"width":660,"height":400,"url":"https:\/\/barbersurgeonsguild.com\/wp-content\/uploads\/2021\/10\/barbersurgeonsguild-artas-after-strip.jpg","type":"image\/jpeg"}],"twitter_card":"summary_large_image","twitter_misc":{"Tiempo de lectura":"3 minutos"},"schema":{"@context":"https:\/\/schema.org","@graph":[{"@type":"WebPage","@id":"https:\/\/barbersurgeonsguild.com\/grooming-salon\/","url":"https:\/\/barbersurgeonsguild.com\/grooming-salon\/","name":"Barbershop - Barber Surgeons Guild\u00ae","isPartOf":{"@id":"https:\/\/barbersurgeonsguild.com\/#website"},"datePublished":"2020-06-02T23:16:56+00:00","dateModified":"2026-03-24T19:42:04+00:00","description":"Explore Barber Surgeons Guild\u00ae's grooming services, including signature hair cut, straight razor shaves, beard trims, & more.","breadcrumb":{"@id":"https:\/\/barbersurgeonsguild.com\/grooming-salon\/#breadcrumb"},"inLanguage":"es-MX","potentialAction":[{"@type":"ReadAction","target":["https:\/\/barbersurgeonsguild.com\/grooming-salon\/"]}]},{"@type":"BreadcrumbList","@id":"https:\/\/barbersurgeonsguild.com\/grooming-salon\/#breadcrumb","itemListElement":[{"@type":"ListItem","position":1,"name":"Home","item":"https:\/\/barbersurgeonsguild.com\/"},{"@type":"ListItem","position":2,"name":"Barbershop"}]},{"@type":"WebSite","@id":"https:\/\/barbersurgeonsguild.com\/#website","url":"https:\/\/barbersurgeonsguild.com\/","name":"Barber Surgeons Guild\u00ae","description":"Grooming Redefined | West Hollywood, CA &amp; New York, NY","publisher":{"@id":"https:\/\/barbersurgeonsguild.com\/#organization"},"potentialAction":[{"@type":"SearchAction","target":{"@type":"EntryPoint","urlTemplate":"https:\/\/barbersurgeonsguild.com\/?s={search_term_string}"},"query-input":{"@type":"PropertyValueSpecification","valueRequired":true,"valueName":"search_term_string"}}],"inLanguage":"es-MX"},{"@type":"Organization","@id":"https:\/\/barbersurgeonsguild.com\/#organization","name":"Barber Surgeons Guild\u00ae","url":"https:\/\/barbersurgeonsguild.com\/","logo":{"@type":"ImageObject","inLanguage":"es-MX","@id":"https:\/\/barbersurgeonsguild.com\/#\/schema\/logo\/image\/","url":"https:\/\/barbersurgeonsguild.com\/wp-content\/uploads\/2022\/07\/barbersurgeonsguild-logo@3x.png","contentUrl":"https:\/\/barbersurgeonsguild.com\/wp-content\/uploads\/2022\/07\/barbersurgeonsguild-logo@3x.png","width":500,"height":300,"caption":"Barber Surgeons Guild\u00ae"},"image":{"@id":"https:\/\/barbersurgeonsguild.com\/#\/schema\/logo\/image\/"}}]}},"_links":{"self":[{"href":"https:\/\/barbersurgeonsguild.com\/es\/wp-json\/wp\/v2\/pages\/22851","targetHints":{"allow":["GET"]}}],"collection":[{"href":"https:\/\/barbersurgeonsguild.com\/es\/wp-json\/wp\/v2\/pages"}],"about":[{"href":"https:\/\/barbersurgeonsguild.com\/es\/wp-json\/wp\/v2\/types\/page"}],"author":[{"embeddable":true,"href":"https:\/\/barbersurgeonsguild.com\/es\/wp-json\/wp\/v2\/users\/40"}],"replies":[{"embeddable":true,"href":"https:\/\/barbersurgeonsguild.com\/es\/wp-json\/wp\/v2\/comments?post=22851"}],"version-history":[{"count":0,"href":"https:\/\/barbersurgeonsguild.com\/es\/wp-json\/wp\/v2\/pages\/22851\/revisions"}],"wp:attachment":[{"href":"https:\/\/barbersurgeonsguild.com\/es\/wp-json\/wp\/v2\/media?parent=22851"}],"curies":[{"name":"wp","href":"https:\/\/api.w.org\/{rel}","templated":true}]}}