{"id":22865,"date":"2020-06-04T03:36:10","date_gmt":"2020-06-04T03:36:10","guid":{"rendered":"https:\/\/bsgsite.wpengine.com\/?page_id=22865"},"modified":"2026-03-25T07:11:32","modified_gmt":"2026-03-25T07:11:32","slug":"beard-trim","status":"publish","type":"page","link":"https:\/\/barbersurgeonsguild.com\/es\/grooming-salon\/beard-trim\/","title":{"rendered":"Corte de barba"},"content":{"rendered":"<div class=\"wpb-content-wrapper\"><div     class=\"vc_row wpb_row section vc_row-fluid\" style='background-color:#ffffff; padding-top:47pxpx; padding-bottom:47pxpx; text-align:center;'><div class=\"full_section_inner clearfix\"><div class=\"wpb_column vc_column_container vc_col-sm-12\"><div class=\"vc_column-inner\"><div class=\"wpb_wrapper\"><div class=\"vc_empty_space  desktop-element\"   style=\"height: 80px\"><span class=\"vc_empty_space_inner\"><\/span><\/div><div class=\"vc_empty_space  mobile-element\"   style=\"height: 40px\"><span class=\"vc_empty_space_inner\"><\/span><\/div><div     class=\"vc_row wpb_row vc_inner section vc_row-fluid desktop-element grid_section\" style=' padding-top:0px; padding-bottom:0px; text-align:left;'><div class=\"section_inner clearfix\"><div class='section_inner_margin clearfix'><div class=\"wpb_column vc_column_container vc_col-sm-2\/5\"><div class=\"vc_column-inner\"><div class=\"wpb_wrapper\">\n\t<div class=\"wpb_single_image wpb_content_element vc_align_center\">\n\t\t<div class=\"wpb_wrapper\">\n\t\t\t\n\t\t\t<div class=\"vc_single_image-wrapper   vc_box_border_grey\"><img loading=\"lazy\" decoding=\"async\" width=\"660\" height=\"400\" src=\"https:\/\/barbersurgeonsguild.com\/wp-content\/uploads\/2020\/06\/barbersurgeonsguild-beard-trim@2x.jpg\" class=\"vc_single_image-img attachment-full\" alt=\"Beard Trim\" title=\"Corte de barba\" srcset=\"https:\/\/barbersurgeonsguild.com\/wp-content\/uploads\/2020\/06\/barbersurgeonsguild-beard-trim@2x.jpg 660w, https:\/\/barbersurgeonsguild.com\/wp-content\/uploads\/2020\/06\/barbersurgeonsguild-beard-trim@2x-300x182.jpg 300w\" sizes=\"auto, (max-width: 660px) 100vw, 660px\" \/><\/div>\n\t\t<\/div>\n\t<\/div>\n<\/div><\/div><\/div><div class=\"wpb_column vc_column_container vc_col-sm-3\/5\"><div class=\"vc_column-inner\"><div class=\"wpb_wrapper\">\n\t<div class=\"wpb_text_column wpb_content_element\">\n\t\t<div class=\"wpb_wrapper\">\n\t\t\t<h1 style=\"font-size: 2.4em; text-align: left; font-family: georgia,serif; letter-spacing: 0px;\">Corte de barba<\/h1>\n\n\t\t<\/div> \n\t<\/div> <div class=\"separator  transparent\" style=\"margin-top:10px;margin-bottom:0px\"><\/div>\n\n\t<div class=\"wpb_text_column wpb_content_element\">\n\t\t<div class=\"wpb_wrapper\">\n\t\t\t<p class=\"section-sub-header translation-block\" style=\"text-align: left;\">Incluye consulta con un BSG<sup>\u00ae<\/sup> Maestro Barbero<\/p>\n\n\t\t<\/div> \n\t<\/div> <div class=\"separator  transparent\" style=\"margin-top:25px;margin-bottom:0px\"><\/div>\n\n\t<div class=\"wpb_text_column wpb_content_element\">\n\t\t<div class=\"wpb_wrapper\">\n\t\t\t<p style=\"text-align: left;\">Un maestro peluquero con formaci\u00f3n profesional adapta el recorte del vello facial al estilo del cliente. Nuestros estilistas utilizan su experiencia y conocimientos para crear un vello facial de contorno supremo que muestre los mejores rasgos del cliente.<\/p>\n\n\t\t<\/div> \n\t<\/div> <div class=\"separator  transparent\" style=\"margin-top:20px;margin-bottom:0px\"><\/div>\n\n\t<div class=\"wpb_text_column wpb_content_element\">\n\t\t<div class=\"wpb_wrapper\">\n\t\t\t<p style=\"text-align: left;\">Nuestro servicio incluye una consulta con un maestro barbero. A continuaci\u00f3n, se reclina la silla del barbero, se coloca una toalla sobre los ojos del cliente para protegerlos de los pelos rebeldes y comienza el proceso. El vello facial se recorta y contornea seg\u00fan las necesidades del cliente. A continuaci\u00f3n, se aplica el mejor talco de Italia para eliminar el vello suelto. A continuaci\u00f3n, se cierra la experiencia del vello facial con una toalla caliente.<\/p>\n\n\t\t<\/div> \n\t<\/div> <div class=\"separator  transparent\" style=\"margin-top:20px;margin-bottom:0px\"><\/div>\n\n\t<div class=\"wpb_text_column wpb_content_element\">\n\t\t<div class=\"wpb_wrapper\">\n\t\t\t<p style=\"text-align: left;\">El recorte de barba est\u00e1 dise\u00f1ado para obtener las mejores cualidades faciales que se adapten a las necesidades de estilo del cliente. Se trata de una experiencia sumamente relajante que deja al cliente completamente arreglado y fresco.<\/p>\n\n\t\t<\/div> \n\t<\/div> <div class=\"vc_empty_space\"   style=\"height: 25px\"><span class=\"vc_empty_space_inner\"><\/span><\/div>\n\t<div class=\"wpb_text_column wpb_content_element\">\n\t\t<div class=\"wpb_wrapper\">\n\t\t\t<p class=\"product-price\" style=\"text-align: left; font-size: 2.6em!important;\"><sup>$<\/sup>25<\/p>\n\n\t\t<\/div> \n\t<\/div> <div class=\"vc_empty_space\"   style=\"height: 25px\"><span class=\"vc_empty_space_inner\"><\/span><\/div><a href=\"\/es\/booking-form\/#service-10193538\" target=\"_self\" data-hover-background-color=\"#95a31a\" data-hover-border-color=\"#95a31a\" data-hover-color=\"#ffffff\"  class=\"qbutton  small\" style=\"color: #ffffff; border-color: #000000; font-style: normal; background-color: #000000;\">Reservar<\/a><\/div><\/div><\/div><\/div><\/div><\/div><div     class=\"vc_row wpb_row vc_inner section vc_row-fluid mobile-element grid_section\" style=' padding-top:0px; padding-bottom:0px; text-align:center;'><div class=\"section_inner clearfix\"><div class='section_inner_margin clearfix'><div class=\"wpb_column vc_column_container vc_col-sm-2\/5\"><div class=\"vc_column-inner\"><div class=\"wpb_wrapper\">\n\t<div class=\"wpb_single_image wpb_content_element vc_align_center\">\n\t\t<div class=\"wpb_wrapper\">\n\t\t\t\n\t\t\t<div class=\"vc_single_image-wrapper   vc_box_border_grey\"><img loading=\"lazy\" decoding=\"async\" width=\"660\" height=\"400\" src=\"https:\/\/barbersurgeonsguild.com\/wp-content\/uploads\/2020\/06\/barbersurgeonsguild-beard-trim@2x.jpg\" class=\"vc_single_image-img attachment-full\" alt=\"Beard Trim\" title=\"Corte de barba\" srcset=\"https:\/\/barbersurgeonsguild.com\/wp-content\/uploads\/2020\/06\/barbersurgeonsguild-beard-trim@2x.jpg 660w, https:\/\/barbersurgeonsguild.com\/wp-content\/uploads\/2020\/06\/barbersurgeonsguild-beard-trim@2x-300x182.jpg 300w\" sizes=\"auto, (max-width: 660px) 100vw, 660px\" \/><\/div>\n\t\t<\/div>\n\t<\/div>\n<\/div><\/div><\/div><div class=\"wpb_column vc_column_container vc_col-sm-3\/5\"><div class=\"vc_column-inner\"><div class=\"wpb_wrapper\"><div class=\"vc_empty_space\"   style=\"height: 40px\"><span class=\"vc_empty_space_inner\"><\/span><\/div>\n\t<div class=\"wpb_text_column wpb_content_element\">\n\t\t<div class=\"wpb_wrapper\">\n\t\t\t<h1 style=\"font-size: 2em; letter-spacing: 0px; font-family: georgia, serif; text-align: center;\">Corte de barba<\/h1>\n\n\t\t<\/div> \n\t<\/div> <div class=\"separator  transparent\" style=\"margin-top:10px;margin-bottom:0px\"><\/div>\n\n\t<div class=\"wpb_text_column wpb_content_element\">\n\t\t<div class=\"wpb_wrapper\">\n\t\t\t<p class=\"section-sub-header translation-block\" style=\"text-align: center;\">Incluye consulta con un BSG<sup>\u00ae<\/sup> Maestro Barbero<\/p>\n\n\t\t<\/div> \n\t<\/div> <div class=\"separator  transparent\" style=\"margin-top:25px;margin-bottom:0px\"><\/div>\n\n\t<div class=\"wpb_text_column wpb_content_element\">\n\t\t<div class=\"wpb_wrapper\">\n\t\t\t<p style=\"text-align: center;\">Un maestro peluquero con formaci\u00f3n profesional adapta el recorte del vello facial al estilo del cliente. Nuestros estilistas utilizan su experiencia y conocimientos para crear un vello facial de contorno supremo que muestre los mejores rasgos del cliente.<\/p>\n\n\t\t<\/div> \n\t<\/div> <div class=\"separator  transparent\" style=\"margin-top:20px;margin-bottom:0px\"><\/div>\n\n\t<div class=\"wpb_text_column wpb_content_element\">\n\t\t<div class=\"wpb_wrapper\">\n\t\t\t<p style=\"text-align: center;\">Nuestro servicio incluye una consulta con un maestro barbero. A continuaci\u00f3n, se reclina la silla del barbero, se coloca una toalla sobre los ojos del cliente para protegerlos de los pelos rebeldes y comienza el proceso. El vello facial se recorta y contornea seg\u00fan las necesidades del cliente. A continuaci\u00f3n, se aplica el mejor talco de Italia para eliminar el vello suelto. A continuaci\u00f3n, se cierra la experiencia del vello facial con una toalla caliente.<\/p>\n\n\t\t<\/div> \n\t<\/div> <div class=\"separator  transparent\" style=\"margin-top:20px;margin-bottom:0px\"><\/div>\n\n\t<div class=\"wpb_text_column wpb_content_element\">\n\t\t<div class=\"wpb_wrapper\">\n\t\t\t<p style=\"text-align: center;\">El recorte de barba est\u00e1 dise\u00f1ado para obtener las mejores cualidades faciales que se adapten a las necesidades de estilo del cliente. Se trata de una experiencia sumamente relajante que deja al cliente completamente arreglado y fresco.<\/p>\n\n\t\t<\/div> \n\t<\/div> <div class=\"vc_empty_space\"   style=\"height: 25px\"><span class=\"vc_empty_space_inner\"><\/span><\/div>\n\t<div class=\"wpb_text_column wpb_content_element\">\n\t\t<div class=\"wpb_wrapper\">\n\t\t\t<div class=\"product-price\" style=\"text-align: center; font-size: 2.6em!important;\"><sup>$<\/sup>25<\/div>\n\n\t\t<\/div> \n\t<\/div> <div class=\"vc_empty_space\"   style=\"height: 25px\"><span class=\"vc_empty_space_inner\"><\/span><\/div><a href=\"\/es\/booking-form\/#service-10193538\" target=\"_self\" data-hover-background-color=\"#95a31a\" data-hover-border-color=\"#95a31a\" data-hover-color=\"#ffffff\"  class=\"qbutton  small\" style=\"color: #ffffff; border-color: #000000; font-style: normal; background-color: #000000;\">Reservar<\/a><\/div><\/div><\/div><\/div><\/div><\/div><div class=\"vc_empty_space\"   style=\"height: 100px\"><span class=\"vc_empty_space_inner\"><\/span><\/div><\/div><\/div><\/div><\/div><\/div>\n<\/div>","protected":false},"excerpt":{"rendered":"Beard Trim Includes consultation with a BSG\u00ae Master Barber A professionally trained master barber tailors a facial hair trim to the client\u2019s style. Our stylists use their experience and expertise to create supreme contoured facial hair that demonstrates the client\u2019s best features. Our service includes...","protected":false},"author":40,"featured_media":0,"parent":22851,"menu_order":0,"comment_status":"open","ping_status":"closed","template":"full_width.php","meta":{"footnotes":""},"class_list":["post-22865","page","type-page","status-publish","hentry"],"yoast_head":"<!-- This site is optimized with the Yoast SEO plugin v27.4 - https:\/\/yoast.com\/product\/yoast-seo-wordpress\/ -->\n<title>Beard Trim - Barber Surgeons Guild\u00ae<\/title>\n<meta name=\"description\" content=\"Barber Surgeons Guild\u00ae&#039;s master barbers tailor a facial hair trim to your style. Book an appointment and get a complimentary consultation.\" \/>\n<meta name=\"robots\" content=\"index, follow, max-snippet:-1, max-image-preview:large, max-video-preview:-1\" \/>\n<link rel=\"canonical\" href=\"https:\/\/barbersurgeonsguild.com\/es\/grooming-salon\/beard-trim\/\" \/>\n<meta property=\"og:locale\" content=\"es_MX\" \/>\n<meta property=\"og:type\" content=\"article\" \/>\n<meta property=\"og:title\" content=\"Beard Trim - Barber Surgeons Guild\u00ae\" \/>\n<meta property=\"og:description\" content=\"Barber Surgeons Guild\u00ae&#039;s master barbers tailor a facial hair trim to your style. Book an appointment and get a complimentary consultation.\" \/>\n<meta property=\"og:url\" content=\"https:\/\/barbersurgeonsguild.com\/es\/grooming-salon\/beard-trim\/\" \/>\n<meta property=\"og:site_name\" content=\"Barber Surgeons Guild\u00ae\" \/>\n<meta property=\"article:modified_time\" content=\"2026-03-25T07:11:32+00:00\" \/>\n<meta property=\"og:image\" content=\"https:\/\/barbersurgeonsguild.com\/wp-content\/uploads\/2021\/10\/barbersurgeonsguild-artas-after-strip.jpg\" \/>\n\t<meta property=\"og:image:width\" content=\"660\" \/>\n\t<meta property=\"og:image:height\" content=\"400\" \/>\n\t<meta property=\"og:image:type\" content=\"image\/jpeg\" \/>\n<meta name=\"twitter:card\" content=\"summary_large_image\" \/>\n<meta name=\"twitter:label1\" content=\"Tiempo de lectura\" \/>\n\t<meta name=\"twitter:data1\" content=\"2 minutos\" \/>\n<script type=\"application\/ld+json\" class=\"yoast-schema-graph\">{\"@context\":\"https:\\\/\\\/schema.org\",\"@graph\":[{\"@type\":\"WebPage\",\"@id\":\"https:\\\/\\\/barbersurgeonsguild.com\\\/grooming-salon\\\/beard-trim\\\/\",\"url\":\"https:\\\/\\\/barbersurgeonsguild.com\\\/grooming-salon\\\/beard-trim\\\/\",\"name\":\"Beard Trim - Barber Surgeons Guild\u00ae\",\"isPartOf\":{\"@id\":\"https:\\\/\\\/barbersurgeonsguild.com\\\/#website\"},\"datePublished\":\"2020-06-04T03:36:10+00:00\",\"dateModified\":\"2026-03-25T07:11:32+00:00\",\"description\":\"Barber Surgeons Guild\u00ae's master barbers tailor a facial hair trim to your style. Book an appointment and get a complimentary consultation.\",\"breadcrumb\":{\"@id\":\"https:\\\/\\\/barbersurgeonsguild.com\\\/grooming-salon\\\/beard-trim\\\/#breadcrumb\"},\"inLanguage\":\"es-MX\",\"potentialAction\":[{\"@type\":\"ReadAction\",\"target\":[\"https:\\\/\\\/barbersurgeonsguild.com\\\/grooming-salon\\\/beard-trim\\\/\"]}]},{\"@type\":\"BreadcrumbList\",\"@id\":\"https:\\\/\\\/barbersurgeonsguild.com\\\/grooming-salon\\\/beard-trim\\\/#breadcrumb\",\"itemListElement\":[{\"@type\":\"ListItem\",\"position\":1,\"name\":\"Home\",\"item\":\"https:\\\/\\\/barbersurgeonsguild.com\\\/\"},{\"@type\":\"ListItem\",\"position\":2,\"name\":\"Barbershop\",\"item\":\"https:\\\/\\\/barbersurgeonsguild.com\\\/grooming-salon\\\/\"},{\"@type\":\"ListItem\",\"position\":3,\"name\":\"Beard Trim\"}]},{\"@type\":\"WebSite\",\"@id\":\"https:\\\/\\\/barbersurgeonsguild.com\\\/#website\",\"url\":\"https:\\\/\\\/barbersurgeonsguild.com\\\/\",\"name\":\"Barber Surgeons Guild\u00ae\",\"description\":\"Grooming Redefined | West Hollywood, CA &amp; New York, NY\",\"publisher\":{\"@id\":\"https:\\\/\\\/barbersurgeonsguild.com\\\/#organization\"},\"potentialAction\":[{\"@type\":\"SearchAction\",\"target\":{\"@type\":\"EntryPoint\",\"urlTemplate\":\"https:\\\/\\\/barbersurgeonsguild.com\\\/?s={search_term_string}\"},\"query-input\":{\"@type\":\"PropertyValueSpecification\",\"valueRequired\":true,\"valueName\":\"search_term_string\"}}],\"inLanguage\":\"es-MX\"},{\"@type\":\"Organization\",\"@id\":\"https:\\\/\\\/barbersurgeonsguild.com\\\/#organization\",\"name\":\"Barber Surgeons Guild\u00ae\",\"url\":\"https:\\\/\\\/barbersurgeonsguild.com\\\/\",\"logo\":{\"@type\":\"ImageObject\",\"inLanguage\":\"es-MX\",\"@id\":\"https:\\\/\\\/barbersurgeonsguild.com\\\/#\\\/schema\\\/logo\\\/image\\\/\",\"url\":\"https:\\\/\\\/barbersurgeonsguild.com\\\/wp-content\\\/uploads\\\/2022\\\/07\\\/barbersurgeonsguild-logo@3x.png\",\"contentUrl\":\"https:\\\/\\\/barbersurgeonsguild.com\\\/wp-content\\\/uploads\\\/2022\\\/07\\\/barbersurgeonsguild-logo@3x.png\",\"width\":500,\"height\":300,\"caption\":\"Barber Surgeons Guild\u00ae\"},\"image\":{\"@id\":\"https:\\\/\\\/barbersurgeonsguild.com\\\/#\\\/schema\\\/logo\\\/image\\\/\"}}]}<\/script>\n<!-- \/ Yoast SEO plugin. -->","yoast_head_json":{"title":"Beard Trim - Barber Surgeons Guild\u00ae","description":"Barber Surgeons Guild\u00ae's master barbers tailor a facial hair trim to your style. Book an appointment and get a complimentary consultation.","robots":{"index":"index","follow":"follow","max-snippet":"max-snippet:-1","max-image-preview":"max-image-preview:large","max-video-preview":"max-video-preview:-1"},"canonical":"https:\/\/barbersurgeonsguild.com\/es\/grooming-salon\/beard-trim\/","og_locale":"es_MX","og_type":"article","og_title":"Beard Trim - Barber Surgeons Guild\u00ae","og_description":"Barber Surgeons Guild\u00ae's master barbers tailor a facial hair trim to your style. Book an appointment and get a complimentary consultation.","og_url":"https:\/\/barbersurgeonsguild.com\/es\/grooming-salon\/beard-trim\/","og_site_name":"Barber Surgeons Guild\u00ae","article_modified_time":"2026-03-25T07:11:32+00:00","og_image":[{"width":660,"height":400,"url":"https:\/\/barbersurgeonsguild.com\/wp-content\/uploads\/2021\/10\/barbersurgeonsguild-artas-after-strip.jpg","type":"image\/jpeg"}],"twitter_card":"summary_large_image","twitter_misc":{"Tiempo de lectura":"2 minutos"},"schema":{"@context":"https:\/\/schema.org","@graph":[{"@type":"WebPage","@id":"https:\/\/barbersurgeonsguild.com\/grooming-salon\/beard-trim\/","url":"https:\/\/barbersurgeonsguild.com\/grooming-salon\/beard-trim\/","name":"Beard Trim - Barber Surgeons Guild\u00ae","isPartOf":{"@id":"https:\/\/barbersurgeonsguild.com\/#website"},"datePublished":"2020-06-04T03:36:10+00:00","dateModified":"2026-03-25T07:11:32+00:00","description":"Barber Surgeons Guild\u00ae's master barbers tailor a facial hair trim to your style. Book an appointment and get a complimentary consultation.","breadcrumb":{"@id":"https:\/\/barbersurgeonsguild.com\/grooming-salon\/beard-trim\/#breadcrumb"},"inLanguage":"es-MX","potentialAction":[{"@type":"ReadAction","target":["https:\/\/barbersurgeonsguild.com\/grooming-salon\/beard-trim\/"]}]},{"@type":"BreadcrumbList","@id":"https:\/\/barbersurgeonsguild.com\/grooming-salon\/beard-trim\/#breadcrumb","itemListElement":[{"@type":"ListItem","position":1,"name":"Home","item":"https:\/\/barbersurgeonsguild.com\/"},{"@type":"ListItem","position":2,"name":"Barbershop","item":"https:\/\/barbersurgeonsguild.com\/grooming-salon\/"},{"@type":"ListItem","position":3,"name":"Beard Trim"}]},{"@type":"WebSite","@id":"https:\/\/barbersurgeonsguild.com\/#website","url":"https:\/\/barbersurgeonsguild.com\/","name":"Barber Surgeons Guild\u00ae","description":"Grooming Redefined | West Hollywood, CA &amp; New York, NY","publisher":{"@id":"https:\/\/barbersurgeonsguild.com\/#organization"},"potentialAction":[{"@type":"SearchAction","target":{"@type":"EntryPoint","urlTemplate":"https:\/\/barbersurgeonsguild.com\/?s={search_term_string}"},"query-input":{"@type":"PropertyValueSpecification","valueRequired":true,"valueName":"search_term_string"}}],"inLanguage":"es-MX"},{"@type":"Organization","@id":"https:\/\/barbersurgeonsguild.com\/#organization","name":"Barber Surgeons Guild\u00ae","url":"https:\/\/barbersurgeonsguild.com\/","logo":{"@type":"ImageObject","inLanguage":"es-MX","@id":"https:\/\/barbersurgeonsguild.com\/#\/schema\/logo\/image\/","url":"https:\/\/barbersurgeonsguild.com\/wp-content\/uploads\/2022\/07\/barbersurgeonsguild-logo@3x.png","contentUrl":"https:\/\/barbersurgeonsguild.com\/wp-content\/uploads\/2022\/07\/barbersurgeonsguild-logo@3x.png","width":500,"height":300,"caption":"Barber Surgeons Guild\u00ae"},"image":{"@id":"https:\/\/barbersurgeonsguild.com\/#\/schema\/logo\/image\/"}}]}},"_links":{"self":[{"href":"https:\/\/barbersurgeonsguild.com\/es\/wp-json\/wp\/v2\/pages\/22865","targetHints":{"allow":["GET"]}}],"collection":[{"href":"https:\/\/barbersurgeonsguild.com\/es\/wp-json\/wp\/v2\/pages"}],"about":[{"href":"https:\/\/barbersurgeonsguild.com\/es\/wp-json\/wp\/v2\/types\/page"}],"author":[{"embeddable":true,"href":"https:\/\/barbersurgeonsguild.com\/es\/wp-json\/wp\/v2\/users\/40"}],"replies":[{"embeddable":true,"href":"https:\/\/barbersurgeonsguild.com\/es\/wp-json\/wp\/v2\/comments?post=22865"}],"version-history":[{"count":0,"href":"https:\/\/barbersurgeonsguild.com\/es\/wp-json\/wp\/v2\/pages\/22865\/revisions"}],"up":[{"embeddable":true,"href":"https:\/\/barbersurgeonsguild.com\/es\/wp-json\/wp\/v2\/pages\/22851"}],"wp:attachment":[{"href":"https:\/\/barbersurgeonsguild.com\/es\/wp-json\/wp\/v2\/media?parent=22865"}],"curies":[{"name":"wp","href":"https:\/\/api.w.org\/{rel}","templated":true}]}}