{"id":23423,"date":"2020-06-27T06:38:41","date_gmt":"2020-06-27T06:38:41","guid":{"rendered":"https:\/\/bsgsite.wpengine.com\/?page_id=23423"},"modified":"2026-03-24T19:07:13","modified_gmt":"2026-03-24T19:07:13","slug":"cleanse-style-maintain-kit","status":"publish","type":"page","link":"https:\/\/barbersurgeonsguild.com\/es\/products\/protocols\/cleanse-style-maintain-kit\/","title":{"rendered":"Cleanse, Style, &#038; Maintain Kit"},"content":{"rendered":"<div class=\"wpb-content-wrapper\"><div class=\"vc_row wpb_row section vc_row-fluid light-text hide vc_custom_1593229512787\" style='background-color:#272e0f; padding-top:0px; padding-bottom:0px; text-align:center;'><div class=\"full_section_inner clearfix\"><div class=\"wpb_column vc_column_container vc_col-sm-12\"><div class=\"vc_column-inner\"><div class=\"wpb_wrapper\"><div class=\"vc_empty_space\"   style=\"height: 25px\"><span class=\"vc_empty_space_inner\"><\/span><\/div>\n\t<div class=\"wpb_text_column wpb_content_element  vc_custom_1588640653773\">\n\t\t<div class=\"wpb_wrapper\">\n\t\t\t<h4 class=\"free-shipping\" style=\"text-align: center; color: #ffffff; font-size: 24px; letter-spacing: 1px;\">Env\u00edo GRATUITO a Estadios Unidos para pedidos superiores a 69 $.<\/h4>\n\n\t\t<\/div> \n\t<\/div> <div class=\"vc_empty_space\"   style=\"height: 25px\"><span class=\"vc_empty_space_inner\"><\/span><\/div><\/div><\/div><\/div><\/div><\/div><div     class=\"vc_row wpb_row section vc_row-fluid\" style='background-color:#ffffff; padding-top:47pxpx; padding-bottom:47pxpx; text-align:center;'><div class=\"full_section_inner clearfix\"><div class=\"wpb_column vc_column_container vc_col-sm-12\"><div class=\"vc_column-inner\"><div class=\"wpb_wrapper\"><div class=\"vc_empty_space  desktop-element\"   style=\"height: 80px\"><span class=\"vc_empty_space_inner\"><\/span><\/div><div class=\"vc_empty_space  mobile-element\"   style=\"height: 40px\"><span class=\"vc_empty_space_inner\"><\/span><\/div><div     class=\"vc_row wpb_row vc_inner section vc_row-fluid desktop-element grid_section\" style=' padding-top:0px; padding-bottom:0px; text-align:left;'><div class=\"section_inner clearfix\"><div class='section_inner_margin clearfix'><div class=\"wpb_column vc_column_container vc_col-sm-6\"><div class=\"vc_column-inner\"><div class=\"wpb_wrapper\">\n\t<div class=\"wpb_single_image wpb_content_element vc_align_center  vc_custom_1593979769078\">\n\t\t<div class=\"wpb_wrapper\">\n\t\t\t\n\t\t\t<div class=\"vc_single_image-wrapper   vc_box_border_grey\"><img loading=\"lazy\" decoding=\"async\" width=\"526\" height=\"400\" src=\"https:\/\/barbersurgeonsguild.com\/wp-content\/uploads\/2020\/07\/cleanse-style-maintain-kit@2x.png\" class=\"vc_single_image-img attachment-full\" alt=\"Cleanse, Style &amp; Maintain Kit w\/ Texture Liniment\" title=\"Cleanse, Style &amp; Maintain Kit w\/ Texture Liniment\" srcset=\"https:\/\/barbersurgeonsguild.com\/wp-content\/uploads\/2020\/07\/cleanse-style-maintain-kit@2x.png 526w, https:\/\/barbersurgeonsguild.com\/wp-content\/uploads\/2020\/07\/cleanse-style-maintain-kit@2x-300x228.png 300w\" sizes=\"auto, (max-width: 526px) 100vw, 526px\" \/><\/div>\n\t\t<\/div>\n\t<\/div>\n<\/div><\/div><\/div><div class=\"wpb_column vc_column_container vc_col-sm-6\"><div class=\"vc_column-inner\"><div class=\"wpb_wrapper\">\n\t<div class=\"wpb_text_column wpb_content_element\">\n\t\t<div class=\"wpb_wrapper\">\n\t\t\t<h1 class=\"protocol-type\" style=\"font-family: georgia, serif; font-size: 2.6em; text-align: left; letter-spacing: normal;\">Kit de limpieza, peinado y mantenimiento<\/h1>\n\n\t\t<\/div> \n\t<\/div> <div class=\"separator  transparent\" style=\"margin-top:10px;margin-bottom:0px\"><\/div>\n\n\t<div class=\"wpb_text_column wpb_content_element\">\n\t\t<div class=\"wpb_wrapper\">\n\t\t\t<p class=\"section-sub-header\" style=\"text-align: left;\">Champ\u00fa, acondicionador, suero capilar y producto de peinado<\/p>\n\n\t\t<\/div> \n\t<\/div> <div class=\"separator  transparent\" style=\"margin-top:20px;margin-bottom:0px\"><\/div>\n\n\t<div class=\"wpb_text_column wpb_content_element\">\n\t\t<div class=\"wpb_wrapper\">\n\t\t\t<p style=\"text-align: left;\">Incluye el champ\u00fa, el acondicionador, el s\u00e9rum capilar y la pomada o el linimento texturizante BSG HCO1 Edition. Cada producto de este kit incluye Trichoanagenic Factor\u2122 de BSG, una mezcla patentada de ingredientes altamente bio-activos que promueven un cabello visiblemente m\u00e1s grueso, especialmente el s\u00e9rum sin aclarado donde se incluye en su concentraci\u00f3n m\u00e1s alta.<\/p>\n\n\t\t<\/div> \n\t<\/div> <div class=\"vc_empty_space\"   style=\"height: 40px\"><span class=\"vc_empty_space_inner\"><\/span><\/div>\n\t<div class=\"wpb_text_column wpb_content_element\">\n\t\t<div class=\"wpb_wrapper\">\n\t\t\t<p class=\"product-price\" style=\"text-align: left; font-size: 2.6em!important;\"><strong><sup>$<\/sup>129<sup>*<\/sup><\/strong><\/p>\n\n\t\t<\/div> \n\t<\/div> <div class=\"vc_empty_space\"   style=\"height: 40px\"><span class=\"vc_empty_space_inner\"><\/span><\/div><a href=\"\" target=\"_self\" data-hover-background-color=\"#595959\" data-hover-border-color=\"#595959\" data-hover-color=\"#ffffff\"  class=\"qbutton  small\" style=\"color: #ffffff; border-color: #595959; font-style: normal; background-color: #595959;\">OUT OF STOCK<\/a><a href=\"#\" target=\"_self\" data-hover-background-color=\"#95a31a\" data-hover-border-color=\"#95a31a\" data-hover-color=\"#ffffff\"  class=\"qbutton  small hide nest-custom-activator\" style=\"color: #ffffff; border-color: #000000; font-style: normal; background-color: #000000;\">PLAN DE COMPRA<\/a><div class=\"vc_empty_space\"   style=\"height: 20px\"><span class=\"vc_empty_space_inner\"><\/span><\/div>\n\t<div class=\"wpb_text_column wpb_content_element\">\n\t\t<div class=\"wpb_wrapper\">\n\t\t\t<p style=\"text-align: left; color: #3b3c36;\"><em>*Precios de suscripci\u00f3n<\/em><\/p>\n\n\t\t<\/div> \n\t<\/div> <\/div><\/div><\/div><\/div><\/div><\/div><div     class=\"vc_row wpb_row vc_inner section vc_row-fluid mobile-element grid_section\" style=' padding-top:0px; padding-bottom:0px; text-align:center;'><div class=\"section_inner clearfix\"><div class='section_inner_margin clearfix'><div class=\"wpb_column vc_column_container vc_col-sm-6\"><div class=\"vc_column-inner\"><div class=\"wpb_wrapper\">\n\t<div class=\"wpb_single_image wpb_content_element vc_align_center  vc_custom_1593979777565\">\n\t\t<div class=\"wpb_wrapper\">\n\t\t\t\n\t\t\t<div class=\"vc_single_image-wrapper   vc_box_border_grey\"><img loading=\"lazy\" decoding=\"async\" width=\"526\" height=\"400\" src=\"https:\/\/barbersurgeonsguild.com\/wp-content\/uploads\/2020\/07\/cleanse-style-maintain-kit@2x.png\" class=\"vc_single_image-img attachment-full\" alt=\"Cleanse, Style &amp; Maintain Kit w\/ Texture Liniment\" title=\"Cleanse, Style &amp; Maintain Kit w\/ Texture Liniment\" srcset=\"https:\/\/barbersurgeonsguild.com\/wp-content\/uploads\/2020\/07\/cleanse-style-maintain-kit@2x.png 526w, https:\/\/barbersurgeonsguild.com\/wp-content\/uploads\/2020\/07\/cleanse-style-maintain-kit@2x-300x228.png 300w\" sizes=\"auto, (max-width: 526px) 100vw, 526px\" \/><\/div>\n\t\t<\/div>\n\t<\/div>\n<\/div><\/div><\/div><div class=\"wpb_column vc_column_container vc_col-sm-6\"><div class=\"vc_column-inner\"><div class=\"wpb_wrapper\"><div class=\"vc_empty_space\"   style=\"height: 25px\"><span class=\"vc_empty_space_inner\"><\/span><\/div>\n\t<div class=\"wpb_text_column wpb_content_element\">\n\t\t<div class=\"wpb_wrapper\">\n\t\t\t<h1 class=\"protocol-type\" style=\"font-size: 2em; line-height: 1.2em; font-family: georgia, serif; letter-spacing: 0px; text-align: center;\">Kit de limpieza, peinado y mantenimiento<\/h1>\n\n\t\t<\/div> \n\t<\/div> <div class=\"separator  transparent\" style=\"margin-top:10px;margin-bottom:0px\"><\/div>\n\n\t<div class=\"wpb_text_column wpb_content_element\">\n\t\t<div class=\"wpb_wrapper\">\n\t\t\t<p class=\"section-sub-header\" style=\"text-align: center;\">Champ\u00fa, acondicionador, suero capilar y producto de peinado<\/p>\n\n\t\t<\/div> \n\t<\/div> <div class=\"separator  transparent\" style=\"margin-top:20px;margin-bottom:0px\"><\/div>\n\n\t<div class=\"wpb_text_column wpb_content_element\">\n\t\t<div class=\"wpb_wrapper\">\n\t\t\t<p style=\"text-align: center;\">Incluye el champ\u00fa, el acondicionador, el s\u00e9rum capilar y la pomada o el linimento texturizante BSG HCO1 Edition. Cada producto de este kit incluye Trichoanagenic Factor\u2122 de BSG, una mezcla patentada de ingredientes altamente bio-activos que promueven un cabello visiblemente m\u00e1s grueso, especialmente el s\u00e9rum sin aclarado donde se incluye en su concentraci\u00f3n m\u00e1s alta.<\/p>\n\n\t\t<\/div> \n\t<\/div> <div class=\"vc_empty_space\"   style=\"height: 40px\"><span class=\"vc_empty_space_inner\"><\/span><\/div>\n\t<div class=\"wpb_text_column wpb_content_element\">\n\t\t<div class=\"wpb_wrapper\">\n\t\t\t<p class=\"product-price\" style=\"text-align: center;\"><strong><sup>$<\/sup>129<sup>*<\/sup><\/strong><\/p>\n\n\t\t<\/div> \n\t<\/div> <div class=\"vc_empty_space\"   style=\"height: 40px\"><span class=\"vc_empty_space_inner\"><\/span><\/div><a href=\"\" target=\"_self\" data-hover-background-color=\"#595959\" data-hover-border-color=\"#595959\" data-hover-color=\"#ffffff\"  class=\"qbutton  small\" style=\"color: #ffffff; border-color: #595959; font-style: normal; background-color: #595959;\">OUT OF STOCK<\/a><div class=\"vc_empty_space\"   style=\"height: 20px\"><span class=\"vc_empty_space_inner\"><\/span><\/div>\n\t<div class=\"wpb_text_column wpb_content_element\">\n\t\t<div class=\"wpb_wrapper\">\n\t\t\t<p style=\"text-align: center; color: #3b3c36;\"><em>*Precios de suscripci\u00f3n<\/em><\/p>\n\n\t\t<\/div> \n\t<\/div> <\/div><\/div><\/div><\/div><\/div><\/div><div class=\"vc_empty_space\"   style=\"height: 100px\"><span class=\"vc_empty_space_inner\"><\/span><\/div><\/div><\/div><\/div><\/div><\/div>\n<\/div>","protected":false},"excerpt":{"rendered":"FREE U.S. shipping for orders over $69 Cleanse, Style &amp; Maintain Kit Shampoo, Conditioner, Hair Serum &amp; Styling Product Includes the BSG HCO1 Edition Shampoo, Conditioner, Hair Serum, and your choice of Pomade or Texture Liniment. Each product in this kit include BSG\u2019s Trichoanagenic Factor\u2122,...","protected":false},"author":40,"featured_media":0,"parent":23413,"menu_order":0,"comment_status":"open","ping_status":"closed","template":"full_width.php","meta":{"footnotes":""},"class_list":["post-23423","page","type-page","status-publish","hentry"],"yoast_head":"<!-- This site is optimized with the Yoast SEO plugin v27.3 - https:\/\/yoast.com\/product\/yoast-seo-wordpress\/ -->\n<title>Cleanse, Style, &amp; Maintain Kit - Barber Surgeons Guild\u00ae<\/title>\n<meta name=\"description\" content=\"Barber Surgeons Guild\u00ae&#039;s Cleanse, Style &amp; Maintain Kit includes the HC01 Edition Shampoo, Conditioner, Hair Serum, &amp; choice styling product.\" \/>\n<meta name=\"robots\" content=\"index, follow, max-snippet:-1, max-image-preview:large, max-video-preview:-1\" \/>\n<link rel=\"canonical\" href=\"https:\/\/barbersurgeonsguild.com\/es\/products\/protocols\/cleanse-style-maintain-kit\/\" \/>\n<meta property=\"og:locale\" content=\"es_MX\" \/>\n<meta property=\"og:type\" content=\"article\" \/>\n<meta property=\"og:title\" content=\"Cleanse, Style, &amp; Maintain Kit - Barber Surgeons Guild\u00ae\" \/>\n<meta property=\"og:description\" content=\"Barber Surgeons Guild\u00ae&#039;s Cleanse, Style &amp; Maintain Kit includes the HC01 Edition Shampoo, Conditioner, Hair Serum, &amp; choice styling product.\" \/>\n<meta property=\"og:url\" content=\"https:\/\/barbersurgeonsguild.com\/es\/products\/protocols\/cleanse-style-maintain-kit\/\" \/>\n<meta property=\"og:site_name\" content=\"Barber Surgeons Guild\u00ae\" \/>\n<meta property=\"article:modified_time\" content=\"2026-03-24T19:07:13+00:00\" \/>\n<meta property=\"og:image\" content=\"https:\/\/barbersurgeonsguild.com\/wp-content\/uploads\/2021\/10\/barbersurgeonsguild-artas-after-strip.jpg\" \/>\n\t<meta property=\"og:image:width\" content=\"660\" \/>\n\t<meta property=\"og:image:height\" content=\"400\" \/>\n\t<meta property=\"og:image:type\" content=\"image\/jpeg\" \/>\n<meta name=\"twitter:card\" content=\"summary_large_image\" \/>\n<meta name=\"twitter:label1\" content=\"Tiempo de lectura\" \/>\n\t<meta name=\"twitter:data1\" content=\"2 minutos\" \/>\n<script type=\"application\/ld+json\" class=\"yoast-schema-graph\">{\"@context\":\"https:\\\/\\\/schema.org\",\"@graph\":[{\"@type\":\"WebPage\",\"@id\":\"https:\\\/\\\/barbersurgeonsguild.com\\\/products\\\/protocols\\\/cleanse-style-maintain-kit\\\/\",\"url\":\"https:\\\/\\\/barbersurgeonsguild.com\\\/products\\\/protocols\\\/cleanse-style-maintain-kit\\\/\",\"name\":\"Cleanse, Style, & Maintain Kit - Barber Surgeons Guild\u00ae\",\"isPartOf\":{\"@id\":\"https:\\\/\\\/barbersurgeonsguild.com\\\/#website\"},\"datePublished\":\"2020-06-27T06:38:41+00:00\",\"dateModified\":\"2026-03-24T19:07:13+00:00\",\"description\":\"Barber Surgeons Guild\u00ae's Cleanse, Style & Maintain Kit includes the HC01 Edition Shampoo, Conditioner, Hair Serum, & choice styling product.\",\"breadcrumb\":{\"@id\":\"https:\\\/\\\/barbersurgeonsguild.com\\\/products\\\/protocols\\\/cleanse-style-maintain-kit\\\/#breadcrumb\"},\"inLanguage\":\"es-MX\",\"potentialAction\":[{\"@type\":\"ReadAction\",\"target\":[\"https:\\\/\\\/barbersurgeonsguild.com\\\/products\\\/protocols\\\/cleanse-style-maintain-kit\\\/\"]}]},{\"@type\":\"BreadcrumbList\",\"@id\":\"https:\\\/\\\/barbersurgeonsguild.com\\\/products\\\/protocols\\\/cleanse-style-maintain-kit\\\/#breadcrumb\",\"itemListElement\":[{\"@type\":\"ListItem\",\"position\":1,\"name\":\"Home\",\"item\":\"https:\\\/\\\/barbersurgeonsguild.com\\\/\"},{\"@type\":\"ListItem\",\"position\":2,\"name\":\"Products\",\"item\":\"https:\\\/\\\/barbersurgeonsguild.com\\\/products\\\/\"},{\"@type\":\"ListItem\",\"position\":3,\"name\":\"Product Kits\",\"item\":\"https:\\\/\\\/barbersurgeonsguild.com\\\/products\\\/protocols\\\/\"},{\"@type\":\"ListItem\",\"position\":4,\"name\":\"Cleanse, Style, &#038; Maintain Kit\"}]},{\"@type\":\"WebSite\",\"@id\":\"https:\\\/\\\/barbersurgeonsguild.com\\\/#website\",\"url\":\"https:\\\/\\\/barbersurgeonsguild.com\\\/\",\"name\":\"Barber Surgeons Guild\u00ae\",\"description\":\"Grooming Redefined | West Hollywood, CA &amp; New York, NY\",\"publisher\":{\"@id\":\"https:\\\/\\\/barbersurgeonsguild.com\\\/#organization\"},\"potentialAction\":[{\"@type\":\"SearchAction\",\"target\":{\"@type\":\"EntryPoint\",\"urlTemplate\":\"https:\\\/\\\/barbersurgeonsguild.com\\\/?s={search_term_string}\"},\"query-input\":{\"@type\":\"PropertyValueSpecification\",\"valueRequired\":true,\"valueName\":\"search_term_string\"}}],\"inLanguage\":\"es-MX\"},{\"@type\":\"Organization\",\"@id\":\"https:\\\/\\\/barbersurgeonsguild.com\\\/#organization\",\"name\":\"Barber Surgeons Guild\u00ae\",\"url\":\"https:\\\/\\\/barbersurgeonsguild.com\\\/\",\"logo\":{\"@type\":\"ImageObject\",\"inLanguage\":\"es-MX\",\"@id\":\"https:\\\/\\\/barbersurgeonsguild.com\\\/#\\\/schema\\\/logo\\\/image\\\/\",\"url\":\"https:\\\/\\\/barbersurgeonsguild.com\\\/wp-content\\\/uploads\\\/2022\\\/07\\\/barbersurgeonsguild-logo@3x.png\",\"contentUrl\":\"https:\\\/\\\/barbersurgeonsguild.com\\\/wp-content\\\/uploads\\\/2022\\\/07\\\/barbersurgeonsguild-logo@3x.png\",\"width\":500,\"height\":300,\"caption\":\"Barber Surgeons Guild\u00ae\"},\"image\":{\"@id\":\"https:\\\/\\\/barbersurgeonsguild.com\\\/#\\\/schema\\\/logo\\\/image\\\/\"}}]}<\/script>\n<!-- \/ Yoast SEO plugin. -->","yoast_head_json":{"title":"Cleanse, Style, & Maintain Kit - Barber Surgeons Guild\u00ae","description":"Barber Surgeons Guild\u00ae's Cleanse, Style & Maintain Kit includes the HC01 Edition Shampoo, Conditioner, Hair Serum, & choice styling product.","robots":{"index":"index","follow":"follow","max-snippet":"max-snippet:-1","max-image-preview":"max-image-preview:large","max-video-preview":"max-video-preview:-1"},"canonical":"https:\/\/barbersurgeonsguild.com\/es\/products\/protocols\/cleanse-style-maintain-kit\/","og_locale":"es_MX","og_type":"article","og_title":"Cleanse, Style, & Maintain Kit - Barber Surgeons Guild\u00ae","og_description":"Barber Surgeons Guild\u00ae's Cleanse, Style & Maintain Kit includes the HC01 Edition Shampoo, Conditioner, Hair Serum, & choice styling product.","og_url":"https:\/\/barbersurgeonsguild.com\/es\/products\/protocols\/cleanse-style-maintain-kit\/","og_site_name":"Barber Surgeons Guild\u00ae","article_modified_time":"2026-03-24T19:07:13+00:00","og_image":[{"width":660,"height":400,"url":"https:\/\/barbersurgeonsguild.com\/wp-content\/uploads\/2021\/10\/barbersurgeonsguild-artas-after-strip.jpg","type":"image\/jpeg"}],"twitter_card":"summary_large_image","twitter_misc":{"Tiempo de lectura":"2 minutos"},"schema":{"@context":"https:\/\/schema.org","@graph":[{"@type":"WebPage","@id":"https:\/\/barbersurgeonsguild.com\/products\/protocols\/cleanse-style-maintain-kit\/","url":"https:\/\/barbersurgeonsguild.com\/products\/protocols\/cleanse-style-maintain-kit\/","name":"Cleanse, Style, & Maintain Kit - Barber Surgeons Guild\u00ae","isPartOf":{"@id":"https:\/\/barbersurgeonsguild.com\/#website"},"datePublished":"2020-06-27T06:38:41+00:00","dateModified":"2026-03-24T19:07:13+00:00","description":"Barber Surgeons Guild\u00ae's Cleanse, Style & Maintain Kit includes the HC01 Edition Shampoo, Conditioner, Hair Serum, & choice styling product.","breadcrumb":{"@id":"https:\/\/barbersurgeonsguild.com\/products\/protocols\/cleanse-style-maintain-kit\/#breadcrumb"},"inLanguage":"es-MX","potentialAction":[{"@type":"ReadAction","target":["https:\/\/barbersurgeonsguild.com\/products\/protocols\/cleanse-style-maintain-kit\/"]}]},{"@type":"BreadcrumbList","@id":"https:\/\/barbersurgeonsguild.com\/products\/protocols\/cleanse-style-maintain-kit\/#breadcrumb","itemListElement":[{"@type":"ListItem","position":1,"name":"Home","item":"https:\/\/barbersurgeonsguild.com\/"},{"@type":"ListItem","position":2,"name":"Products","item":"https:\/\/barbersurgeonsguild.com\/products\/"},{"@type":"ListItem","position":3,"name":"Product Kits","item":"https:\/\/barbersurgeonsguild.com\/products\/protocols\/"},{"@type":"ListItem","position":4,"name":"Cleanse, Style, &#038; Maintain Kit"}]},{"@type":"WebSite","@id":"https:\/\/barbersurgeonsguild.com\/#website","url":"https:\/\/barbersurgeonsguild.com\/","name":"Barber Surgeons Guild\u00ae","description":"Grooming Redefined | West Hollywood, CA &amp; New York, NY","publisher":{"@id":"https:\/\/barbersurgeonsguild.com\/#organization"},"potentialAction":[{"@type":"SearchAction","target":{"@type":"EntryPoint","urlTemplate":"https:\/\/barbersurgeonsguild.com\/?s={search_term_string}"},"query-input":{"@type":"PropertyValueSpecification","valueRequired":true,"valueName":"search_term_string"}}],"inLanguage":"es-MX"},{"@type":"Organization","@id":"https:\/\/barbersurgeonsguild.com\/#organization","name":"Barber Surgeons Guild\u00ae","url":"https:\/\/barbersurgeonsguild.com\/","logo":{"@type":"ImageObject","inLanguage":"es-MX","@id":"https:\/\/barbersurgeonsguild.com\/#\/schema\/logo\/image\/","url":"https:\/\/barbersurgeonsguild.com\/wp-content\/uploads\/2022\/07\/barbersurgeonsguild-logo@3x.png","contentUrl":"https:\/\/barbersurgeonsguild.com\/wp-content\/uploads\/2022\/07\/barbersurgeonsguild-logo@3x.png","width":500,"height":300,"caption":"Barber Surgeons Guild\u00ae"},"image":{"@id":"https:\/\/barbersurgeonsguild.com\/#\/schema\/logo\/image\/"}}]}},"_links":{"self":[{"href":"https:\/\/barbersurgeonsguild.com\/es\/wp-json\/wp\/v2\/pages\/23423","targetHints":{"allow":["GET"]}}],"collection":[{"href":"https:\/\/barbersurgeonsguild.com\/es\/wp-json\/wp\/v2\/pages"}],"about":[{"href":"https:\/\/barbersurgeonsguild.com\/es\/wp-json\/wp\/v2\/types\/page"}],"author":[{"embeddable":true,"href":"https:\/\/barbersurgeonsguild.com\/es\/wp-json\/wp\/v2\/users\/40"}],"replies":[{"embeddable":true,"href":"https:\/\/barbersurgeonsguild.com\/es\/wp-json\/wp\/v2\/comments?post=23423"}],"version-history":[{"count":0,"href":"https:\/\/barbersurgeonsguild.com\/es\/wp-json\/wp\/v2\/pages\/23423\/revisions"}],"up":[{"embeddable":true,"href":"https:\/\/barbersurgeonsguild.com\/es\/wp-json\/wp\/v2\/pages\/23413"}],"wp:attachment":[{"href":"https:\/\/barbersurgeonsguild.com\/es\/wp-json\/wp\/v2\/media?parent=23423"}],"curies":[{"name":"wp","href":"https:\/\/api.w.org\/{rel}","templated":true}]}}