{"id":23991,"date":"2021-10-05T02:41:33","date_gmt":"2021-10-05T02:41:33","guid":{"rendered":"https:\/\/barbersurgeonsguild.com\/?page_id=23991"},"modified":"2026-03-23T01:00:11","modified_gmt":"2026-03-23T01:00:11","slug":"beard-and-eyebrow-restoration","status":"publish","type":"page","link":"https:\/\/barbersurgeonsguild.com\/es\/hair-restoration\/beard-and-eyebrow-restoration\/","title":{"rendered":"Restauraci\u00f3n de barba y cejas"},"content":{"rendered":"<div class=\"wpb-content-wrapper\"><div class=\"vc_row wpb_row section vc_row-fluid page-title-f vc_custom_1633401432676 grid_section\" style='background-image:url(https:\/\/barbersurgeonsguild.com\/wp-content\/uploads\/2021\/03\/barbersurgeonsguild-services-blur-hero-banner.jpg); padding-top:47pxpx; padding-bottom:47pxpx; text-align:left;'><div class=\"section_inner clearfix\"><div class='section_inner_margin clearfix'><div class=\"wpb_column vc_column_container vc_col-sm-12\"><div class=\"vc_column-inner\"><div class=\"wpb_wrapper\">\n\t<div class=\"wpb_text_column wpb_content_element\">\n\t\t<div class=\"wpb_wrapper\">\n\t\t\t<h1 class=\"contact-header\" style=\"text-align: center; font-size: 2.4em; color: #ffffff;\">Restauraci\u00f3n de barba y cejas<\/h1>\n\n\t\t<\/div> \n\t<\/div> <div class=\"vc_empty_space\"   style=\"height: 25px\"><span class=\"vc_empty_space_inner\"><\/span><\/div><\/div><\/div><\/div><\/div><\/div><\/div><div     class=\"vc_row wpb_row section vc_row-fluid eq_height dark_shadow\" style='background-color:#ffffff; padding-top:47pxpx; padding-bottom:47pxpx; text-align:left;'><div class=\"full_section_inner clearfix\"><div class=\"wpb_column vc_column_container vc_col-sm-6 vc_col-has-fill\"><div class=\"vc_column-inner vc_custom_1633401692168\"><div class=\"wpb_wrapper\"><\/div><\/div><\/div><div class=\"custom-left-padding wpb_column vc_column_container vc_col-sm-6\"><div class=\"vc_column-inner\"><div class=\"wpb_wrapper\"><div class=\"vc_empty_space  desktop-element\"   style=\"height: 60px\"><span class=\"vc_empty_space_inner\"><\/span><\/div><div class=\"vc_empty_space  wide-desktop-element hide\"   style=\"height: 25px\"><span class=\"vc_empty_space_inner\"><\/span><\/div>\n\t<div class=\"wpb_text_column wpb_content_element\">\n\t\t<div class=\"wpb_wrapper\">\n\t\t\t<h2 class=\"left-mobile\" style=\"font-size: 2.4em; text-align: left; color: #3b3c36;\">Restauraci\u00f3n de barbas<\/h2>\n\n\t\t<\/div> \n\t<\/div> <div class=\"vc_empty_space\"   style=\"height: 15px\"><span class=\"vc_empty_space_inner\"><\/span><\/div>\n\t<div class=\"wpb_text_column wpb_content_element\">\n\t\t<div class=\"wpb_wrapper\">\n\t\t\t<p style=\"text-align: left; color: #3b3c36;\">El vello facial puede complementar el atractivo de cualquier hombre. Nuestros avanzados procedimientos facilitan el crecimiento de una barba o un bigote de cualquier longitud, anchura o profundidad.<\/p>\n<p>&nbsp;<\/p>\n<p style=\"text-align: left; color: #3b3c36;\">Nuestra restauraci\u00f3n del vello facial es un procedimiento de 3-4 horas, con resultados permanentes. Nuestro m\u00e9todo m\u00ednimamente invasivo utiliza la preparaci\u00f3n microsc\u00f3pica de unidades foliculares de pelo \u00fanico para el injerto de precisi\u00f3n. Despu\u00e9s del procedimiento, nuestros pacientes son libres de recortar, hacer crecer, afeitar, arreglar o peinar de la forma que elijan.<\/p>\n<p>&nbsp;<\/p>\n<p style=\"text-align: left; color: #3b3c36;\">Barber Surgeons Guild<sup>\u00ae<\/sup> puede ser una de las \u00fanicas empresas que realizan estos servicios de regeneraci\u00f3n capilar de forma rob\u00f3tica con ARTAS<sup>\u00ae<\/sup> sin dejar cicatrices lineales ni costuras. Nuestro objetivo es conseguir un aspecto totalmente natural que enmarque, cubra y acent\u00fae.<\/p>\n\n\t\t<\/div> \n\t<\/div> <div class=\"vc_empty_space  wide-desktop-element hide\"   style=\"height: 25px\"><span class=\"vc_empty_space_inner\"><\/span><\/div><div class=\"vc_empty_space  mobile-element\"   style=\"height: 5px\"><span class=\"vc_empty_space_inner\"><\/span><\/div><div class=\"vc_empty_space  desktop-element\"   style=\"height: 60px\"><span class=\"vc_empty_space_inner\"><\/span><\/div><\/div><\/div><\/div><\/div><\/div><div     class=\"vc_row wpb_row section vc_row-fluid vc_custom_1654914078193\" style='background-color:#f4f4f4; padding-top:0px; padding-bottom:60px; text-align:center;'><div class=\"full_section_inner clearfix\"><div class=\"wpb_column vc_column_container vc_col-sm-12\"><div class=\"vc_column-inner\"><div class=\"wpb_wrapper\"><div class=\"vc_empty_space  desktop-element\"   style=\"height: 40px\"><span class=\"vc_empty_space_inner\"><\/span><\/div><div     class=\"vc_row wpb_row vc_inner section vc_row-fluid grid_section\" style=' padding-bottom:0px; text-align:center;'><div class=\"section_inner clearfix\"><div class='section_inner_margin clearfix'><div class=\"wpb_column vc_column_container vc_col-sm-12\"><div class=\"vc_column-inner\"><div class=\"wpb_wrapper\">\n\t<div class=\"wpb_text_column wpb_content_element\">\n\t\t<div class=\"wpb_wrapper\">\n\t\t\t<h2 style=\"text-align: center; font-size: 2.4em;\">Clientes reales. Resultados reales.<\/h2>\n\n\t\t<\/div> \n\t<\/div> <\/div><\/div><\/div><\/div><\/div><\/div><div class=\"vc_empty_space  desktop-element\"   style=\"height: 40px\"><span class=\"vc_empty_space_inner\"><\/span><\/div><div class=\"vc_empty_space  mobile-element\"   style=\"height: 25px\"><span class=\"vc_empty_space_inner\"><\/span><\/div><div     class=\"vc_row wpb_row vc_inner section vc_row-fluid grid_section\" style=' padding-top:0px; padding-bottom:0px; text-align:center;'><div class=\"section_inner clearfix\"><div class='section_inner_margin clearfix'><div class=\"wpb_column vc_column_container vc_col-sm-6\"><div class=\"vc_column-inner\"><div class=\"wpb_wrapper\">\n\t<div class=\"wpb_single_image wpb_content_element vc_align_center\">\n\t\t<div class=\"wpb_wrapper\">\n\t\t\t\n\t\t\t<div class=\"vc_single_image-wrapper   vc_box_border_grey\"><img loading=\"lazy\" decoding=\"async\" width=\"1080\" height=\"480\" src=\"https:\/\/barbersurgeonsguild.com\/wp-content\/uploads\/2022\/05\/barbersurgeonsguild-br-beforeafter-01.jpg\" class=\"vc_single_image-img attachment-full\" alt=\"Beard Restoration Before &amp; After\" title=\"Beard Restoration Before &amp; After\" srcset=\"https:\/\/barbersurgeonsguild.com\/wp-content\/uploads\/2022\/05\/barbersurgeonsguild-br-beforeafter-01.jpg 1080w, https:\/\/barbersurgeonsguild.com\/wp-content\/uploads\/2022\/05\/barbersurgeonsguild-br-beforeafter-01-300x133.jpg 300w, https:\/\/barbersurgeonsguild.com\/wp-content\/uploads\/2022\/05\/barbersurgeonsguild-br-beforeafter-01-1024x455.jpg 1024w, https:\/\/barbersurgeonsguild.com\/wp-content\/uploads\/2022\/05\/barbersurgeonsguild-br-beforeafter-01-768x341.jpg 768w, https:\/\/barbersurgeonsguild.com\/wp-content\/uploads\/2022\/05\/barbersurgeonsguild-br-beforeafter-01-360x160.jpg 360w, https:\/\/barbersurgeonsguild.com\/wp-content\/uploads\/2022\/05\/barbersurgeonsguild-br-beforeafter-01-720x320.jpg 720w, https:\/\/barbersurgeonsguild.com\/wp-content\/uploads\/2022\/05\/barbersurgeonsguild-br-beforeafter-01-250x111.jpg 250w, https:\/\/barbersurgeonsguild.com\/wp-content\/uploads\/2022\/05\/barbersurgeonsguild-br-beforeafter-01-500x222.jpg 500w, https:\/\/barbersurgeonsguild.com\/wp-content\/uploads\/2022\/05\/barbersurgeonsguild-br-beforeafter-01-700x311.jpg 700w\" sizes=\"auto, (max-width: 1080px) 100vw, 1080px\" \/><\/div>\n\t\t<\/div>\n\t<\/div>\n<div class=\"vc_empty_space  mobile-element\"   style=\"height: 25px\"><span class=\"vc_empty_space_inner\"><\/span><\/div><\/div><\/div><\/div><div class=\"wpb_column vc_column_container vc_col-sm-6\"><div class=\"vc_column-inner\"><div class=\"wpb_wrapper\">\n\t<div class=\"wpb_single_image wpb_content_element vc_align_center\">\n\t\t<div class=\"wpb_wrapper\">\n\t\t\t\n\t\t\t<div class=\"vc_single_image-wrapper   vc_box_border_grey\"><img loading=\"lazy\" decoding=\"async\" width=\"1080\" height=\"480\" src=\"https:\/\/barbersurgeonsguild.com\/wp-content\/uploads\/2022\/05\/barbersurgeonsguild-br-beforeafter-02.jpg\" class=\"vc_single_image-img attachment-full\" alt=\"Beard Restoration Before &amp; After\" title=\"Beard Restoration Before &amp; After\" srcset=\"https:\/\/barbersurgeonsguild.com\/wp-content\/uploads\/2022\/05\/barbersurgeonsguild-br-beforeafter-02.jpg 1080w, https:\/\/barbersurgeonsguild.com\/wp-content\/uploads\/2022\/05\/barbersurgeonsguild-br-beforeafter-02-300x133.jpg 300w, https:\/\/barbersurgeonsguild.com\/wp-content\/uploads\/2022\/05\/barbersurgeonsguild-br-beforeafter-02-1024x455.jpg 1024w, https:\/\/barbersurgeonsguild.com\/wp-content\/uploads\/2022\/05\/barbersurgeonsguild-br-beforeafter-02-768x341.jpg 768w, https:\/\/barbersurgeonsguild.com\/wp-content\/uploads\/2022\/05\/barbersurgeonsguild-br-beforeafter-02-360x160.jpg 360w, https:\/\/barbersurgeonsguild.com\/wp-content\/uploads\/2022\/05\/barbersurgeonsguild-br-beforeafter-02-720x320.jpg 720w, https:\/\/barbersurgeonsguild.com\/wp-content\/uploads\/2022\/05\/barbersurgeonsguild-br-beforeafter-02-250x111.jpg 250w, https:\/\/barbersurgeonsguild.com\/wp-content\/uploads\/2022\/05\/barbersurgeonsguild-br-beforeafter-02-500x222.jpg 500w, https:\/\/barbersurgeonsguild.com\/wp-content\/uploads\/2022\/05\/barbersurgeonsguild-br-beforeafter-02-700x311.jpg 700w\" sizes=\"auto, (max-width: 1080px) 100vw, 1080px\" \/><\/div>\n\t\t<\/div>\n\t<\/div>\n<\/div><\/div><\/div><\/div><\/div><\/div><div class=\"vc_empty_space  desktop-element\"   style=\"height: 100px\"><span class=\"vc_empty_space_inner\"><\/span><\/div><div class=\"vc_empty_space  mobile-element\"   style=\"height: 45px\"><span class=\"vc_empty_space_inner\"><\/span><\/div><\/div><\/div><\/div><\/div><\/div><div     class=\"vc_row wpb_row section vc_row-fluid eq_height white_shadow\" style='background-color:#ffffff; padding-top:47pxpx; padding-bottom:47pxpx; text-align:left;'><div class=\"full_section_inner clearfix\"><div class=\"wpb_column vc_column_container vc_col-sm-6\"><div class=\"vc_column-inner\"><div class=\"wpb_wrapper\"><div class=\"vc_empty_space  desktop-element\"   style=\"height: 60px\"><span class=\"vc_empty_space_inner\"><\/span><\/div><div class=\"vc_empty_space  mobile-element\"   style=\"height: 15px\"><span class=\"vc_empty_space_inner\"><\/span><\/div><div class=\"vc_empty_space  wide-desktop-element hide\"   style=\"height: 25px\"><span class=\"vc_empty_space_inner\"><\/span><\/div>\n\t<div class=\"wpb_text_column wpb_content_element\">\n\t\t<div class=\"wpb_wrapper\">\n\t\t\t<h2 class=\"left-mobile\" style=\"font-size: 2.4em; text-align: left;\">Restauraci\u00f3n de cejas<\/h2>\n\n\t\t<\/div> \n\t<\/div> <div class=\"vc_empty_space\"   style=\"height: 15px\"><span class=\"vc_empty_space_inner\"><\/span><\/div>\n\t<div class=\"wpb_text_column wpb_content_element\">\n\t\t<div class=\"wpb_wrapper\">\n\t\t\t<p style=\"text-align: left; color: #3b3c36;\">Las t\u00e9cnicas de extracci\u00f3n de unidades foliculares (FUE) que empleamos permiten a BSG Doctors restaurar algo m\u00e1s que el cabello de su cabeza. BSG atiende a todos los clientes y se enorgullece de ofrecer servicios de restauraci\u00f3n capilar de cejas a hombres y mujeres. Podemos recrear cejas completas y naturales que pueden haber adelgazado con el tiempo. Este es un m\u00e9todo m\u00e1s seguro y eficaz que el tatuaje, que a menudo parece poco natural.<\/p>\n<p>&nbsp;<\/p>\n<p style=\"text-align: left; color: #3b3c36;\">Barber Surgeons Guild<sup>\u00ae<\/sup> se especializa en la preparaci\u00f3n microsc\u00f3pica de injertos de un solo pelo, que se utiliza para restaurar el aspecto natural de las cejas. Este es un procedimiento de 3-4 horas y nuestros pacientes pueden esperar ninguna cicatriz lineal o puntos de sutura.<\/p>\n\n\t\t<\/div> \n\t<\/div> <div class=\"vc_empty_space  wide-desktop-element hide\"   style=\"height: 25px\"><span class=\"vc_empty_space_inner\"><\/span><\/div><div class=\"vc_empty_space  mobile-element\"   style=\"height: 5px\"><span class=\"vc_empty_space_inner\"><\/span><\/div><div class=\"vc_empty_space  desktop-element\"   style=\"height: 60px\"><span class=\"vc_empty_space_inner\"><\/span><\/div><\/div><\/div><\/div><div class=\"wpb_column vc_column_container vc_col-sm-6 vc_col-has-fill\"><div class=\"vc_column-inner vc_custom_1633401550209\"><div class=\"wpb_wrapper\"><\/div><\/div><\/div><\/div><\/div><div     class=\"vc_row wpb_row section vc_row-fluid vc_custom_1602359782181 grid_section\" style='background-color:#000000; padding-top:47pxpx; padding-bottom:47pxpx; text-align:center;'><div class=\"section_inner clearfix\"><div class='section_inner_margin clearfix'><div class=\"wpb_column vc_column_container vc_col-sm-8\"><div class=\"vc_column-inner\"><div class=\"wpb_wrapper\"><div class=\"vc_empty_space  desktop-element\"   style=\"height: 10px\"><span class=\"vc_empty_space_inner\"><\/span><\/div>\n\t<div class=\"wpb_text_column wpb_content_element\">\n\t\t<div class=\"wpb_wrapper\">\n\t\t\t<h2 class=\"center-mobile\" style=\"color: #ffffff; letter-spacing: 0.2em; font-size: 18px; line-height: 1.4em; text-align: left;\">PROGRAME SU CONSULTA PARA OBTENER M\u00c1S INFORMACI\u00d3N<\/h2>\n\n\t\t<\/div> \n\t<\/div> <div class=\"vc_empty_space  mobile-element\"   style=\"height: 20px\"><span class=\"vc_empty_space_inner\"><\/span><\/div><\/div><\/div><\/div><div class=\"wpb_column vc_column_container vc_col-sm-4\"><div class=\"vc_column-inner\"><div class=\"wpb_wrapper\"><a href=\"\/es\/booking-form\/#service-31105397\" target=\"_self\" data-hover-background-color=\"#95a31a\" data-hover-border-color=\"#ffffff\" data-hover-color=\"#ffffff\"  class=\"qbutton  small\" style=\"color: #ffffff; border-color: #ffffff; background-color: #000000;\">Reservar<\/a><\/div><\/div><\/div><\/div><\/div><\/div>\n<\/div>","protected":false},"excerpt":{"rendered":"Beard &amp; Eyebrow Restoration Beard Restoration Facial hair can complement the appeal of any man. Our advanced procedures help facilitate the ability to grow out a beard or moustache of any length, breadth, or depth. &nbsp; Our facial hair restoration is a 3-4 hour procedure,...","protected":false},"author":40,"featured_media":0,"parent":24022,"menu_order":0,"comment_status":"open","ping_status":"closed","template":"full_width.php","meta":{"footnotes":""},"class_list":["post-23991","page","type-page","status-publish","hentry"],"yoast_head":"<!-- This site is optimized with the Yoast SEO plugin v27.4 - https:\/\/yoast.com\/product\/yoast-seo-wordpress\/ -->\n<title>Beard &amp; Eyebrow Restoration - Barber Surgeons Guild\u00ae<\/title>\n<meta name=\"description\" content=\"Barber Surgeons Guild offers permanent beard and eyebrow restoration using minimally invasive technology in LA and NYC.\" \/>\n<meta name=\"robots\" content=\"index, follow, max-snippet:-1, max-image-preview:large, max-video-preview:-1\" \/>\n<link rel=\"canonical\" href=\"https:\/\/barbersurgeonsguild.com\/es\/hair-restoration\/beard-and-eyebrow-restoration\/\" \/>\n<meta property=\"og:locale\" content=\"es_MX\" \/>\n<meta property=\"og:type\" content=\"article\" \/>\n<meta property=\"og:title\" content=\"Beard &amp; Eyebrow Restoration - Barber Surgeons Guild\u00ae\" \/>\n<meta property=\"og:description\" content=\"Barber Surgeons Guild offers permanent beard and eyebrow restoration using minimally invasive technology in LA and NYC.\" \/>\n<meta property=\"og:url\" content=\"https:\/\/barbersurgeonsguild.com\/es\/hair-restoration\/beard-and-eyebrow-restoration\/\" \/>\n<meta property=\"og:site_name\" content=\"Barber Surgeons Guild\u00ae\" \/>\n<meta property=\"article:modified_time\" content=\"2026-03-23T01:00:11+00:00\" \/>\n<meta property=\"og:image\" content=\"https:\/\/barbersurgeonsguild.com\/wp-content\/uploads\/2021\/10\/barbersurgeonsguild-artas-after-strip.jpg\" \/>\n\t<meta property=\"og:image:width\" content=\"660\" \/>\n\t<meta property=\"og:image:height\" content=\"400\" \/>\n\t<meta property=\"og:image:type\" content=\"image\/jpeg\" \/>\n<meta name=\"twitter:card\" content=\"summary_large_image\" \/>\n<meta name=\"twitter:label1\" content=\"Tiempo de lectura\" \/>\n\t<meta name=\"twitter:data1\" content=\"3 minutos\" \/>\n<script type=\"application\/ld+json\" class=\"yoast-schema-graph\">{\"@context\":\"https:\\\/\\\/schema.org\",\"@graph\":[{\"@type\":\"WebPage\",\"@id\":\"https:\\\/\\\/barbersurgeonsguild.com\\\/hair-restoration\\\/beard-and-eyebrow-restoration\\\/\",\"url\":\"https:\\\/\\\/barbersurgeonsguild.com\\\/hair-restoration\\\/beard-and-eyebrow-restoration\\\/\",\"name\":\"Beard & Eyebrow Restoration - Barber Surgeons Guild\u00ae\",\"isPartOf\":{\"@id\":\"https:\\\/\\\/barbersurgeonsguild.com\\\/#website\"},\"datePublished\":\"2021-10-05T02:41:33+00:00\",\"dateModified\":\"2026-03-23T01:00:11+00:00\",\"description\":\"Barber Surgeons Guild offers permanent beard and eyebrow restoration using minimally invasive technology in LA and NYC.\",\"breadcrumb\":{\"@id\":\"https:\\\/\\\/barbersurgeonsguild.com\\\/hair-restoration\\\/beard-and-eyebrow-restoration\\\/#breadcrumb\"},\"inLanguage\":\"es-MX\",\"potentialAction\":[{\"@type\":\"ReadAction\",\"target\":[\"https:\\\/\\\/barbersurgeonsguild.com\\\/hair-restoration\\\/beard-and-eyebrow-restoration\\\/\"]}]},{\"@type\":\"BreadcrumbList\",\"@id\":\"https:\\\/\\\/barbersurgeonsguild.com\\\/hair-restoration\\\/beard-and-eyebrow-restoration\\\/#breadcrumb\",\"itemListElement\":[{\"@type\":\"ListItem\",\"position\":1,\"name\":\"Home\",\"item\":\"https:\\\/\\\/barbersurgeonsguild.com\\\/\"},{\"@type\":\"ListItem\",\"position\":2,\"name\":\"Hair Restoration\",\"item\":\"https:\\\/\\\/barbersurgeonsguild.com\\\/hair-restoration\\\/\"},{\"@type\":\"ListItem\",\"position\":3,\"name\":\"Beard &#038; Eyebrow Restoration\"}]},{\"@type\":\"WebSite\",\"@id\":\"https:\\\/\\\/barbersurgeonsguild.com\\\/#website\",\"url\":\"https:\\\/\\\/barbersurgeonsguild.com\\\/\",\"name\":\"Barber Surgeons Guild\u00ae\",\"description\":\"Grooming Redefined | West Hollywood, CA &amp; New York, NY\",\"publisher\":{\"@id\":\"https:\\\/\\\/barbersurgeonsguild.com\\\/#organization\"},\"potentialAction\":[{\"@type\":\"SearchAction\",\"target\":{\"@type\":\"EntryPoint\",\"urlTemplate\":\"https:\\\/\\\/barbersurgeonsguild.com\\\/?s={search_term_string}\"},\"query-input\":{\"@type\":\"PropertyValueSpecification\",\"valueRequired\":true,\"valueName\":\"search_term_string\"}}],\"inLanguage\":\"es-MX\"},{\"@type\":\"Organization\",\"@id\":\"https:\\\/\\\/barbersurgeonsguild.com\\\/#organization\",\"name\":\"Barber Surgeons Guild\u00ae\",\"url\":\"https:\\\/\\\/barbersurgeonsguild.com\\\/\",\"logo\":{\"@type\":\"ImageObject\",\"inLanguage\":\"es-MX\",\"@id\":\"https:\\\/\\\/barbersurgeonsguild.com\\\/#\\\/schema\\\/logo\\\/image\\\/\",\"url\":\"https:\\\/\\\/barbersurgeonsguild.com\\\/wp-content\\\/uploads\\\/2022\\\/07\\\/barbersurgeonsguild-logo@3x.png\",\"contentUrl\":\"https:\\\/\\\/barbersurgeonsguild.com\\\/wp-content\\\/uploads\\\/2022\\\/07\\\/barbersurgeonsguild-logo@3x.png\",\"width\":500,\"height\":300,\"caption\":\"Barber Surgeons Guild\u00ae\"},\"image\":{\"@id\":\"https:\\\/\\\/barbersurgeonsguild.com\\\/#\\\/schema\\\/logo\\\/image\\\/\"}}]}<\/script>\n<!-- \/ Yoast SEO plugin. -->","yoast_head_json":{"title":"Beard & Eyebrow Restoration - Barber Surgeons Guild\u00ae","description":"Barber Surgeons Guild offers permanent beard and eyebrow restoration using minimally invasive technology in LA and NYC.","robots":{"index":"index","follow":"follow","max-snippet":"max-snippet:-1","max-image-preview":"max-image-preview:large","max-video-preview":"max-video-preview:-1"},"canonical":"https:\/\/barbersurgeonsguild.com\/es\/hair-restoration\/beard-and-eyebrow-restoration\/","og_locale":"es_MX","og_type":"article","og_title":"Beard & Eyebrow Restoration - Barber Surgeons Guild\u00ae","og_description":"Barber Surgeons Guild offers permanent beard and eyebrow restoration using minimally invasive technology in LA and NYC.","og_url":"https:\/\/barbersurgeonsguild.com\/es\/hair-restoration\/beard-and-eyebrow-restoration\/","og_site_name":"Barber Surgeons Guild\u00ae","article_modified_time":"2026-03-23T01:00:11+00:00","og_image":[{"width":660,"height":400,"url":"https:\/\/barbersurgeonsguild.com\/wp-content\/uploads\/2021\/10\/barbersurgeonsguild-artas-after-strip.jpg","type":"image\/jpeg"}],"twitter_card":"summary_large_image","twitter_misc":{"Tiempo de lectura":"3 minutos"},"schema":{"@context":"https:\/\/schema.org","@graph":[{"@type":"WebPage","@id":"https:\/\/barbersurgeonsguild.com\/hair-restoration\/beard-and-eyebrow-restoration\/","url":"https:\/\/barbersurgeonsguild.com\/hair-restoration\/beard-and-eyebrow-restoration\/","name":"Beard & Eyebrow Restoration - Barber Surgeons Guild\u00ae","isPartOf":{"@id":"https:\/\/barbersurgeonsguild.com\/#website"},"datePublished":"2021-10-05T02:41:33+00:00","dateModified":"2026-03-23T01:00:11+00:00","description":"Barber Surgeons Guild offers permanent beard and eyebrow restoration using minimally invasive technology in LA and NYC.","breadcrumb":{"@id":"https:\/\/barbersurgeonsguild.com\/hair-restoration\/beard-and-eyebrow-restoration\/#breadcrumb"},"inLanguage":"es-MX","potentialAction":[{"@type":"ReadAction","target":["https:\/\/barbersurgeonsguild.com\/hair-restoration\/beard-and-eyebrow-restoration\/"]}]},{"@type":"BreadcrumbList","@id":"https:\/\/barbersurgeonsguild.com\/hair-restoration\/beard-and-eyebrow-restoration\/#breadcrumb","itemListElement":[{"@type":"ListItem","position":1,"name":"Home","item":"https:\/\/barbersurgeonsguild.com\/"},{"@type":"ListItem","position":2,"name":"Hair Restoration","item":"https:\/\/barbersurgeonsguild.com\/hair-restoration\/"},{"@type":"ListItem","position":3,"name":"Beard &#038; Eyebrow Restoration"}]},{"@type":"WebSite","@id":"https:\/\/barbersurgeonsguild.com\/#website","url":"https:\/\/barbersurgeonsguild.com\/","name":"Barber Surgeons Guild\u00ae","description":"Grooming Redefined | West Hollywood, CA &amp; New York, NY","publisher":{"@id":"https:\/\/barbersurgeonsguild.com\/#organization"},"potentialAction":[{"@type":"SearchAction","target":{"@type":"EntryPoint","urlTemplate":"https:\/\/barbersurgeonsguild.com\/?s={search_term_string}"},"query-input":{"@type":"PropertyValueSpecification","valueRequired":true,"valueName":"search_term_string"}}],"inLanguage":"es-MX"},{"@type":"Organization","@id":"https:\/\/barbersurgeonsguild.com\/#organization","name":"Barber Surgeons Guild\u00ae","url":"https:\/\/barbersurgeonsguild.com\/","logo":{"@type":"ImageObject","inLanguage":"es-MX","@id":"https:\/\/barbersurgeonsguild.com\/#\/schema\/logo\/image\/","url":"https:\/\/barbersurgeonsguild.com\/wp-content\/uploads\/2022\/07\/barbersurgeonsguild-logo@3x.png","contentUrl":"https:\/\/barbersurgeonsguild.com\/wp-content\/uploads\/2022\/07\/barbersurgeonsguild-logo@3x.png","width":500,"height":300,"caption":"Barber Surgeons Guild\u00ae"},"image":{"@id":"https:\/\/barbersurgeonsguild.com\/#\/schema\/logo\/image\/"}}]}},"_links":{"self":[{"href":"https:\/\/barbersurgeonsguild.com\/es\/wp-json\/wp\/v2\/pages\/23991","targetHints":{"allow":["GET"]}}],"collection":[{"href":"https:\/\/barbersurgeonsguild.com\/es\/wp-json\/wp\/v2\/pages"}],"about":[{"href":"https:\/\/barbersurgeonsguild.com\/es\/wp-json\/wp\/v2\/types\/page"}],"author":[{"embeddable":true,"href":"https:\/\/barbersurgeonsguild.com\/es\/wp-json\/wp\/v2\/users\/40"}],"replies":[{"embeddable":true,"href":"https:\/\/barbersurgeonsguild.com\/es\/wp-json\/wp\/v2\/comments?post=23991"}],"version-history":[{"count":0,"href":"https:\/\/barbersurgeonsguild.com\/es\/wp-json\/wp\/v2\/pages\/23991\/revisions"}],"up":[{"embeddable":true,"href":"https:\/\/barbersurgeonsguild.com\/es\/wp-json\/wp\/v2\/pages\/24022"}],"wp:attachment":[{"href":"https:\/\/barbersurgeonsguild.com\/es\/wp-json\/wp\/v2\/media?parent=23991"}],"curies":[{"name":"wp","href":"https:\/\/api.w.org\/{rel}","templated":true}]}}