{"id":24222,"date":"2022-02-25T05:00:49","date_gmt":"2022-02-25T05:00:49","guid":{"rendered":"https:\/\/barbersurgeonsguild.com\/?page_id=24222"},"modified":"2023-05-01T17:41:03","modified_gmt":"2023-05-01T17:41:03","slug":"dr-justin-rome","status":"publish","type":"page","link":"https:\/\/barbersurgeonsguild.com\/es\/our-team\/dr-justin-rome\/","title":{"rendered":"Dr. Justin Rome, M.D."},"content":{"rendered":"<div class=\"wpb-content-wrapper\"><div     class=\"vc_row wpb_row section vc_row-fluid page-title-f vc_custom_1588730098279\" style=' padding-top:0px; padding-bottom:0px; text-align:left;'><div class=\"full_section_inner clearfix\"><div class=\"wpb_column vc_column_container vc_col-sm-12\"><div class=\"vc_column-inner\"><div class=\"wpb_wrapper\"><div     class=\"vc_row wpb_row vc_inner section vc_row-fluid vc_custom_1588816449055 grid_section\" style='background-color:#ffffff; text-align:left;'><div class=\"section_inner clearfix\"><div class='section_inner_margin clearfix'><div class=\"column-padding wpb_column vc_column_container vc_col-sm-2\/5\"><div class=\"vc_column-inner\"><div class=\"wpb_wrapper\"><div class=\"separator  normal\" style=\"margin-top:10px\"><\/div>\n\n\t<div class=\"wpb_single_image wpb_content_element vc_align_center\">\n\t\t<div class=\"wpb_wrapper\">\n\t\t\t\n\t\t\t<div class=\"vc_single_image-wrapper   vc_box_border_grey\"><img loading=\"lazy\" decoding=\"async\" width=\"600\" height=\"600\" src=\"https:\/\/barbersurgeonsguild.com\/wp-content\/uploads\/2020\/10\/barbersurgeonsguild-team-dr-rome.jpg\" class=\"vc_single_image-img attachment-full\" alt=\"Dr. Justin Rome\" title=\"Dr. Justin Rome\" srcset=\"https:\/\/barbersurgeonsguild.com\/wp-content\/uploads\/2020\/10\/barbersurgeonsguild-team-dr-rome.jpg 600w, https:\/\/barbersurgeonsguild.com\/wp-content\/uploads\/2020\/10\/barbersurgeonsguild-team-dr-rome-300x300.jpg 300w, https:\/\/barbersurgeonsguild.com\/wp-content\/uploads\/2020\/10\/barbersurgeonsguild-team-dr-rome-150x150.jpg 150w, https:\/\/barbersurgeonsguild.com\/wp-content\/uploads\/2020\/10\/barbersurgeonsguild-team-dr-rome-360x360.jpg 360w, https:\/\/barbersurgeonsguild.com\/wp-content\/uploads\/2020\/10\/barbersurgeonsguild-team-dr-rome-250x250.jpg 250w, https:\/\/barbersurgeonsguild.com\/wp-content\/uploads\/2020\/10\/barbersurgeonsguild-team-dr-rome-500x500.jpg 500w, https:\/\/barbersurgeonsguild.com\/wp-content\/uploads\/2020\/10\/barbersurgeonsguild-team-dr-rome-550x550.jpg 550w\" sizes=\"auto, (max-width: 600px) 100vw, 600px\" \/><\/div>\n\t\t<\/div>\n\t<\/div>\n<div class=\"vc_empty_space  desktop-element\"   style=\"height: 40px\"><span class=\"vc_empty_space_inner\"><\/span><\/div><div class=\"vc_empty_space  mobile-element\"   style=\"height: 25px\"><span class=\"vc_empty_space_inner\"><\/span><\/div><\/div><\/div><\/div><div class=\"wpb_column vc_column_container vc_col-sm-3\/5\"><div class=\"vc_column-inner\"><div class=\"wpb_wrapper\">\n\t<div class=\"wpb_text_column wpb_content_element\">\n\t\t<div class=\"wpb_wrapper\">\n\t\t\t<h1 class=\"page-header\" style=\"text-align: left; font-size: 2.4em;\">Dr. Justin E. Rome, M.D.<\/h1>\n\n\t\t<\/div> \n\t<\/div> <div class=\"separator  normal\" style=\"margin-top:10px\"><\/div>\n\n\t<div class=\"wpb_text_column wpb_content_element\">\n\t\t<div class=\"wpb_wrapper\">\n\t\t\t<p class=\"left-mobile\" style=\"color: #3b3c36; font-style: italic; padding: 0px 1%; font-size: 1.2em; text-align: left;\">Founder, CEO &amp; Medical Director<\/p>\n\n\t\t<\/div> \n\t<\/div> <div class=\"separator  normal\" style=\"margin-top:10px\"><\/div>\n\n\t<div class=\"wpb_text_column wpb_content_element\">\n\t\t<div class=\"wpb_wrapper\">\n\t\t\t<p>Dr. Justin E. Rome, M.D., Fundador y CEO de Barber Surgeons Guild \u00ae, se dedica a un trabajo excepcional y la satisfacci\u00f3n del paciente. El Dr. Rome ha pasado a\u00f1os perfeccionando su arte mediante la realizaci\u00f3n de m\u00e1s de un millar de procedimientos rob\u00f3ticos de restauraci\u00f3n capilar. Su experiencia en cirug\u00eda pl\u00e1stica cosm\u00e9tica y reconstructiva s\u00f3lo es superada por su \u00e9nfasis en proporcionar resultados naturales a cada cliente. Por eso se le considera un l\u00edder en el \u00e1mbito del trasplante capilar rob\u00f3tico.<\/p>\n<p>&nbsp;<\/p>\n<p>Antes de fundar BSG, el Dr. Rome ten\u00eda una consulta privada en Beverly Hills, California, donde se hizo conocido y respetado por su excelencia en el mundo de la restauraci\u00f3n capilar. Siempre tuvo la sensaci\u00f3n de que faltaba algo en el sector, en concreto, no se prestaba suficiente atenci\u00f3n al peinado en la restauraci\u00f3n capilar. Con la adici\u00f3n de un sal\u00f3n de peluquer\u00eda de lujo con Master Barbers, barberos y cirujanos juntos somos capaces de ofrecer una visi\u00f3n de colaboraci\u00f3n en la restauraci\u00f3n de peinados.<\/p>\n<p>&nbsp;<\/p>\n<p>El Dr. Rome curs\u00f3 un m\u00e1ster en la Universidad de Boston, en Boston (Massachusetts), se licenci\u00f3 en Medicina en la Facultad de Medicina de la Universidad de Drexel, en Filadelfia (Pensilvania), realiz\u00f3 pr\u00e1cticas y una residencia en el Hospital Lenox Hill y en la Facultad de Medicina Albert Einstein, donde fue jefe de residentes, en Nueva York (Nueva York) y, por \u00faltimo, se especializ\u00f3 en Cirug\u00eda Pl\u00e1stica Oculofacial y Restauraci\u00f3n Capilar en Orlando (Florida). El Dr. Rome es miembro activo de la Sociedad Internacional de Cirug\u00eda de Restauraci\u00f3n Capilar (ISHRS).<\/p>\n\n\t\t<\/div> \n\t<\/div> <\/div><\/div><\/div><\/div><\/div><\/div><div class=\"vc_empty_space\"   style=\"height: 80px\"><span class=\"vc_empty_space_inner\"><\/span><\/div><\/div><\/div><\/div><\/div><\/div>\n<\/div>","protected":false},"excerpt":{"rendered":"Dr. Justin E. Rome, M.D. Founder, CEO &amp; Medical Director Dr. Justin E. Rome, M.D., Founder, and CEO of Barber Surgeons Guild\u00ae, is devoted to exceptional work and patient satisfaction. Dr. Rome has spent years finely honing his craft by performing over a thousand robotic...","protected":false},"author":40,"featured_media":0,"parent":23557,"menu_order":0,"comment_status":"closed","ping_status":"closed","template":"full_width.php","meta":{"footnotes":""},"class_list":["post-24222","page","type-page","status-publish","hentry"],"yoast_head":"<!-- This site is optimized with the Yoast SEO plugin v27.4 - https:\/\/yoast.com\/product\/yoast-seo-wordpress\/ -->\n<title>Dr. Justin Rome, M.D. - Barber Surgeons Guild\u00ae<\/title>\n<meta name=\"description\" content=\"Dr. Justin E. Rome, M.D., Founder, and CEO of Barber Surgeons Guild\u00ae, is regarded as a leader in the area of robotic hair transplantation.\" \/>\n<meta name=\"robots\" content=\"index, follow, max-snippet:-1, max-image-preview:large, max-video-preview:-1\" \/>\n<link rel=\"canonical\" href=\"https:\/\/barbersurgeonsguild.com\/es\/our-team\/dr-justin-rome\/\" \/>\n<meta property=\"og:locale\" content=\"es_MX\" \/>\n<meta property=\"og:type\" content=\"article\" \/>\n<meta property=\"og:title\" content=\"Dr. Justin Rome, M.D. - Barber Surgeons Guild\u00ae\" \/>\n<meta property=\"og:description\" content=\"Dr. Justin E. Rome, M.D., Founder, and CEO of Barber Surgeons Guild\u00ae, is regarded as a leader in the area of robotic hair transplantation.\" \/>\n<meta property=\"og:url\" content=\"https:\/\/barbersurgeonsguild.com\/es\/our-team\/dr-justin-rome\/\" \/>\n<meta property=\"og:site_name\" content=\"Barber Surgeons Guild\u00ae\" \/>\n<meta property=\"article:modified_time\" content=\"2023-05-01T17:41:03+00:00\" \/>\n<meta property=\"og:image\" content=\"https:\/\/barbersurgeonsguild.com\/wp-content\/uploads\/2021\/10\/barbersurgeonsguild-artas-after-strip.jpg\" \/>\n\t<meta property=\"og:image:width\" content=\"660\" \/>\n\t<meta property=\"og:image:height\" content=\"400\" \/>\n\t<meta property=\"og:image:type\" content=\"image\/jpeg\" \/>\n<meta name=\"twitter:card\" content=\"summary_large_image\" \/>\n<meta name=\"twitter:label1\" content=\"Tiempo de lectura\" \/>\n\t<meta name=\"twitter:data1\" content=\"2 minutos\" \/>\n<script type=\"application\/ld+json\" class=\"yoast-schema-graph\">{\"@context\":\"https:\\\/\\\/schema.org\",\"@graph\":[{\"@type\":\"WebPage\",\"@id\":\"https:\\\/\\\/barbersurgeonsguild.com\\\/our-team\\\/dr-justin-rome\\\/\",\"url\":\"https:\\\/\\\/barbersurgeonsguild.com\\\/our-team\\\/dr-justin-rome\\\/\",\"name\":\"Dr. Justin Rome, M.D. - Barber Surgeons Guild\u00ae\",\"isPartOf\":{\"@id\":\"https:\\\/\\\/barbersurgeonsguild.com\\\/#website\"},\"datePublished\":\"2022-02-25T05:00:49+00:00\",\"dateModified\":\"2023-05-01T17:41:03+00:00\",\"description\":\"Dr. Justin E. Rome, M.D., Founder, and CEO of Barber Surgeons Guild\u00ae, is regarded as a leader in the area of robotic hair transplantation.\",\"breadcrumb\":{\"@id\":\"https:\\\/\\\/barbersurgeonsguild.com\\\/our-team\\\/dr-justin-rome\\\/#breadcrumb\"},\"inLanguage\":\"es-MX\",\"potentialAction\":[{\"@type\":\"ReadAction\",\"target\":[\"https:\\\/\\\/barbersurgeonsguild.com\\\/our-team\\\/dr-justin-rome\\\/\"]}]},{\"@type\":\"BreadcrumbList\",\"@id\":\"https:\\\/\\\/barbersurgeonsguild.com\\\/our-team\\\/dr-justin-rome\\\/#breadcrumb\",\"itemListElement\":[{\"@type\":\"ListItem\",\"position\":1,\"name\":\"Home\",\"item\":\"https:\\\/\\\/barbersurgeonsguild.com\\\/\"},{\"@type\":\"ListItem\",\"position\":2,\"name\":\"Our Team\",\"item\":\"https:\\\/\\\/barbersurgeonsguild.com\\\/our-team\\\/\"},{\"@type\":\"ListItem\",\"position\":3,\"name\":\"Dr. Justin Rome, M.D.\"}]},{\"@type\":\"WebSite\",\"@id\":\"https:\\\/\\\/barbersurgeonsguild.com\\\/#website\",\"url\":\"https:\\\/\\\/barbersurgeonsguild.com\\\/\",\"name\":\"Barber Surgeons Guild\u00ae\",\"description\":\"Grooming Redefined | West Hollywood, CA &amp; New York, NY\",\"publisher\":{\"@id\":\"https:\\\/\\\/barbersurgeonsguild.com\\\/#organization\"},\"potentialAction\":[{\"@type\":\"SearchAction\",\"target\":{\"@type\":\"EntryPoint\",\"urlTemplate\":\"https:\\\/\\\/barbersurgeonsguild.com\\\/?s={search_term_string}\"},\"query-input\":{\"@type\":\"PropertyValueSpecification\",\"valueRequired\":true,\"valueName\":\"search_term_string\"}}],\"inLanguage\":\"es-MX\"},{\"@type\":\"Organization\",\"@id\":\"https:\\\/\\\/barbersurgeonsguild.com\\\/#organization\",\"name\":\"Barber Surgeons Guild\u00ae\",\"url\":\"https:\\\/\\\/barbersurgeonsguild.com\\\/\",\"logo\":{\"@type\":\"ImageObject\",\"inLanguage\":\"es-MX\",\"@id\":\"https:\\\/\\\/barbersurgeonsguild.com\\\/#\\\/schema\\\/logo\\\/image\\\/\",\"url\":\"https:\\\/\\\/barbersurgeonsguild.com\\\/wp-content\\\/uploads\\\/2022\\\/07\\\/barbersurgeonsguild-logo@3x.png\",\"contentUrl\":\"https:\\\/\\\/barbersurgeonsguild.com\\\/wp-content\\\/uploads\\\/2022\\\/07\\\/barbersurgeonsguild-logo@3x.png\",\"width\":500,\"height\":300,\"caption\":\"Barber Surgeons Guild\u00ae\"},\"image\":{\"@id\":\"https:\\\/\\\/barbersurgeonsguild.com\\\/#\\\/schema\\\/logo\\\/image\\\/\"}}]}<\/script>\n<!-- \/ Yoast SEO plugin. -->","yoast_head_json":{"title":"Dr. Justin Rome, M.D. - Barber Surgeons Guild\u00ae","description":"Dr. Justin E. Rome, M.D., Founder, and CEO of Barber Surgeons Guild\u00ae, is regarded as a leader in the area of robotic hair transplantation.","robots":{"index":"index","follow":"follow","max-snippet":"max-snippet:-1","max-image-preview":"max-image-preview:large","max-video-preview":"max-video-preview:-1"},"canonical":"https:\/\/barbersurgeonsguild.com\/es\/our-team\/dr-justin-rome\/","og_locale":"es_MX","og_type":"article","og_title":"Dr. Justin Rome, M.D. - Barber Surgeons Guild\u00ae","og_description":"Dr. Justin E. Rome, M.D., Founder, and CEO of Barber Surgeons Guild\u00ae, is regarded as a leader in the area of robotic hair transplantation.","og_url":"https:\/\/barbersurgeonsguild.com\/es\/our-team\/dr-justin-rome\/","og_site_name":"Barber Surgeons Guild\u00ae","article_modified_time":"2023-05-01T17:41:03+00:00","og_image":[{"width":660,"height":400,"url":"https:\/\/barbersurgeonsguild.com\/wp-content\/uploads\/2021\/10\/barbersurgeonsguild-artas-after-strip.jpg","type":"image\/jpeg"}],"twitter_card":"summary_large_image","twitter_misc":{"Tiempo de lectura":"2 minutos"},"schema":{"@context":"https:\/\/schema.org","@graph":[{"@type":"WebPage","@id":"https:\/\/barbersurgeonsguild.com\/our-team\/dr-justin-rome\/","url":"https:\/\/barbersurgeonsguild.com\/our-team\/dr-justin-rome\/","name":"Dr. Justin Rome, M.D. - Barber Surgeons Guild\u00ae","isPartOf":{"@id":"https:\/\/barbersurgeonsguild.com\/#website"},"datePublished":"2022-02-25T05:00:49+00:00","dateModified":"2023-05-01T17:41:03+00:00","description":"Dr. Justin E. Rome, M.D., Founder, and CEO of Barber Surgeons Guild\u00ae, is regarded as a leader in the area of robotic hair transplantation.","breadcrumb":{"@id":"https:\/\/barbersurgeonsguild.com\/our-team\/dr-justin-rome\/#breadcrumb"},"inLanguage":"es-MX","potentialAction":[{"@type":"ReadAction","target":["https:\/\/barbersurgeonsguild.com\/our-team\/dr-justin-rome\/"]}]},{"@type":"BreadcrumbList","@id":"https:\/\/barbersurgeonsguild.com\/our-team\/dr-justin-rome\/#breadcrumb","itemListElement":[{"@type":"ListItem","position":1,"name":"Home","item":"https:\/\/barbersurgeonsguild.com\/"},{"@type":"ListItem","position":2,"name":"Our Team","item":"https:\/\/barbersurgeonsguild.com\/our-team\/"},{"@type":"ListItem","position":3,"name":"Dr. Justin Rome, M.D."}]},{"@type":"WebSite","@id":"https:\/\/barbersurgeonsguild.com\/#website","url":"https:\/\/barbersurgeonsguild.com\/","name":"Barber Surgeons Guild\u00ae","description":"Grooming Redefined | West Hollywood, CA &amp; New York, NY","publisher":{"@id":"https:\/\/barbersurgeonsguild.com\/#organization"},"potentialAction":[{"@type":"SearchAction","target":{"@type":"EntryPoint","urlTemplate":"https:\/\/barbersurgeonsguild.com\/?s={search_term_string}"},"query-input":{"@type":"PropertyValueSpecification","valueRequired":true,"valueName":"search_term_string"}}],"inLanguage":"es-MX"},{"@type":"Organization","@id":"https:\/\/barbersurgeonsguild.com\/#organization","name":"Barber Surgeons Guild\u00ae","url":"https:\/\/barbersurgeonsguild.com\/","logo":{"@type":"ImageObject","inLanguage":"es-MX","@id":"https:\/\/barbersurgeonsguild.com\/#\/schema\/logo\/image\/","url":"https:\/\/barbersurgeonsguild.com\/wp-content\/uploads\/2022\/07\/barbersurgeonsguild-logo@3x.png","contentUrl":"https:\/\/barbersurgeonsguild.com\/wp-content\/uploads\/2022\/07\/barbersurgeonsguild-logo@3x.png","width":500,"height":300,"caption":"Barber Surgeons Guild\u00ae"},"image":{"@id":"https:\/\/barbersurgeonsguild.com\/#\/schema\/logo\/image\/"}}]}},"_links":{"self":[{"href":"https:\/\/barbersurgeonsguild.com\/es\/wp-json\/wp\/v2\/pages\/24222","targetHints":{"allow":["GET"]}}],"collection":[{"href":"https:\/\/barbersurgeonsguild.com\/es\/wp-json\/wp\/v2\/pages"}],"about":[{"href":"https:\/\/barbersurgeonsguild.com\/es\/wp-json\/wp\/v2\/types\/page"}],"author":[{"embeddable":true,"href":"https:\/\/barbersurgeonsguild.com\/es\/wp-json\/wp\/v2\/users\/40"}],"replies":[{"embeddable":true,"href":"https:\/\/barbersurgeonsguild.com\/es\/wp-json\/wp\/v2\/comments?post=24222"}],"version-history":[{"count":0,"href":"https:\/\/barbersurgeonsguild.com\/es\/wp-json\/wp\/v2\/pages\/24222\/revisions"}],"up":[{"embeddable":true,"href":"https:\/\/barbersurgeonsguild.com\/es\/wp-json\/wp\/v2\/pages\/23557"}],"wp:attachment":[{"href":"https:\/\/barbersurgeonsguild.com\/es\/wp-json\/wp\/v2\/media?parent=24222"}],"curies":[{"name":"wp","href":"https:\/\/api.w.org\/{rel}","templated":true}]}}