{"id":24605,"date":"2022-05-03T22:24:45","date_gmt":"2022-05-03T22:24:45","guid":{"rendered":"https:\/\/barbersurgeonsguild.com\/?page_id=24605"},"modified":"2023-04-16T04:59:29","modified_gmt":"2023-04-16T04:59:29","slug":"alexia-donovan","status":"publish","type":"page","link":"https:\/\/barbersurgeonsguild.com\/es\/our-team\/alexia-donovan\/","title":{"rendered":"Alexia Donovan"},"content":{"rendered":"<div class=\"wpb-content-wrapper\"><div     class=\"vc_row wpb_row section vc_row-fluid page-title-f vc_custom_1588730098279\" style=' padding-top:0px; padding-bottom:0px; text-align:left;'><div class=\"full_section_inner clearfix\"><div class=\"wpb_column vc_column_container vc_col-sm-12\"><div class=\"vc_column-inner\"><div class=\"wpb_wrapper\"><div     class=\"vc_row wpb_row vc_inner section vc_row-fluid vc_custom_1588816449055 grid_section\" style='background-color:#ffffff; text-align:left;'><div class=\"section_inner clearfix\"><div class='section_inner_margin clearfix'><div class=\"column-padding wpb_column vc_column_container vc_col-sm-2\/5\"><div class=\"vc_column-inner\"><div class=\"wpb_wrapper\"><div class=\"separator  normal\" style=\"margin-top:10px\"><\/div>\n\n\t<div class=\"wpb_single_image wpb_content_element vc_align_center\">\n\t\t<div class=\"wpb_wrapper\">\n\t\t\t\n\t\t\t<div class=\"vc_single_image-wrapper   vc_box_border_grey\"><img loading=\"lazy\" decoding=\"async\" width=\"600\" height=\"600\" src=\"https:\/\/barbersurgeonsguild.com\/wp-content\/uploads\/2022\/11\/barbersurgeonsguild-team-alexiadonovan.jpg\" class=\"vc_single_image-img attachment-full\" alt=\"Alexia Donovan, Director of Client Services\" title=\"Alexia Donovan, Director of Client Services\" srcset=\"https:\/\/barbersurgeonsguild.com\/wp-content\/uploads\/2022\/11\/barbersurgeonsguild-team-alexiadonovan.jpg 600w, https:\/\/barbersurgeonsguild.com\/wp-content\/uploads\/2022\/11\/barbersurgeonsguild-team-alexiadonovan-300x300.jpg 300w, https:\/\/barbersurgeonsguild.com\/wp-content\/uploads\/2022\/11\/barbersurgeonsguild-team-alexiadonovan-150x150.jpg 150w, https:\/\/barbersurgeonsguild.com\/wp-content\/uploads\/2022\/11\/barbersurgeonsguild-team-alexiadonovan-360x360.jpg 360w, https:\/\/barbersurgeonsguild.com\/wp-content\/uploads\/2022\/11\/barbersurgeonsguild-team-alexiadonovan-250x250.jpg 250w, https:\/\/barbersurgeonsguild.com\/wp-content\/uploads\/2022\/11\/barbersurgeonsguild-team-alexiadonovan-500x500.jpg 500w, https:\/\/barbersurgeonsguild.com\/wp-content\/uploads\/2022\/11\/barbersurgeonsguild-team-alexiadonovan-550x550.jpg 550w\" sizes=\"auto, (max-width: 600px) 100vw, 600px\" \/><\/div>\n\t\t<\/div>\n\t<\/div>\n<div class=\"vc_empty_space  desktop-element\"   style=\"height: 40px\"><span class=\"vc_empty_space_inner\"><\/span><\/div><div class=\"vc_empty_space  mobile-element\"   style=\"height: 25px\"><span class=\"vc_empty_space_inner\"><\/span><\/div><\/div><\/div><\/div><div class=\"wpb_column vc_column_container vc_col-sm-3\/5\"><div class=\"vc_column-inner\"><div class=\"wpb_wrapper\">\n\t<div class=\"wpb_text_column wpb_content_element\">\n\t\t<div class=\"wpb_wrapper\">\n\t\t\t<h1 class=\"page-header\" style=\"text-align: left; font-size: 2.4em;\">Alexia Donovan<\/h1>\n\n\t\t<\/div> \n\t<\/div> <div class=\"separator  normal\" style=\"margin-top:10px\"><\/div>\n\n\t<div class=\"wpb_text_column wpb_content_element\">\n\t\t<div class=\"wpb_wrapper\">\n\t\t\t<p class=\"left-mobile\" style=\"color: #3b3c36; font-style: italic; padding: 0px 1%; font-size: 1.2em; text-align: left;\">Director de Servicios al Cliente<\/p>\n\n\t\t<\/div> \n\t<\/div> <div class=\"separator  normal\" style=\"margin-top:10px\"><\/div>\n\n\t<div class=\"wpb_text_column wpb_content_element\">\n\t\t<div class=\"wpb_wrapper\">\n\t\t\t<p class=\"translation-block\">Como Directora de Servicios al Cliente de Barber Surgeons Guild<sup>\u00ae<\/sup>, Alexia se asegura de que cada paciente y cliente experimente el compromiso de BSG con la excelencia, la \u00e9tica y el estilo con un enfoque de alta tecnolog\u00eda y alto contacto.<\/p>\n<p>&nbsp;<\/p>\n<p>Tras trasladarse de Connecticut al sur de Florida, Alexia estudi\u00f3 Marketing en la Florida Atlantic University. Numerosos puestos de gesti\u00f3n de ventas y formaci\u00f3n en el mundo de la cosm\u00e9tica la condujeron lenta pero inexorablemente a la medicina est\u00e9tica cuando, en 2008, se uni\u00f3 a un grupo de gesti\u00f3n de pr\u00e1cticas incipiente centrado en la restauraci\u00f3n capilar y la cirug\u00eda pl\u00e1stica.<\/p>\n<p>&nbsp;<\/p>\n<p>Desde entonces, Alexia ha construido y hecho crecer numerosas consultas m\u00e9dicas cosm\u00e9ticas multimillonarias desde el sur de Florida hasta Beverly Hills. M\u00e1s notablemente, Alexia estaba a la vanguardia de la restauraci\u00f3n capilar rob\u00f3tica en 2012, llevando con \u00e9xito al mercado uno de los primeros robots de restauraci\u00f3n capilar en todo el mundo.<\/p>\n<p>&nbsp;<\/p>\n<p>Despu\u00e9s de haber trabajado como coordinador de pacientes y consultor de consultas, director de ventas tanto para peque\u00f1as consultas privadas como para grandes locales con varias unidades, y casi todo lo dem\u00e1s, se uni\u00f3 a Barber Surgeons Guild.<sup>\u00ae<\/sup> was a natural next step for Alexia.<\/p>\n<p>&nbsp;<\/p>\n<p>Tras m\u00e1s de una d\u00e9cada inmersa por completo en el sector capilar, la tecnolog\u00eda punta y los avances en cuidados preventivos han mantenido a Alexia comprometida y entusiasmada mientras evoluciona junto a esta industria en constante cambio.<\/p>\n\n\t\t<\/div> \n\t<\/div> <\/div><\/div><\/div><\/div><\/div><\/div><div class=\"vc_empty_space\"   style=\"height: 80px\"><span class=\"vc_empty_space_inner\"><\/span><\/div><\/div><\/div><\/div><\/div><\/div>\n<\/div>","protected":false},"excerpt":{"rendered":"Alexia Donovan Director of Client Services As Barber Surgeons Guild\u00ae\u2019s Director of Client Services, Alexia ensures every patient and client experiences the BSG commitment to excellence, ethics and style with a high tech, high touch approach. &nbsp; Relocating from Connecticut to south Florida, Alexia pursued...","protected":false},"author":2,"featured_media":0,"parent":23557,"menu_order":0,"comment_status":"closed","ping_status":"closed","template":"full_width.php","meta":{"footnotes":""},"class_list":["post-24605","page","type-page","status-publish","hentry"],"yoast_head":"<!-- This site is optimized with the Yoast SEO plugin v27.4 - https:\/\/yoast.com\/product\/yoast-seo-wordpress\/ -->\n<title>Alexia Donovan - Barber Surgeons Guild\u00ae<\/title>\n<meta name=\"description\" content=\"As the Director of Client Services, Alexia ensures every patient and client experiences the BSG commitment to excellence, ethics and style.\" \/>\n<meta name=\"robots\" content=\"index, follow, max-snippet:-1, max-image-preview:large, max-video-preview:-1\" \/>\n<link rel=\"canonical\" href=\"https:\/\/barbersurgeonsguild.com\/es\/our-team\/alexia-donovan\/\" \/>\n<meta property=\"og:locale\" content=\"es_MX\" \/>\n<meta property=\"og:type\" content=\"article\" \/>\n<meta property=\"og:title\" content=\"Alexia Donovan - Barber Surgeons Guild\u00ae\" \/>\n<meta property=\"og:description\" content=\"As the Director of Client Services, Alexia ensures every patient and client experiences the BSG commitment to excellence, ethics and style.\" \/>\n<meta property=\"og:url\" content=\"https:\/\/barbersurgeonsguild.com\/es\/our-team\/alexia-donovan\/\" \/>\n<meta property=\"og:site_name\" content=\"Barber Surgeons Guild\u00ae\" \/>\n<meta property=\"article:modified_time\" content=\"2023-04-16T04:59:29+00:00\" \/>\n<meta property=\"og:image\" content=\"https:\/\/barbersurgeonsguild.com\/wp-content\/uploads\/2021\/10\/barbersurgeonsguild-artas-after-strip.jpg\" \/>\n\t<meta property=\"og:image:width\" content=\"660\" \/>\n\t<meta property=\"og:image:height\" content=\"400\" \/>\n\t<meta property=\"og:image:type\" content=\"image\/jpeg\" \/>\n<meta name=\"twitter:card\" content=\"summary_large_image\" \/>\n<meta name=\"twitter:label1\" content=\"Tiempo de lectura\" \/>\n\t<meta name=\"twitter:data1\" content=\"2 minutos\" \/>\n<script type=\"application\/ld+json\" class=\"yoast-schema-graph\">{\"@context\":\"https:\\\/\\\/schema.org\",\"@graph\":[{\"@type\":\"WebPage\",\"@id\":\"https:\\\/\\\/barbersurgeonsguild.com\\\/our-team\\\/alexia-donovan\\\/\",\"url\":\"https:\\\/\\\/barbersurgeonsguild.com\\\/our-team\\\/alexia-donovan\\\/\",\"name\":\"Alexia Donovan - Barber Surgeons Guild\u00ae\",\"isPartOf\":{\"@id\":\"https:\\\/\\\/barbersurgeonsguild.com\\\/#website\"},\"datePublished\":\"2022-05-03T22:24:45+00:00\",\"dateModified\":\"2023-04-16T04:59:29+00:00\",\"description\":\"As the Director of Client Services, Alexia ensures every patient and client experiences the BSG commitment to excellence, ethics and style.\",\"breadcrumb\":{\"@id\":\"https:\\\/\\\/barbersurgeonsguild.com\\\/our-team\\\/alexia-donovan\\\/#breadcrumb\"},\"inLanguage\":\"es-MX\",\"potentialAction\":[{\"@type\":\"ReadAction\",\"target\":[\"https:\\\/\\\/barbersurgeonsguild.com\\\/our-team\\\/alexia-donovan\\\/\"]}]},{\"@type\":\"BreadcrumbList\",\"@id\":\"https:\\\/\\\/barbersurgeonsguild.com\\\/our-team\\\/alexia-donovan\\\/#breadcrumb\",\"itemListElement\":[{\"@type\":\"ListItem\",\"position\":1,\"name\":\"Home\",\"item\":\"https:\\\/\\\/barbersurgeonsguild.com\\\/\"},{\"@type\":\"ListItem\",\"position\":2,\"name\":\"Our Team\",\"item\":\"https:\\\/\\\/barbersurgeonsguild.com\\\/our-team\\\/\"},{\"@type\":\"ListItem\",\"position\":3,\"name\":\"Alexia Donovan\"}]},{\"@type\":\"WebSite\",\"@id\":\"https:\\\/\\\/barbersurgeonsguild.com\\\/#website\",\"url\":\"https:\\\/\\\/barbersurgeonsguild.com\\\/\",\"name\":\"Barber Surgeons Guild\u00ae\",\"description\":\"Grooming Redefined | West Hollywood, CA &amp; New York, NY\",\"publisher\":{\"@id\":\"https:\\\/\\\/barbersurgeonsguild.com\\\/#organization\"},\"potentialAction\":[{\"@type\":\"SearchAction\",\"target\":{\"@type\":\"EntryPoint\",\"urlTemplate\":\"https:\\\/\\\/barbersurgeonsguild.com\\\/?s={search_term_string}\"},\"query-input\":{\"@type\":\"PropertyValueSpecification\",\"valueRequired\":true,\"valueName\":\"search_term_string\"}}],\"inLanguage\":\"es-MX\"},{\"@type\":\"Organization\",\"@id\":\"https:\\\/\\\/barbersurgeonsguild.com\\\/#organization\",\"name\":\"Barber Surgeons Guild\u00ae\",\"url\":\"https:\\\/\\\/barbersurgeonsguild.com\\\/\",\"logo\":{\"@type\":\"ImageObject\",\"inLanguage\":\"es-MX\",\"@id\":\"https:\\\/\\\/barbersurgeonsguild.com\\\/#\\\/schema\\\/logo\\\/image\\\/\",\"url\":\"https:\\\/\\\/barbersurgeonsguild.com\\\/wp-content\\\/uploads\\\/2022\\\/07\\\/barbersurgeonsguild-logo@3x.png\",\"contentUrl\":\"https:\\\/\\\/barbersurgeonsguild.com\\\/wp-content\\\/uploads\\\/2022\\\/07\\\/barbersurgeonsguild-logo@3x.png\",\"width\":500,\"height\":300,\"caption\":\"Barber Surgeons Guild\u00ae\"},\"image\":{\"@id\":\"https:\\\/\\\/barbersurgeonsguild.com\\\/#\\\/schema\\\/logo\\\/image\\\/\"}}]}<\/script>\n<!-- \/ Yoast SEO plugin. -->","yoast_head_json":{"title":"Alexia Donovan - Barber Surgeons Guild\u00ae","description":"As the Director of Client Services, Alexia ensures every patient and client experiences the BSG commitment to excellence, ethics and style.","robots":{"index":"index","follow":"follow","max-snippet":"max-snippet:-1","max-image-preview":"max-image-preview:large","max-video-preview":"max-video-preview:-1"},"canonical":"https:\/\/barbersurgeonsguild.com\/es\/our-team\/alexia-donovan\/","og_locale":"es_MX","og_type":"article","og_title":"Alexia Donovan - Barber Surgeons Guild\u00ae","og_description":"As the Director of Client Services, Alexia ensures every patient and client experiences the BSG commitment to excellence, ethics and style.","og_url":"https:\/\/barbersurgeonsguild.com\/es\/our-team\/alexia-donovan\/","og_site_name":"Barber Surgeons Guild\u00ae","article_modified_time":"2023-04-16T04:59:29+00:00","og_image":[{"width":660,"height":400,"url":"https:\/\/barbersurgeonsguild.com\/wp-content\/uploads\/2021\/10\/barbersurgeonsguild-artas-after-strip.jpg","type":"image\/jpeg"}],"twitter_card":"summary_large_image","twitter_misc":{"Tiempo de lectura":"2 minutos"},"schema":{"@context":"https:\/\/schema.org","@graph":[{"@type":"WebPage","@id":"https:\/\/barbersurgeonsguild.com\/our-team\/alexia-donovan\/","url":"https:\/\/barbersurgeonsguild.com\/our-team\/alexia-donovan\/","name":"Alexia Donovan - Barber Surgeons Guild\u00ae","isPartOf":{"@id":"https:\/\/barbersurgeonsguild.com\/#website"},"datePublished":"2022-05-03T22:24:45+00:00","dateModified":"2023-04-16T04:59:29+00:00","description":"As the Director of Client Services, Alexia ensures every patient and client experiences the BSG commitment to excellence, ethics and style.","breadcrumb":{"@id":"https:\/\/barbersurgeonsguild.com\/our-team\/alexia-donovan\/#breadcrumb"},"inLanguage":"es-MX","potentialAction":[{"@type":"ReadAction","target":["https:\/\/barbersurgeonsguild.com\/our-team\/alexia-donovan\/"]}]},{"@type":"BreadcrumbList","@id":"https:\/\/barbersurgeonsguild.com\/our-team\/alexia-donovan\/#breadcrumb","itemListElement":[{"@type":"ListItem","position":1,"name":"Home","item":"https:\/\/barbersurgeonsguild.com\/"},{"@type":"ListItem","position":2,"name":"Our Team","item":"https:\/\/barbersurgeonsguild.com\/our-team\/"},{"@type":"ListItem","position":3,"name":"Alexia Donovan"}]},{"@type":"WebSite","@id":"https:\/\/barbersurgeonsguild.com\/#website","url":"https:\/\/barbersurgeonsguild.com\/","name":"Barber Surgeons Guild\u00ae","description":"Grooming Redefined | West Hollywood, CA &amp; New York, NY","publisher":{"@id":"https:\/\/barbersurgeonsguild.com\/#organization"},"potentialAction":[{"@type":"SearchAction","target":{"@type":"EntryPoint","urlTemplate":"https:\/\/barbersurgeonsguild.com\/?s={search_term_string}"},"query-input":{"@type":"PropertyValueSpecification","valueRequired":true,"valueName":"search_term_string"}}],"inLanguage":"es-MX"},{"@type":"Organization","@id":"https:\/\/barbersurgeonsguild.com\/#organization","name":"Barber Surgeons Guild\u00ae","url":"https:\/\/barbersurgeonsguild.com\/","logo":{"@type":"ImageObject","inLanguage":"es-MX","@id":"https:\/\/barbersurgeonsguild.com\/#\/schema\/logo\/image\/","url":"https:\/\/barbersurgeonsguild.com\/wp-content\/uploads\/2022\/07\/barbersurgeonsguild-logo@3x.png","contentUrl":"https:\/\/barbersurgeonsguild.com\/wp-content\/uploads\/2022\/07\/barbersurgeonsguild-logo@3x.png","width":500,"height":300,"caption":"Barber Surgeons Guild\u00ae"},"image":{"@id":"https:\/\/barbersurgeonsguild.com\/#\/schema\/logo\/image\/"}}]}},"_links":{"self":[{"href":"https:\/\/barbersurgeonsguild.com\/es\/wp-json\/wp\/v2\/pages\/24605","targetHints":{"allow":["GET"]}}],"collection":[{"href":"https:\/\/barbersurgeonsguild.com\/es\/wp-json\/wp\/v2\/pages"}],"about":[{"href":"https:\/\/barbersurgeonsguild.com\/es\/wp-json\/wp\/v2\/types\/page"}],"author":[{"embeddable":true,"href":"https:\/\/barbersurgeonsguild.com\/es\/wp-json\/wp\/v2\/users\/2"}],"replies":[{"embeddable":true,"href":"https:\/\/barbersurgeonsguild.com\/es\/wp-json\/wp\/v2\/comments?post=24605"}],"version-history":[{"count":0,"href":"https:\/\/barbersurgeonsguild.com\/es\/wp-json\/wp\/v2\/pages\/24605\/revisions"}],"up":[{"embeddable":true,"href":"https:\/\/barbersurgeonsguild.com\/es\/wp-json\/wp\/v2\/pages\/23557"}],"wp:attachment":[{"href":"https:\/\/barbersurgeonsguild.com\/es\/wp-json\/wp\/v2\/media?parent=24605"}],"curies":[{"name":"wp","href":"https:\/\/api.w.org\/{rel}","templated":true}]}}